{"id":148,"date":"2018-10-14T17:24:39","date_gmt":"2018-10-14T17:24:39","guid":{"rendered":"http:\/\/www.dursmlodzi.org.pl\/?page_id=148"},"modified":"2018-11-19T21:44:46","modified_gmt":"2018-11-19T21:44:46","slug":"nowoczesny-slask","status":"publish","type":"page","link":"https:\/\/www.dursmlodzi.org.pl\/?page_id=148","title":{"rendered":"Nowoczesny \u015al\u0105sk"},"content":{"rendered":"<h1 class=\"headInModule\" style=\"text-align: left;\"><span style=\"color: #000000;\">Nowoczesny \u015al\u0105sk<\/span><\/h1>\n<div class=\"bg_subtitle\">\n<p class=\"subheadInModule\" style=\"text-align: left;\"><em><span style=\"color: #000000;\">Zapraszamy do zapoznania si\u0119 z tym jaki powinien by\u0107 Nowoczesny \u015al\u0105sk\u2026<\/span><\/em><\/p>\n<p style=\"text-align: center;\">\n<\/div>\n<div class=\"module_content\">\n<p><span style=\"color: #000000;\">Na \u015al\u0105skiej ziemi \u017cyli w jedno\u015bci, we wzajemnej \u017cyczliwo\u015bci i poszanowaniu r\u00f3\u017cnorodno\u015bci \u015al\u0105zacy, Niemcy, Polacy, Morawianie, Czesi, Austriacy i \u017bydzi. Nawi\u0105zuj\u0105c do tej tradycji, w poczuciu odpowiedzialno\u015bci wobec \u015al\u0105ska i jego mieszka\u0144c\u00f3w, w d\u0105\u017ceniu do odnowienia Regionu \u015aL\u0104SK przez wzmocnienie wolno\u015bci, to\u017csamo\u015bci, demokracji i samorz\u0105dno\u015bci obywatelskiej, w duchu solidarno\u015bci i otwarto\u015bci wobec \u015bwiata, zdecydowani \u017cy\u0107 w jedno\u015bci, we wzajemnej \u017cyczliwo\u015bci i poszanowaniu r\u00f3\u017cnorodno\u015bci, \u015bwiadomi wsp\u00f3lnych osi\u0105gni\u0119\u0107 i odpowiedzialno\u015bci wobec przysz\u0142ych pokole\u0144, pewni, \u017ce wolny jest tylko ten, kto korzysta ze swej wolno\u015bci i \u017ce si\u0142\u0119 spo\u0142ecze\u0144stwa, mierzy si\u0119 dobrem s\u0142abych.<\/span><\/p>\n<p><span style=\"color: #000000;\">Zapoznaj si\u0119 z nasz\u0105 wizj\u0105 nowoczesnego \u015al\u0105ska.<\/span><\/p>\n<p>&nbsp;<\/p>\n<div class=\"shortcode_iconbox type1\">\n<div class=\"iconbox_wrapper\">\n<div class=\"iconbox_ico\"><\/div>\n<div class=\"iconbox_h\">\n<h4 class=\"iconbox_title\"><span style=\"font-size: 18pt;\"><strong><span style=\"color: #000000;\"><a style=\"color: #000000;\" href=\"http:\/\/www.dursmlodzi.org.pl\/?page_id=152\">Regionalizm<\/a><\/span><\/strong><\/span><\/h4>\n<\/div>\n<div class=\"iconbox_desc\">\n<p><span style=\"color: #000000;\">Dziecictwo kulturowe, decentralizacja i demokratyzacja\u2026<\/span><\/p>\n<\/div>\n<\/div>\n<\/div>\n<p>&nbsp;<\/p>\n<div class=\"shortcode_iconbox type1\">\n<div class=\"iconbox_wrapper\">\n<div class=\"iconbox_ico\"><span style=\"font-size: 18pt;\"><strong><span style=\"color: #000000;\"><a style=\"color: #000000;\" href=\"http:\/\/www.dursmlodzi.org.pl\/?page_id=154\"><span style=\"letter-spacing: 0.0625rem;\">Edukacja<\/span><\/a><\/span><\/strong><\/span><\/div>\n<div class=\"iconbox_desc\">\n<p><span style=\"color: #000000;\">Godka \u015al\u0105sko w szkole, nauka historii regionalnej\u2026<\/span><\/p>\n<\/div>\n<\/div>\n<\/div>\n<p>&nbsp;<\/p>\n<div class=\"shortcode_iconbox type1\">\n<div class=\"iconbox_wrapper\">\n<div class=\"iconbox_ico\"><span style=\"font-size: 18pt;\"><strong><span style=\"color: #000000;\"><a style=\"color: #000000;\" href=\"http:\/\/www.dursmlodzi.org.pl\/?page_id=156\"><span style=\"letter-spacing: 0.0625rem;\">M\u0142odzi<\/span><\/a><\/span><\/strong><\/span><\/div>\n<div class=\"iconbox_desc\">\n<p><span style=\"color: #000000;\">Reprezentowanie interes\u00f3w m\u0142odego pokolenia na \u015al\u0105sku i w Polsce\u2026<\/span><\/p>\n<\/div>\n<\/div>\n<\/div>\n<p>&nbsp;<\/p>\n<div class=\"shortcode_iconbox type1\">\n<div class=\"iconbox_wrapper\">\n<div class=\"iconbox_ico\"><strong><span style=\"color: #000000; font-size: 18pt;\"><a style=\"color: #000000;\" href=\"http:\/\/www.dursmlodzi.org.pl\/?page_id=158\"><span style=\"letter-spacing: 0.0625rem;\">Bezrobocie<\/span><\/a><\/span><\/strong><\/div>\n<div class=\"iconbox_desc\">\n<p><span style=\"color: #000000;\">B\u0119dziemy zabiega\u0107 o stworzenie d\u0142ugoterminowych plan\u00f3w\u2026<\/span><\/p>\n<p>&nbsp;<\/p>\n<\/div>\n<\/div>\n<\/div>\n<div class=\"shortcode_iconbox type1\">\n<div class=\"iconbox_wrapper\">\n<div class=\"iconbox_ico\"><span style=\"font-size: 18pt;\"><strong><span style=\"color: #000000;\"><a style=\"color: #000000;\" href=\"http:\/\/www.dursmlodzi.org.pl\/?page_id=160\"><span style=\"letter-spacing: 0.0625rem;\">Niska emisja<\/span><\/a><\/span><\/strong><\/span><\/div>\n<div class=\"iconbox_desc\">\n<p><span style=\"color: #000000;\">Poznaj nasz program likwidacji niskiej emisji\u2026<\/span><\/p>\n<\/div>\n<\/div>\n<\/div>\n<\/div>\n","protected":false},"excerpt":{"rendered":"<p>Nowoczesny \u015al\u0105sk Zapraszamy do zapoznania si\u0119 z tym jaki powinien by\u0107 Nowoczesny \u015al\u0105sk\u2026 Na \u015al\u0105skiej ziemi \u017cyli w jedno\u015bci, we wzajemnej \u017cyczliwo\u015bci i poszanowaniu r\u00f3\u017cnorodno\u015bci \u015al\u0105zacy, Niemcy, Polacy, Morawianie, Czesi, Austriacy i \u017bydzi. Nawi\u0105zuj\u0105c do tej tradycji, w poczuciu odpowiedzialno\u015bci wobec \u015al\u0105ska i jego mieszka\u0144c\u00f3w, w d\u0105\u017ceniu do odnowienia Regionu \u015aL\u0104SK przez wzmocnienie wolno\u015bci, to\u017csamo\u015bci,&hellip; <br \/> <a class=\"read-more\" href=\"https:\/\/www.dursmlodzi.org.pl\/?page_id=148\">Dowiedz si\u0119 wi\u0119cej<\/a><\/p>\n","protected":false},"author":1,"featured_media":0,"parent":0,"menu_order":0,"comment_status":"closed","ping_status":"closed","template":"page-templates\/homepage.php","meta":{"footnotes":""},"class_list":["post-148","page","type-page","status-publish","hentry"],"_links":{"self":[{"href":"https:\/\/www.dursmlodzi.org.pl\/index.php?rest_route=\/wp\/v2\/pages\/148","targetHints":{"allow":["GET"]}}],"collection":[{"href":"https:\/\/www.dursmlodzi.org.pl\/index.php?rest_route=\/wp\/v2\/pages"}],"about":[{"href":"https:\/\/www.dursmlodzi.org.pl\/index.php?rest_route=\/wp\/v2\/types\/page"}],"author":[{"embeddable":true,"href":"https:\/\/www.dursmlodzi.org.pl\/index.php?rest_route=\/wp\/v2\/users\/1"}],"replies":[{"embeddable":true,"href":"https:\/\/www.dursmlodzi.org.pl\/index.php?rest_route=%2Fwp%2Fv2%2Fcomments&post=148"}],"version-history":[{"count":9,"href":"https:\/\/www.dursmlodzi.org.pl\/index.php?rest_route=\/wp\/v2\/pages\/148\/revisions"}],"predecessor-version":[{"id":623,"href":"https:\/\/www.dursmlodzi.org.pl\/index.php?rest_route=\/wp\/v2\/pages\/148\/revisions\/623"}],"wp:attachment":[{"href":"https:\/\/www.dursmlodzi.org.pl\/index.php?rest_route=%2Fwp%2Fv2%2Fmedia&parent=148"}],"curies":[{"name":"wp","href":"https:\/\/api.w.org\/{rel}","templated":true}]}}