{"id":152,"date":"2018-10-14T17:25:49","date_gmt":"2018-10-14T17:25:49","guid":{"rendered":"http:\/\/www.dursmlodzi.org.pl\/?page_id=152"},"modified":"2018-11-16T10:08:19","modified_gmt":"2018-11-16T10:08:19","slug":"regionalisci-durs","status":"publish","type":"page","link":"https:\/\/www.dursmlodzi.org.pl\/?page_id=152","title":{"rendered":"Regionali\u015bci DUR\u015a"},"content":{"rendered":"<div class=\"bg_subtitle\">\n<h1 style=\"text-align: center;\">Regionali\u015bci DUR\u015a<\/h1>\n<p>&nbsp;<\/p>\n<p class=\"subheadInModule\" style=\"text-align: center;\"><span style=\"color: #000000;\"><b>Dziedzictwo<\/b><strong>\u00a0kulturowe, decentralizacja i demokratyzacja\u2026<\/strong><\/span><\/p>\n<p>&nbsp;<\/p>\n<\/div>\n<div class=\"module_content\">\n<p><span style=\"color: #000000;\">Na \u015al\u0105skiej ziemi \u017cyli w jedno\u015bci, we wzajemnej \u017cyczliwo\u015bci i poszanowaniu r\u00f3\u017cnorodno\u015bci \u015al\u0105zacy, Niemcy, Polacy, Morawianie, Czesi, Austriacy i \u017bydzi. Nawi\u0105zuj\u0105c do tej tradycji, w poczuciu odpowiedzialno\u015bci wobec \u015al\u0105ska i jego mieszka\u0144c\u00f3w, w d\u0105\u017ceniu do odnowienia Regionu \u015aL\u0104SK przez wzmocnienie wolno\u015bci, to\u017csamo\u015bci, demokracji i samorz\u0105dno\u015bci obywatelskiej, w duchu solidarno\u015bci i otwarto\u015bci wobec \u015bwiata, zdecydowani \u017cy\u0107 w jedno\u015bci, we wzajemnej \u017cyczliwo\u015bci i poszanowaniu r\u00f3\u017cnorodno\u015bci, \u015bwiadomi wsp\u00f3lnych osi\u0105gni\u0119\u0107 i odpowiedzialno\u015bci wobec przysz\u0142ych pokole\u0144, pewni, \u017ce wolny jest tylko ten, kto korzysta ze swej wolno\u015bci i \u017ce si\u0142\u0119 spo\u0142ecze\u0144stwa, mierzy si\u0119 dobrem s\u0142abych.<\/span><\/p>\n<p><span style=\"color: #000000;\"><strong>Dziedzictwo kulturowe.\u00a0<\/strong><\/span><\/p>\n<p><span style=\"color: #000000;\">Kultura \u015bl\u0105ska to dziedzictwo wszystkich mieszka\u0144c\u00f3w historycznego \u015al\u0105ska, kultura tworzy\u0142a si\u0119 przez stulecia i przez wiele pokole\u0144. Dlatego wymaga ona ochrony prawnej, musimy j\u0105 zachowa\u0107 dla przysz\u0142ych pokole\u0144.<\/span><\/p>\n<p><span style=\"color: #000000;\">W tym celu b\u0119dziemy zabiega\u0107 o szczeg\u00f3ln\u0105 pozycje j\u0119zyka \u015bl\u0105skiego i kultury \u015bl\u0105skiej jako elementu integruj\u0105cego wszystkich mieszka\u0144c\u00f3w historycznego \u015al\u0105ska. Nasze dzia\u0142ania b\u0119d\u0105 skierowane w celu uznania j\u0119zyka \u015bl\u0105skiego oraz praca na rzecz zwi\u0119kszenia jego pozycji na terenie ca\u0142ego \u015al\u0105ska.<\/span><\/p>\n<p><span style=\"color: #000000;\"><strong>Decentralizacja i demokratyzacja.<\/strong><\/span><\/p>\n<p><span style=\"color: #000000;\">Demokratyzacja i decentralizacja to dwa procesy ze sob\u0105 \u015bci\u015ble powi\u0105zane. W naszym przekonaniu pa\u0144stwo zdecentralizowane lepiej funkcjonuje i jest w stanie w szybszy spos\u00f3b reagowa\u0107 na problemy tak spo\u0142eczne jak i ekonomiczne. Zwi\u0119ksza zaufanie spo\u0142ecze\u0144stwa, przejrzysto\u015b\u0107 finans\u00f3w publicznych i wp\u0142yw obywatela na najbli\u017csze otoczenie.<\/span><\/p>\n<p><span style=\"color: #000000;\">Popieramy tak powoln\u0105 decentralizacj\u0105 i przekazywaniem kompetencji regionom i wsp\u00f3lnotom lokalnym jak i autodeterminacj\u0119 w taki spos\u00f3b, aby ka\u017cda spo\u0142eczno\u015b\u0107 zamieszkuj\u0105ca Polsk\u0119 mog\u0142a w swobodny spos\u00f3b zdecydowa\u0107 o stopniu zdecentralizowania i ilo\u015bci kompetencji w regonie w kt\u00f3rym \u017cyj\u0105. Nie proponujemy autonomii mimo, \u017ce j\u0105 popieramy tak jak ka\u017cdy inny stopie\u0144 decentralizacji, bo naszym zdaniem to sami mieszka\u0144cy \u015al\u0105ska i innych historycznych region\u00f3w powinni zdecydowa\u0107 o stopniu decentralizacji jaki chc\u0105 i tym czy b\u0119dzie to pa\u0144stwo scentralizowane, pa\u0144stwo region\u00f3w czy Federacja.<\/span><\/p>\n<p><span style=\"color: #000000;\">Nasze dzia\u0142ania b\u0119d\u0105 zwi\u0105zane z kwestiami decentralizacji oraz zabieganiem o przekazywanie kompetencji (np. z zakresu s\u0142u\u017cby zdrowia) i \u015brodk\u00f3w ekonomicznych na ni\u017csze szczeble struktury pa\u0144stwa jak regiony. Tak, aby finansowanie Pa\u0144stwa,\u00a0wsp\u00f3lnot regionalnych i lokalnych nie by\u0142o tylko przejrzyste, ale, aby sam obywatel mia\u0142 wi\u0119kszy wp\u0142yw na \u015brodki wydawane w jego imieniu.<\/span><\/p>\n<\/div>\n","protected":false},"excerpt":{"rendered":"<p>Regionali\u015bci DUR\u015a &nbsp; Dziedzictwo\u00a0kulturowe, decentralizacja i demokratyzacja\u2026 &nbsp; Na \u015al\u0105skiej ziemi \u017cyli w jedno\u015bci, we wzajemnej \u017cyczliwo\u015bci i poszanowaniu r\u00f3\u017cnorodno\u015bci \u015al\u0105zacy, Niemcy, Polacy, Morawianie, Czesi, Austriacy i \u017bydzi. Nawi\u0105zuj\u0105c do tej tradycji, w poczuciu odpowiedzialno\u015bci wobec \u015al\u0105ska i jego mieszka\u0144c\u00f3w, w d\u0105\u017ceniu do odnowienia Regionu \u015aL\u0104SK przez wzmocnienie wolno\u015bci, to\u017csamo\u015bci, demokracji i samorz\u0105dno\u015bci obywatelskiej, w&hellip; <br \/> <a class=\"read-more\" href=\"https:\/\/www.dursmlodzi.org.pl\/?page_id=152\">Dowiedz si\u0119 wi\u0119cej<\/a><\/p>\n","protected":false},"author":1,"featured_media":0,"parent":0,"menu_order":0,"comment_status":"closed","ping_status":"closed","template":"page-templates\/homepage.php","meta":{"footnotes":""},"class_list":["post-152","page","type-page","status-publish","hentry"],"_links":{"self":[{"href":"https:\/\/www.dursmlodzi.org.pl\/index.php?rest_route=\/wp\/v2\/pages\/152","targetHints":{"allow":["GET"]}}],"collection":[{"href":"https:\/\/www.dursmlodzi.org.pl\/index.php?rest_route=\/wp\/v2\/pages"}],"about":[{"href":"https:\/\/www.dursmlodzi.org.pl\/index.php?rest_route=\/wp\/v2\/types\/page"}],"author":[{"embeddable":true,"href":"https:\/\/www.dursmlodzi.org.pl\/index.php?rest_route=\/wp\/v2\/users\/1"}],"replies":[{"embeddable":true,"href":"https:\/\/www.dursmlodzi.org.pl\/index.php?rest_route=%2Fwp%2Fv2%2Fcomments&post=152"}],"version-history":[{"count":4,"href":"https:\/\/www.dursmlodzi.org.pl\/index.php?rest_route=\/wp\/v2\/pages\/152\/revisions"}],"predecessor-version":[{"id":390,"href":"https:\/\/www.dursmlodzi.org.pl\/index.php?rest_route=\/wp\/v2\/pages\/152\/revisions\/390"}],"wp:attachment":[{"href":"https:\/\/www.dursmlodzi.org.pl\/index.php?rest_route=%2Fwp%2Fv2%2Fmedia&parent=152"}],"curies":[{"name":"wp","href":"https:\/\/api.w.org\/{rel}","templated":true}]}}