{"id":156,"date":"2018-10-14T17:28:05","date_gmt":"2018-10-14T17:28:05","guid":{"rendered":"http:\/\/www.dursmlodzi.org.pl\/?page_id=156"},"modified":"2018-11-16T10:10:47","modified_gmt":"2018-11-16T10:10:47","slug":"mlodzi","status":"publish","type":"page","link":"https:\/\/www.dursmlodzi.org.pl\/?page_id=156","title":{"rendered":"M\u0142odzi"},"content":{"rendered":"<h1 class=\"bg_subtitle\">M\u0142odzi<\/h1>\n<div class=\"bg_subtitle\">\n<p>&nbsp;<\/p>\n<p class=\"subheadInModule\" style=\"text-align: center;\"><span style=\"color: #000000;\"><strong>Reprezentowanie interes\u00f3w m\u0142odego pokolenia na \u015al\u0105sku i w Polsce\u2026<\/strong><\/span><\/p>\n<\/div>\n<div class=\"module_content\">\n<p>&nbsp;<\/p>\n<p><span style=\"color: #000000;\">Nasza organizacja zosta\u0142a powo\u0142ana g\u0142\u00f3wnie po to, by wspiera\u0107 rozw\u00f3j m\u0142odych mieszka\u0144c\u00f3w \u015al\u0105ska. Nasz program w tym zakresie sk\u0142ada si\u0119 na nast\u0119puj\u0105ce zagadnienia: obywatelskie spo\u0142ecze\u0144stwo m\u0142odzie\u017cowe, wspieranie m\u0142odych talent\u00f3w oraz reprezentowanie interes\u00f3w m\u0142odzie\u017cy na \u015al\u0105sku.<\/span><\/p>\n<ol>\n<li><span style=\"color: #000000;\"><strong>Obywatelskie spo\u0142ecze\u0144stwo m\u0142odzie\u017cowe.<\/strong><\/span><br \/>\n<span style=\"color: #000000;\">Ten punkt nierozerwalnie powi\u0105zany jest z naszym programem edukacji. Naszym celem jest promowanie postawy pro obywatelskiej &#8211; takiej dzi\u0119ki kt\u00f3rej m\u0142ody cz\u0142owiek bez problemu odnajdzie si\u0119 w spo\u0142ecze\u0144stwie. Chcemy, by m\u0142ody cz\u0142owiek, ko\u0144cz\u0105c swoj\u0105 podstawow\u0105 edukacj\u0119, m\u00f3g\u0142 pozna\u0107 obecny system polityczny pa\u0144stwa, prawa kt\u00f3re mu przys\u0142uguj\u0105, mie\u0107 pe\u0142n\u0105 \u015bwiadomo\u015b\u0107 przy wyborze dalszej drogi edukacji, oraz pozna\u0107 realne zyski ze wsp\u00f3lnego oddolnego dzia\u0142ania na rzecz regionu i tzw. &#8222;w\u0142asnego podw\u00f3rka&#8221;. Nie chcemy bowiem, by jedynym wyborem \u017cyciowym m\u0142odych mieszka\u0144c\u00f3w \u015al\u0105ska, by\u0142a masowa emigracja ekonomiczna do kraj\u00f3w i region\u00f3w bardziej zamo\u017cnych.<\/span><\/li>\n<li><span style=\"color: #000000;\"><strong>Wspieranie m\u0142odych talent\u00f3w.<\/strong><\/span><br \/>\n<span style=\"color: #000000;\">Odpowiednie poznanie w\u0142asnych zdolno\u015bci i talent\u00f3w oraz zapewnienie ci\u0105g\u0142ego rozwoju intelektualnego, jest gwarantem powstania \u015bwiadomego, odpowiedzialnego i przedsi\u0119biorczego spo\u0142ecze\u0144stwa. D\u0105\u017cymy do tego, by m\u0142ody cz\u0142owiek w zgodzie z w\u0142asnymi przekonaniami m\u00f3g\u0142 wybra\u0107 dalsza drog\u0119 kariery, uwarunkowan\u0105 posiadanymi zdolno\u015bciami. W tym celu nasza organizacja zamierza skupi\u0107 si\u0119 na promowaniu m\u0142odzie\u017cowych artyst\u00f3w z zakresu szeroko poj\u0119tej sztuki (mecenat), a tak\u017ce wspieraniu osi\u0105gni\u0119\u0107 naukowych i technicznych. Wierzymy bowiem, \u017ce dzi\u0119ki zapewnionemu wsparciu m\u0142odzi ludzie b\u0119d\u0105 mogli zaj\u015b\u0107 dalej w \u017cyciu doros\u0142ym.<\/span><\/li>\n<li><span style=\"color: #000000;\"><strong>Reprezentowanie interes\u00f3w m\u0142odzie\u017cy na \u015al\u0105sku.<\/strong><\/span><br \/>\n<span style=\"color: #000000;\">Najwa\u017cniejszym punktem naszego programu wzgl\u0119dem m\u0142odzie\u017cy, jest reprezentowanie interes\u00f3w m\u0142odego pokolenia na \u015al\u0105sku i w Polsce. Uwa\u017camy, \u017ce w chwili obecnej na istnieje realna si\u0142a polityczna, kt\u00f3ra w pe\u0142ni zajmowa\u0142aby si\u0119 problemami m\u0142odych ludzi wraz z najistotniejszymi punktami takimi jak: emigracja zarobkowa, mieszkania dla m\u0142odych ludzi czy bezrobocie. Chcemy, by m\u0142odzi ludzie na \u015al\u0105sku mogli mie\u0107 zapewnione godne warunki do \u017cycia, nie stawiaj\u0105ce ich w roli &#8222;\u017cyciowego przegranego&#8221; ju\u017c na starcie.<\/span><\/li>\n<\/ol>\n<\/div>\n","protected":false},"excerpt":{"rendered":"<p>M\u0142odzi &nbsp; Reprezentowanie interes\u00f3w m\u0142odego pokolenia na \u015al\u0105sku i w Polsce\u2026 &nbsp; Nasza organizacja zosta\u0142a powo\u0142ana g\u0142\u00f3wnie po to, by wspiera\u0107 rozw\u00f3j m\u0142odych mieszka\u0144c\u00f3w \u015al\u0105ska. Nasz program w tym zakresie sk\u0142ada si\u0119 na nast\u0119puj\u0105ce zagadnienia: obywatelskie spo\u0142ecze\u0144stwo m\u0142odzie\u017cowe, wspieranie m\u0142odych talent\u00f3w oraz reprezentowanie interes\u00f3w m\u0142odzie\u017cy na \u015al\u0105sku. Obywatelskie spo\u0142ecze\u0144stwo m\u0142odzie\u017cowe. Ten punkt nierozerwalnie powi\u0105zany jest&hellip; <br \/> <a class=\"read-more\" href=\"https:\/\/www.dursmlodzi.org.pl\/?page_id=156\">Dowiedz si\u0119 wi\u0119cej<\/a><\/p>\n","protected":false},"author":1,"featured_media":0,"parent":0,"menu_order":0,"comment_status":"closed","ping_status":"closed","template":"page-templates\/homepage.php","meta":{"footnotes":""},"class_list":["post-156","page","type-page","status-publish","hentry"],"_links":{"self":[{"href":"https:\/\/www.dursmlodzi.org.pl\/index.php?rest_route=\/wp\/v2\/pages\/156","targetHints":{"allow":["GET"]}}],"collection":[{"href":"https:\/\/www.dursmlodzi.org.pl\/index.php?rest_route=\/wp\/v2\/pages"}],"about":[{"href":"https:\/\/www.dursmlodzi.org.pl\/index.php?rest_route=\/wp\/v2\/types\/page"}],"author":[{"embeddable":true,"href":"https:\/\/www.dursmlodzi.org.pl\/index.php?rest_route=\/wp\/v2\/users\/1"}],"replies":[{"embeddable":true,"href":"https:\/\/www.dursmlodzi.org.pl\/index.php?rest_route=%2Fwp%2Fv2%2Fcomments&post=156"}],"version-history":[{"count":3,"href":"https:\/\/www.dursmlodzi.org.pl\/index.php?rest_route=\/wp\/v2\/pages\/156\/revisions"}],"predecessor-version":[{"id":394,"href":"https:\/\/www.dursmlodzi.org.pl\/index.php?rest_route=\/wp\/v2\/pages\/156\/revisions\/394"}],"wp:attachment":[{"href":"https:\/\/www.dursmlodzi.org.pl\/index.php?rest_route=%2Fwp%2Fv2%2Fmedia&parent=156"}],"curies":[{"name":"wp","href":"https:\/\/api.w.org\/{rel}","templated":true}]}}