{"id":158,"date":"2018-10-14T17:28:54","date_gmt":"2018-10-14T17:28:54","guid":{"rendered":"http:\/\/www.dursmlodzi.org.pl\/?page_id=158"},"modified":"2018-11-16T10:13:46","modified_gmt":"2018-11-16T10:13:46","slug":"bezrobocie","status":"publish","type":"page","link":"https:\/\/www.dursmlodzi.org.pl\/?page_id=158","title":{"rendered":"Bezrobocie"},"content":{"rendered":"<h1 class=\"bg_subtitle\">Bezrobocie<\/h1>\n<div><\/div>\n<div><\/div>\n<div class=\"bg_subtitle\" style=\"text-align: center;\">\n<p><strong style=\"color: #000000; text-align: center;\">B\u0119dziemy zabiega\u0107 o stworzenie d\u0142ugoterminowych plan\u00f3w\u2026<\/strong><\/p>\n<p>&nbsp;<\/p>\n<\/div>\n<div class=\"module_content\">\n<p dir=\"ltr\"><span style=\"color: #000000;\">Bezrobocie strukturalne i d\u0142ugoterminowe to jeden z najwa\u017cniejszych problem\u00f3w spo\u0142eczno-ekonomicznych rodzin i spo\u0142eczno\u015bci zw\u0142aszcza na G\u00f3rnym \u015al\u0105sku. Bezrobocie strukturalne cz\u0119sto prowadzi do marginalizacji ca\u0142ych rodzin i dzielnic. Z dzielnic ub\u00f3stwa jest praktycznie nie mo\u017cliwe wyj\u015bcie. Powstaje mi\u0119dzy innymi w wyniku restrukturyzacji dziedzin gospodarki jak g\u00f3rnictwo i hutnictwo, jest najgorszym rodzajem bezrobocia bo wymaga m\u0105drego programu spo\u0142ecznego.<\/span><\/p>\n<p dir=\"ltr\"><span style=\"color: #000000;\">Dlatego b\u0119dziemy postulowa\u0107, aby w\u0142adze wojew\u00f3dzkie zaj\u0119\u0142y si\u0119 t\u0105 spraw\u0105 poprzez stworzenie wojew\u00f3dzkiego systemu kurs\u00f3w przekwalifikowania pracownik\u00f3w w porozumieniu z lokalnymi i regionalnymi przedsi\u0119biorcami. Kursy by\u0142yby dost\u0119pne dla wszystkich tych kt\u00f3rzy od d\u0142u\u017cszego czasu pozostaj\u0105 bez pracy oraz dla wszystkich tych kt\u00f3rzy w zwi\u0105zku z restrukturyzacj\u0105 wielkich zak\u0142ad\u00f3w pracy, stracili lub strac\u0105 prac\u0119.<\/span><\/p>\n<p dir=\"ltr\"><span style=\"color: #000000;\">B\u0119dziemy zabiega\u0107 o stworzenie d\u0142ugoterminowych plan\u00f3w dla ca\u0142ych dzielnic miast dotkni\u0119tych tym problemem, w taki spos\u00f3b, aby osoba pozostaj\u0105ca przez d\u0142u\u017cszy czas bez zatrudnienia mog\u0142a p\u00f3j\u015b\u0107 na kurs zorganizowany przez w\u0142adze wojew\u00f3dzkie w porozumieniu z przedsi\u0119biorcami, po uko\u0144czeniu kursu i uzyskaniu satysfakcjonuj\u0105cych wynik\u00f3w, kursant mia\u0142by gwarancje zatrudnienia.<\/span><\/p>\n<\/div>\n","protected":false},"excerpt":{"rendered":"<p>Bezrobocie B\u0119dziemy zabiega\u0107 o stworzenie d\u0142ugoterminowych plan\u00f3w\u2026 &nbsp; Bezrobocie strukturalne i d\u0142ugoterminowe to jeden z najwa\u017cniejszych problem\u00f3w spo\u0142eczno-ekonomicznych rodzin i spo\u0142eczno\u015bci zw\u0142aszcza na G\u00f3rnym \u015al\u0105sku. Bezrobocie strukturalne cz\u0119sto prowadzi do marginalizacji ca\u0142ych rodzin i dzielnic. Z dzielnic ub\u00f3stwa jest praktycznie nie mo\u017cliwe wyj\u015bcie. Powstaje mi\u0119dzy innymi w wyniku restrukturyzacji dziedzin gospodarki jak g\u00f3rnictwo i hutnictwo,&hellip; <br \/> <a class=\"read-more\" href=\"https:\/\/www.dursmlodzi.org.pl\/?page_id=158\">Dowiedz si\u0119 wi\u0119cej<\/a><\/p>\n","protected":false},"author":1,"featured_media":0,"parent":0,"menu_order":0,"comment_status":"closed","ping_status":"closed","template":"page-templates\/homepage.php","meta":{"footnotes":""},"class_list":["post-158","page","type-page","status-publish","hentry"],"_links":{"self":[{"href":"https:\/\/www.dursmlodzi.org.pl\/index.php?rest_route=\/wp\/v2\/pages\/158","targetHints":{"allow":["GET"]}}],"collection":[{"href":"https:\/\/www.dursmlodzi.org.pl\/index.php?rest_route=\/wp\/v2\/pages"}],"about":[{"href":"https:\/\/www.dursmlodzi.org.pl\/index.php?rest_route=\/wp\/v2\/types\/page"}],"author":[{"embeddable":true,"href":"https:\/\/www.dursmlodzi.org.pl\/index.php?rest_route=\/wp\/v2\/users\/1"}],"replies":[{"embeddable":true,"href":"https:\/\/www.dursmlodzi.org.pl\/index.php?rest_route=%2Fwp%2Fv2%2Fcomments&post=158"}],"version-history":[{"count":4,"href":"https:\/\/www.dursmlodzi.org.pl\/index.php?rest_route=\/wp\/v2\/pages\/158\/revisions"}],"predecessor-version":[{"id":399,"href":"https:\/\/www.dursmlodzi.org.pl\/index.php?rest_route=\/wp\/v2\/pages\/158\/revisions\/399"}],"wp:attachment":[{"href":"https:\/\/www.dursmlodzi.org.pl\/index.php?rest_route=%2Fwp%2Fv2%2Fmedia&parent=158"}],"curies":[{"name":"wp","href":"https:\/\/api.w.org\/{rel}","templated":true}]}}