{"id":160,"date":"2018-10-14T17:30:00","date_gmt":"2018-10-14T17:30:00","guid":{"rendered":"http:\/\/www.dursmlodzi.org.pl\/?page_id=160"},"modified":"2018-11-16T10:12:16","modified_gmt":"2018-11-16T10:12:16","slug":"niska-emisja","status":"publish","type":"page","link":"https:\/\/www.dursmlodzi.org.pl\/?page_id=160","title":{"rendered":"Niska emisja"},"content":{"rendered":"<div class=\"span12 first-module module_number_1 module_cont center_title module_text_area\">\n<h1 class=\"bg_title\" style=\"text-align: left;\">Niska emisja<\/h1>\n<div class=\"bg_title\">\n<h3><\/h3>\n<h3 class=\"headInModule\" style=\"text-align: center;\"><span style=\"color: #000000;\">Program likwidacji niskiej emisji<\/span><\/h3>\n<\/div>\n<div class=\"bg_subtitle\">\n<p class=\"subheadInModule\" style=\"text-align: center;\"><span style=\"color: #000000;\">Poznaj nasz program likwidacji niskiej emisji\u2026<\/span><\/p>\n<p>&nbsp;<\/p>\n<\/div>\n<div class=\"module_content\">\n<p><span style=\"color: #000000;\">Jednym z najwa\u017cniejszych cel\u00f3w stowarzyszenia jest likwidacja niskiej emisji na G\u00f3rnym \u015al\u0105sku. Niska emisja to problem ,kt\u00f3ry dotyczy prawie wszystkich mieszka\u0144c\u00f3w naszych miast ale te\u017c gmin,szczeg\u00f3lnie tam gdzie s\u0105 skupiska dom\u00f3w jednorodzinnych i starych familok\u00f3w. \u201eWalczy\u0107\u201d z nisk\u0105 emisj\u0105 mo\u017cna na wiele sposob\u00f3w i to zamierzamy robi\u0107.<\/span><\/p>\n<p><span style=\"color: #000000;\">Nasz program likwidacji niskiej emisji to:<\/span><\/p>\n<p><span style=\"color: #000000;\">1.U\u015bwiadamianie spo\u0142ecze\u0144stwu przyczyny i skutki nadmiaru smogu i mo\u017cliwo\u015bci jego likwidacji.<\/span><\/p>\n<p><span style=\"color: #000000;\">2. Agitacja i prowadzenie rozm\u00f3w w sprawi niskiej emisji. Mi\u0119dzy innymi wsp\u00f3\u0142praca z w\u0142adzami miast i gmin oraz elektrociep\u0142owni, ciep\u0142owni, ZGM, Wsp\u00f3lnot Mieszkaniowych ,Sp\u00f3\u0142dzielni Mieszkaniowych.<\/span><\/p>\n<p><span style=\"color: #000000;\">3.Propozycje likwidacji niskiej emisji w poszczeg\u00f3lnych regionach oraz wdra\u017canie programu PIiO\u015a 2014 -2020.<\/span><\/p>\n<\/div>\n<\/div>\n","protected":false},"excerpt":{"rendered":"<p>Niska emisja Program likwidacji niskiej emisji Poznaj nasz program likwidacji niskiej emisji\u2026 &nbsp; Jednym z najwa\u017cniejszych cel\u00f3w stowarzyszenia jest likwidacja niskiej emisji na G\u00f3rnym \u015al\u0105sku. Niska emisja to problem ,kt\u00f3ry dotyczy prawie wszystkich mieszka\u0144c\u00f3w naszych miast ale te\u017c gmin,szczeg\u00f3lnie tam gdzie s\u0105 skupiska dom\u00f3w jednorodzinnych i starych familok\u00f3w. \u201eWalczy\u0107\u201d z nisk\u0105 emisj\u0105 mo\u017cna na wiele&hellip; <br \/> <a class=\"read-more\" href=\"https:\/\/www.dursmlodzi.org.pl\/?page_id=160\">Dowiedz si\u0119 wi\u0119cej<\/a><\/p>\n","protected":false},"author":1,"featured_media":0,"parent":0,"menu_order":0,"comment_status":"closed","ping_status":"closed","template":"page-templates\/homepage.php","meta":{"footnotes":""},"class_list":["post-160","page","type-page","status-publish","hentry"],"_links":{"self":[{"href":"https:\/\/www.dursmlodzi.org.pl\/index.php?rest_route=\/wp\/v2\/pages\/160","targetHints":{"allow":["GET"]}}],"collection":[{"href":"https:\/\/www.dursmlodzi.org.pl\/index.php?rest_route=\/wp\/v2\/pages"}],"about":[{"href":"https:\/\/www.dursmlodzi.org.pl\/index.php?rest_route=\/wp\/v2\/types\/page"}],"author":[{"embeddable":true,"href":"https:\/\/www.dursmlodzi.org.pl\/index.php?rest_route=\/wp\/v2\/users\/1"}],"replies":[{"embeddable":true,"href":"https:\/\/www.dursmlodzi.org.pl\/index.php?rest_route=%2Fwp%2Fv2%2Fcomments&post=160"}],"version-history":[{"count":5,"href":"https:\/\/www.dursmlodzi.org.pl\/index.php?rest_route=\/wp\/v2\/pages\/160\/revisions"}],"predecessor-version":[{"id":397,"href":"https:\/\/www.dursmlodzi.org.pl\/index.php?rest_route=\/wp\/v2\/pages\/160\/revisions\/397"}],"wp:attachment":[{"href":"https:\/\/www.dursmlodzi.org.pl\/index.php?rest_route=%2Fwp%2Fv2%2Fmedia&parent=160"}],"curies":[{"name":"wp","href":"https:\/\/api.w.org\/{rel}","templated":true}]}}