{"id":193,"date":"2018-10-14T18:42:44","date_gmt":"2018-10-14T18:42:44","guid":{"rendered":"http:\/\/www.dursmlodzi.org.pl\/?page_id=193"},"modified":"2018-11-18T09:50:26","modified_gmt":"2018-11-18T09:50:26","slug":"3-diktand-godki-slonskij","status":"publish","type":"page","link":"https:\/\/www.dursmlodzi.org.pl\/?page_id=193","title":{"rendered":"3 Diktand Godki \u015al\u014dnskij"},"content":{"rendered":"<div class=\"bg_title\">\n<div class=\"row\">\n<div class=\"span12 first-module module_number_1 module_cont center_title module_text_area\">\n<div class=\"bg_subtitle\">\n<p><a href=\"http:\/\/www.dursmlodzi.org.pl\/wp-content\/uploads\/2018\/11\/site_bg.jpg\" data-rel=\"lightbox-image-0\" data-rl_title=\"\" data-rl_caption=\"\" title=\"\"><img loading=\"lazy\" decoding=\"async\" class=\"alignnone size-full wp-image-341\" src=\"http:\/\/www.dursmlodzi.org.pl\/wp-content\/uploads\/2018\/11\/site_bg.jpg\" alt=\"\" width=\"1170\" height=\"300\" srcset=\"https:\/\/www.dursmlodzi.org.pl\/wp-content\/uploads\/2018\/11\/site_bg.jpg 1170w, https:\/\/www.dursmlodzi.org.pl\/wp-content\/uploads\/2018\/11\/site_bg-300x77.jpg 300w, https:\/\/www.dursmlodzi.org.pl\/wp-content\/uploads\/2018\/11\/site_bg-768x197.jpg 768w, https:\/\/www.dursmlodzi.org.pl\/wp-content\/uploads\/2018\/11\/site_bg-1024x263.jpg 1024w\" sizes=\"auto, (max-width: 1170px) 100vw, 1170px\" \/><\/a><\/p>\n<\/div>\n<p>&nbsp;<\/p>\n<p class=\"subheadInModule\"><span style=\"color: #000000;\">27 maja 2016 roku o 17:00 odby\u0142 si\u0119 3 Diktand Godki \u015al\u014dnskij P.M. \u0141ysohorskygo Ondry organizowany przez nasze stowarzyszenie. Frekwencja w tym roku dopisa\u0142a i na dyktandzie pojawi\u0142o si\u0119 41 os\u00f3b. Samo wydarzenie obj\u0119te zosta\u0142o honorowym patronatem prezydenta miasta Rybnika Piotra Kuczery i wpisuje si\u0119 ono w misj\u0119 szerzenia edukacji regionalnej na terenie ca\u0142ego \u015al\u0105ska.<\/span><\/p>\n<div class=\"module_content\">\n<p><span style=\"color: #000000;\">Zwyci\u0119zc\u0105 tegorocznej edycji dyktanda zosta\u0142a Pani Aleksandra Gruszka z Rudy \u015al\u0105skiej. Tu\u017c za ni\u0105 uplasowa\u0142 si\u0119 cz\u0142onek naszego stowarzyszenia \u2013 Stanis\u0142aw Neblik z Rybnika oraz znany promotor historii \u015bl\u0105skiej \u2013 Dariusz Jerczy\u0144ski z Katowic. Wyr\u00f3\u017cnienia otrzyma\u0142a od nas najm\u0142odsza uczestniczka wydarzenia (9 lat), oraz najstarszy uczestnik (78 lat). Nagrodami w konkursie by\u0142y: wycieczka do Brukseli, nagrody pieni\u0119\u017cne oraz r\u00f3\u017cne nagrody rzeczowe w tym cenny album.<\/span><\/p>\n<p><span style=\"color: #000000;\">W tym miejscu szczeg\u00f3lne podzi\u0119kowania nale\u017c\u0105 si\u0119 sponsorom nagr\u00f3d: firmom \u201eMersplast\u201d i \u201eLubar\u201d, europos\u0142owi Markowi Plurze oraz inicjatywie \u201eTygiel \u00a0Rozmaito\u015bci\u201d. Tegorocznym lektorem dyktanda by\u0142a znana z Telewizji Katowice oraz programu \u201eDej poz\u00f3r\u201d redaktor Izolda Czmok-Nowak. Dodatkowym punktem wydarzenia by\u0142 wyst\u0119p lokalnych zespo\u0142\u00f3w \u201eKarolinki\u201d i \u201ePaulinki\u201d, kt\u00f3re swoim \u015bpiewem u\u015bwietni\u0142y ca\u0142o\u015b\u0107 imprezy.<\/span><\/p>\n<p><span style=\"color: #000000;\">Przed samym dyktandem mia\u0142 miejsce r\u00f3wnie\u017c finisa\u017c wystawy \u201eSilesius\u201d, kt\u00f3rej inicjatorem by\u0142 europose\u0142 Marek Plura. \u00a0To w\u0142a\u015bnie w Rybniku wystawa ko\u0144czy swoje tourn\u00e9e po G\u00f3rnym \u015al\u0105sku, by nast\u0119pnie trafi\u0107 do Parlamentu Europejskiego, by promowa\u0107 \u015al\u0105sk i jego s\u0142awne postaci na arenie mi\u0119dzynarodowej. Wa\u017cnym punktem wydarzenia by\u0142o te\u017c uhonorowanie prezesa DUR\u015a \u2013 J\u00f3zefa Porwo\u0142a specjalnym odznaczeniem tzw. \u201ePrzichwolynim\u201d od stowarzyszenia \u201e\u015alonsk\u014f ferajna\u201d za dzia\u0142ania na rzecz \u015al\u0105ska i \u015bl\u0105skiej kultury, za co te\u017c bardzo dzi\u0119kujemy.<\/span><\/p>\n<p><span style=\"color: #000000;\">Dzi\u0119kujemy r\u00f3wnie\u017c wszystkim zebranym, kt\u00f3rzy zechcieli wzi\u0105\u0107 udzia\u0142 w naszym konkursie. Cieszymy si\u0119 r\u00f3wnie\u017c, \u017ce wielu z Pa\u0144stwa podoba\u0142a si\u0119 nasza impreza. Gor\u0105co zapraszamy za rok.<\/span><\/p>\n<p><span style=\"color: #000000;\"><em>Zarz\u0105d DUR\u015a<\/em><\/span><\/p>\n<p>&nbsp;<\/p>\n<\/div>\n<\/div>\n<\/div>\n<div class=\"row\">\n<div class=\"span12 module_number_2 module_cont center_title module_text_area\">\n<div class=\"bg_title\">\n<h3 class=\"headInModule\"><span style=\"color: #000000;\">III Diktand 2016 &#8211; tre\u015b\u0107<\/span><\/h3>\n<\/div>\n<div class=\"module_content\">\n<p><span style=\"color: #000000;\">Moja Staro na isto stoji \u00f4 mie, mo \u00f4 mie starani. Jo to ci tam ju\u017c terozki blank do mojigo wygl\u014dndu naskwol \u017codnyj wogi niy przik\u0142od\u014dm (he, he&#8230; kejsik b\u014d\u0142o gynau inkaszij!). \u00d4blyk\u014dm terozki na sia, co m\u014dm, bele by ino b\u014d\u0142o sno\u017cne. Przi\u00f4bleczyni moji niy ma wybiyrne, bezt\u014d\u017c ty\u017c na beztydziy\u0144 \u00f4blyk\u014dm sie blank jednako. N\u014d, jake\u015b galoty, treska abo hymda, mo\u017cno niykedy cwiter. Zag\u014dni\u0107, zakludzi\u0107 mie do sklepu to na isto \u00f4gr\u014dmno utropa. Pierzinym niy m\u014dm rod kupowanio l\u014dnt\u014dw i\u00a0tela. Niydowno moja Staro umiyniy\u0142a se \u00f4 mie yntlich zadba\u0107. \u2013 Trza by Ci b\u014d\u0142o chopie sprawi\u0107 jaki nowy ancug! \u2013 pedzia\u0142a uwziy\u0144cie. \u2013 Idymy na miasto do sklepu ze gangolami! Godka ta wywo\u0142a\u0142a wy mie jankuryjno, krymfno akcyjo \u00f4br\u014dnno. We srogim przip\u0142ywie mojigo \u00f4brzidzynio do spraw\u014dnk\u014dw, umiyni\u014d\u0142ech se, co chyca sie wroz za \u00f4dk\u0142odane na niyskorzij \u00f4d pora lot schr\u014dnianie wszyjskigo we pywnicy. Te sprz\u014dntanie, to drugo zniynawidz\u014dno bezy mie robota, po spraw\u014dnkach \u00f4blyczek. Mio\u0142ech nadziejo, i\u017ce wszyjsko sie jakosik rozlejzie po gnatach, ale psinco z\u00a0tego. Niydoczkani moje! Niy take n\u014dmery ze moj\u014dm fest uwziynt\u014dm Star\u014dm. Moja Elza doczka\u0142a, a\u017ce wszyjsko gyna\u0142 poschr\u014dni\u014dm we tyj pywnicy, zatym ze co\u0142k\u014dm s\u0142uszno\u015bci\u014dm zagrozi\u014d\u0142a, co mie \u00f4dstawi \u00f4d prykola do m\u014dmyntu, a\u017ce lajstna se nowy ancug. Rod niy rod musio\u0142ech ze moj\u014dm Star\u014dm p\u014d\u0144\u015b na Wolka do takigo ci srogigo zal\u014dnu ze przi\u00f4bleczyniym do chop\u014dw. Sumeryjo zetwa\u0142a bez trzi godziny. Procno b\u014d\u0142o \u2013 alech wydol\u014d\u0142. Kejch my ju\u017c wylazowali ze tego zal\u014dnu, jo lekcejszy \u00f4 jake tysi\u014dnc piy\u0144cet z\u0142otk\u014dw, za to ze \u0107mawo modrym blank nowym gangolym, hymdami, ku tymu nowym szlipsym i\u00a0szczewikami spyto\u0142ech sie moja: \u2013 A\u00a0tak po prowdzie, padej Elza ino po jakigo pier\u014dna trza mi tyn nowy ancug? Na to ci ta moja roztomiy\u0142o pedzia\u0142a: \u2013 N\u014d, przeca musza mie\u0107 Cie w\u00a0czymsik chopie pochowa\u0107!<\/span><\/p>\n<p>&nbsp;<\/p>\n<\/div>\n<h3><span style=\"color: #000000;\">3 Diktand \u015al\u014dnskij Godki &#8211; galeria autorstwa \u0141ukasza Kohuta<\/span><\/h3>\n<div class=\"module_content\">\n<p><span style=\"color: #000000;\"><div class=\"rl-gallery-container rl-loading\" id=\"rl-gallery-container-1\" data-gallery_id=\"292\"> <div class=\"rl-gallery rl-basicgrid-gallery \" id=\"rl-gallery-1\" data-gallery_no=\"1\"> <div class=\"rl-gallery-item\"><a href=\"https:\/\/www.dursmlodzi.org.pl\/wp-content\/uploads\/2018\/11\/0001.jpg\" title=\"\" data-rl_title=\"\" class=\"rl-gallery-link\" data-rl_caption=\"\" data-rel=\"lightbox-gallery-1\"><img loading=\"lazy\" decoding=\"async\" src=\"https:\/\/www.dursmlodzi.org.pl\/wp-content\/uploads\/2018\/11\/0001-150x150.jpg\" width=\"150\" height=\"150\" alt=\"\"\/><\/a><\/div><div class=\"rl-gallery-item\"><a href=\"https:\/\/www.dursmlodzi.org.pl\/wp-content\/uploads\/2018\/11\/0002.jpg\" title=\"\" data-rl_title=\"\" class=\"rl-gallery-link\" data-rl_caption=\"\" data-rel=\"lightbox-gallery-1\"><img loading=\"lazy\" decoding=\"async\" src=\"https:\/\/www.dursmlodzi.org.pl\/wp-content\/uploads\/2018\/11\/0002-150x150.jpg\" width=\"150\" height=\"150\" alt=\"\"\/><\/a><\/div><div class=\"rl-gallery-item\"><a href=\"https:\/\/www.dursmlodzi.org.pl\/wp-content\/uploads\/2018\/11\/0003.jpg\" title=\"\" data-rl_title=\"\" class=\"rl-gallery-link\" data-rl_caption=\"\" data-rel=\"lightbox-gallery-1\"><img loading=\"lazy\" decoding=\"async\" src=\"https:\/\/www.dursmlodzi.org.pl\/wp-content\/uploads\/2018\/11\/0003-150x150.jpg\" width=\"150\" height=\"150\" alt=\"\"\/><\/a><\/div><div class=\"rl-gallery-item\"><a href=\"https:\/\/www.dursmlodzi.org.pl\/wp-content\/uploads\/2018\/11\/0004.jpg\" title=\"\" data-rl_title=\"\" class=\"rl-gallery-link\" data-rl_caption=\"\" data-rel=\"lightbox-gallery-1\"><img loading=\"lazy\" decoding=\"async\" src=\"https:\/\/www.dursmlodzi.org.pl\/wp-content\/uploads\/2018\/11\/0004-150x150.jpg\" width=\"150\" height=\"150\" alt=\"\"\/><\/a><\/div><div class=\"rl-gallery-item\"><a href=\"https:\/\/www.dursmlodzi.org.pl\/wp-content\/uploads\/2018\/11\/0005.jpg\" title=\"\" data-rl_title=\"\" class=\"rl-gallery-link\" data-rl_caption=\"\" data-rel=\"lightbox-gallery-1\"><img loading=\"lazy\" decoding=\"async\" src=\"https:\/\/www.dursmlodzi.org.pl\/wp-content\/uploads\/2018\/11\/0005-150x150.jpg\" width=\"150\" height=\"150\" alt=\"\"\/><\/a><\/div><div class=\"rl-gallery-item\"><a href=\"https:\/\/www.dursmlodzi.org.pl\/wp-content\/uploads\/2018\/11\/0006.jpg\" title=\"\" data-rl_title=\"\" class=\"rl-gallery-link\" data-rl_caption=\"\" data-rel=\"lightbox-gallery-1\"><img loading=\"lazy\" decoding=\"async\" src=\"https:\/\/www.dursmlodzi.org.pl\/wp-content\/uploads\/2018\/11\/0006-150x150.jpg\" width=\"150\" height=\"150\" alt=\"\"\/><\/a><\/div><div class=\"rl-gallery-item\"><a href=\"https:\/\/www.dursmlodzi.org.pl\/wp-content\/uploads\/2018\/11\/0007.jpg\" title=\"\" data-rl_title=\"\" class=\"rl-gallery-link\" data-rl_caption=\"\" data-rel=\"lightbox-gallery-1\"><img loading=\"lazy\" decoding=\"async\" src=\"https:\/\/www.dursmlodzi.org.pl\/wp-content\/uploads\/2018\/11\/0007-150x150.jpg\" width=\"150\" height=\"150\" alt=\"\"\/><\/a><\/div><div class=\"rl-gallery-item\"><a href=\"https:\/\/www.dursmlodzi.org.pl\/wp-content\/uploads\/2018\/11\/0008.jpg\" title=\"\" data-rl_title=\"\" class=\"rl-gallery-link\" data-rl_caption=\"\" data-rel=\"lightbox-gallery-1\"><img loading=\"lazy\" decoding=\"async\" src=\"https:\/\/www.dursmlodzi.org.pl\/wp-content\/uploads\/2018\/11\/0008-150x150.jpg\" width=\"150\" height=\"150\" alt=\"\"\/><\/a><\/div><div class=\"rl-gallery-item\"><a href=\"https:\/\/www.dursmlodzi.org.pl\/wp-content\/uploads\/2018\/11\/0009.jpg\" title=\"\" data-rl_title=\"\" class=\"rl-gallery-link\" data-rl_caption=\"\" data-rel=\"lightbox-gallery-1\"><img loading=\"lazy\" decoding=\"async\" src=\"https:\/\/www.dursmlodzi.org.pl\/wp-content\/uploads\/2018\/11\/0009-150x150.jpg\" width=\"150\" height=\"150\" alt=\"\"\/><\/a><\/div><div class=\"rl-gallery-item\"><a href=\"https:\/\/www.dursmlodzi.org.pl\/wp-content\/uploads\/2018\/11\/0010.jpg\" title=\"\" data-rl_title=\"\" class=\"rl-gallery-link\" data-rl_caption=\"\" data-rel=\"lightbox-gallery-1\"><img loading=\"lazy\" decoding=\"async\" src=\"https:\/\/www.dursmlodzi.org.pl\/wp-content\/uploads\/2018\/11\/0010-150x150.jpg\" width=\"150\" height=\"150\" alt=\"\"\/><\/a><\/div><div class=\"rl-gallery-item\"><a href=\"https:\/\/www.dursmlodzi.org.pl\/wp-content\/uploads\/2018\/11\/0011.jpg\" title=\"\" data-rl_title=\"\" class=\"rl-gallery-link\" data-rl_caption=\"\" data-rel=\"lightbox-gallery-1\"><img loading=\"lazy\" decoding=\"async\" src=\"https:\/\/www.dursmlodzi.org.pl\/wp-content\/uploads\/2018\/11\/0011-150x150.jpg\" width=\"150\" height=\"150\" alt=\"\"\/><\/a><\/div><div class=\"rl-gallery-item\"><a href=\"https:\/\/www.dursmlodzi.org.pl\/wp-content\/uploads\/2018\/11\/0012.jpg\" title=\"\" data-rl_title=\"\" class=\"rl-gallery-link\" data-rl_caption=\"\" data-rel=\"lightbox-gallery-1\"><img loading=\"lazy\" decoding=\"async\" src=\"https:\/\/www.dursmlodzi.org.pl\/wp-content\/uploads\/2018\/11\/0012-150x150.jpg\" width=\"150\" height=\"150\" alt=\"\"\/><\/a><\/div><div class=\"rl-gallery-item\"><a href=\"https:\/\/www.dursmlodzi.org.pl\/wp-content\/uploads\/2018\/11\/0013.jpg\" title=\"\" data-rl_title=\"\" class=\"rl-gallery-link\" data-rl_caption=\"\" data-rel=\"lightbox-gallery-1\"><img loading=\"lazy\" decoding=\"async\" src=\"https:\/\/www.dursmlodzi.org.pl\/wp-content\/uploads\/2018\/11\/0013-150x150.jpg\" width=\"150\" height=\"150\" alt=\"\"\/><\/a><\/div><div class=\"rl-gallery-item\"><a href=\"https:\/\/www.dursmlodzi.org.pl\/wp-content\/uploads\/2018\/11\/0014.jpg\" title=\"\" data-rl_title=\"\" class=\"rl-gallery-link\" data-rl_caption=\"\" data-rel=\"lightbox-gallery-1\"><img loading=\"lazy\" decoding=\"async\" src=\"https:\/\/www.dursmlodzi.org.pl\/wp-content\/uploads\/2018\/11\/0014-150x150.jpg\" width=\"150\" height=\"150\" alt=\"\"\/><\/a><\/div><div class=\"rl-gallery-item\"><a href=\"https:\/\/www.dursmlodzi.org.pl\/wp-content\/uploads\/2018\/11\/0015.jpg\" title=\"\" data-rl_title=\"\" class=\"rl-gallery-link\" data-rl_caption=\"\" data-rel=\"lightbox-gallery-1\"><img loading=\"lazy\" decoding=\"async\" src=\"https:\/\/www.dursmlodzi.org.pl\/wp-content\/uploads\/2018\/11\/0015-150x150.jpg\" width=\"150\" height=\"150\" alt=\"\"\/><\/a><\/div><div class=\"rl-gallery-item\"><a href=\"https:\/\/www.dursmlodzi.org.pl\/wp-content\/uploads\/2018\/11\/0016.jpg\" title=\"\" data-rl_title=\"\" class=\"rl-gallery-link\" data-rl_caption=\"\" data-rel=\"lightbox-gallery-1\"><img loading=\"lazy\" decoding=\"async\" src=\"https:\/\/www.dursmlodzi.org.pl\/wp-content\/uploads\/2018\/11\/0016-150x150.jpg\" width=\"150\" height=\"150\" alt=\"\"\/><\/a><\/div><div class=\"rl-gallery-item\"><a href=\"https:\/\/www.dursmlodzi.org.pl\/wp-content\/uploads\/2018\/11\/0017.jpg\" title=\"\" data-rl_title=\"\" class=\"rl-gallery-link\" data-rl_caption=\"\" data-rel=\"lightbox-gallery-1\"><img loading=\"lazy\" decoding=\"async\" src=\"https:\/\/www.dursmlodzi.org.pl\/wp-content\/uploads\/2018\/11\/0017-150x150.jpg\" width=\"150\" height=\"150\" alt=\"\"\/><\/a><\/div><div class=\"rl-gallery-item\"><a href=\"https:\/\/www.dursmlodzi.org.pl\/wp-content\/uploads\/2018\/11\/0018.jpg\" title=\"\" data-rl_title=\"\" class=\"rl-gallery-link\" data-rl_caption=\"\" data-rel=\"lightbox-gallery-1\"><img loading=\"lazy\" decoding=\"async\" src=\"https:\/\/www.dursmlodzi.org.pl\/wp-content\/uploads\/2018\/11\/0018-150x150.jpg\" width=\"150\" height=\"150\" alt=\"\"\/><\/a><\/div><div class=\"rl-gallery-item\"><a href=\"https:\/\/www.dursmlodzi.org.pl\/wp-content\/uploads\/2018\/11\/0019.jpg\" title=\"\" data-rl_title=\"\" class=\"rl-gallery-link\" data-rl_caption=\"\" data-rel=\"lightbox-gallery-1\"><img loading=\"lazy\" decoding=\"async\" src=\"https:\/\/www.dursmlodzi.org.pl\/wp-content\/uploads\/2018\/11\/0019-150x150.jpg\" width=\"150\" height=\"150\" alt=\"\"\/><\/a><\/div><div class=\"rl-gallery-item\"><a href=\"https:\/\/www.dursmlodzi.org.pl\/wp-content\/uploads\/2018\/11\/0020.jpg\" title=\"\" data-rl_title=\"\" class=\"rl-gallery-link\" data-rl_caption=\"\" data-rel=\"lightbox-gallery-1\"><img loading=\"lazy\" decoding=\"async\" src=\"https:\/\/www.dursmlodzi.org.pl\/wp-content\/uploads\/2018\/11\/0020-150x150.jpg\" width=\"150\" height=\"150\" alt=\"\"\/><\/a><\/div><div class=\"rl-gallery-item\"><a href=\"https:\/\/www.dursmlodzi.org.pl\/wp-content\/uploads\/2018\/11\/0021.jpg\" title=\"\" data-rl_title=\"\" class=\"rl-gallery-link\" data-rl_caption=\"\" data-rel=\"lightbox-gallery-1\"><img loading=\"lazy\" decoding=\"async\" src=\"https:\/\/www.dursmlodzi.org.pl\/wp-content\/uploads\/2018\/11\/0021-150x150.jpg\" width=\"150\" height=\"150\" alt=\"\"\/><\/a><\/div><div class=\"rl-gallery-item\"><a href=\"https:\/\/www.dursmlodzi.org.pl\/wp-content\/uploads\/2018\/11\/0022.jpg\" title=\"\" data-rl_title=\"\" class=\"rl-gallery-link\" data-rl_caption=\"\" data-rel=\"lightbox-gallery-1\"><img loading=\"lazy\" decoding=\"async\" src=\"https:\/\/www.dursmlodzi.org.pl\/wp-content\/uploads\/2018\/11\/0022-150x150.jpg\" width=\"150\" height=\"150\" alt=\"\"\/><\/a><\/div><div class=\"rl-gallery-item\"><a href=\"https:\/\/www.dursmlodzi.org.pl\/wp-content\/uploads\/2018\/11\/0023.jpg\" title=\"\" data-rl_title=\"\" class=\"rl-gallery-link\" data-rl_caption=\"\" data-rel=\"lightbox-gallery-1\"><img loading=\"lazy\" decoding=\"async\" src=\"https:\/\/www.dursmlodzi.org.pl\/wp-content\/uploads\/2018\/11\/0023-150x150.jpg\" width=\"150\" height=\"150\" alt=\"\"\/><\/a><\/div><div class=\"rl-gallery-item\"><a href=\"https:\/\/www.dursmlodzi.org.pl\/wp-content\/uploads\/2018\/11\/0024.jpg\" title=\"\" data-rl_title=\"\" class=\"rl-gallery-link\" data-rl_caption=\"\" data-rel=\"lightbox-gallery-1\"><img loading=\"lazy\" decoding=\"async\" src=\"https:\/\/www.dursmlodzi.org.pl\/wp-content\/uploads\/2018\/11\/0024-150x150.jpg\" width=\"150\" height=\"150\" alt=\"\"\/><\/a><\/div> <\/div> <\/div><\/span><\/p>\n<\/div>\n<\/div>\n<div class=\"row\">\n<div class=\"span12 module_number_3 module_cont center_title module_gallery\">\n<div class=\"list-of-images images_in_a_row_4\">\n<div class=\"gallery_item\">\n<div class=\"gallery_item_padding\">\n<div class=\"gallery_item_wrapper\"><\/div>\n<\/div>\n<\/div>\n<\/div>\n<\/div>\n<\/div>\n<div class=\"clear\"><\/div>\n<div class=\"row\">\n<div class=\"span12 module_number_4 module_cont center_title module_text_area\">\n<div class=\"module_content\">\n<p>&nbsp;<\/p>\n<p>&nbsp;<\/p>\n<p>Partnerzy, patroni medialni i sponsorzy:<\/p>\n<p><a href=\"http:\/\/www.dursmlodzi.org.pl\/wp-content\/uploads\/2018\/11\/pasek_partenrzy.jpg\" data-rel=\"lightbox-image-25\" data-rl_title=\"\" data-rl_caption=\"\" title=\"\"><img loading=\"lazy\" decoding=\"async\" class=\"alignnone size-full wp-image-355\" src=\"http:\/\/www.dursmlodzi.org.pl\/wp-content\/uploads\/2018\/11\/pasek_partenrzy.jpg\" alt=\"\" width=\"1170\" height=\"149\" srcset=\"https:\/\/www.dursmlodzi.org.pl\/wp-content\/uploads\/2018\/11\/pasek_partenrzy.jpg 1170w, https:\/\/www.dursmlodzi.org.pl\/wp-content\/uploads\/2018\/11\/pasek_partenrzy-300x38.jpg 300w, https:\/\/www.dursmlodzi.org.pl\/wp-content\/uploads\/2018\/11\/pasek_partenrzy-768x98.jpg 768w, https:\/\/www.dursmlodzi.org.pl\/wp-content\/uploads\/2018\/11\/pasek_partenrzy-1024x130.jpg 1024w\" sizes=\"auto, (max-width: 1170px) 100vw, 1170px\" \/><\/a> <a href=\"http:\/\/www.dursmlodzi.org.pl\/wp-content\/uploads\/2018\/11\/projekt_finansowany.jpg\" data-rel=\"lightbox-image-26\" data-rl_title=\"\" data-rl_caption=\"\" title=\"\"><img loading=\"lazy\" decoding=\"async\" class=\"alignnone size-full wp-image-356\" src=\"http:\/\/www.dursmlodzi.org.pl\/wp-content\/uploads\/2018\/11\/projekt_finansowany.jpg\" alt=\"\" width=\"1170\" height=\"156\" srcset=\"https:\/\/www.dursmlodzi.org.pl\/wp-content\/uploads\/2018\/11\/projekt_finansowany.jpg 1170w, https:\/\/www.dursmlodzi.org.pl\/wp-content\/uploads\/2018\/11\/projekt_finansowany-300x40.jpg 300w, https:\/\/www.dursmlodzi.org.pl\/wp-content\/uploads\/2018\/11\/projekt_finansowany-768x102.jpg 768w, https:\/\/www.dursmlodzi.org.pl\/wp-content\/uploads\/2018\/11\/projekt_finansowany-1024x137.jpg 1024w\" sizes=\"auto, (max-width: 1170px) 100vw, 1170px\" \/><\/a><\/p>\n<\/div>\n<\/div>\n<\/div>\n<\/div>\n<\/div>\n","protected":false},"excerpt":{"rendered":"<p>&nbsp; 27 maja 2016 roku o 17:00 odby\u0142 si\u0119 3 Diktand Godki \u015al\u014dnskij P.M. \u0141ysohorskygo Ondry organizowany przez nasze stowarzyszenie. Frekwencja w tym roku dopisa\u0142a i na dyktandzie pojawi\u0142o si\u0119 41 os\u00f3b. Samo wydarzenie obj\u0119te zosta\u0142o honorowym patronatem prezydenta miasta Rybnika Piotra Kuczery i wpisuje si\u0119 ono w misj\u0119 szerzenia edukacji regionalnej na terenie ca\u0142ego&hellip; <br \/> <a class=\"read-more\" href=\"https:\/\/www.dursmlodzi.org.pl\/?page_id=193\">Dowiedz si\u0119 wi\u0119cej<\/a><\/p>\n","protected":false},"author":1,"featured_media":341,"parent":144,"menu_order":0,"comment_status":"closed","ping_status":"closed","template":"page-templates\/homepage.php","meta":{"footnotes":""},"class_list":["post-193","page","type-page","status-publish","has-post-thumbnail","hentry"],"_links":{"self":[{"href":"https:\/\/www.dursmlodzi.org.pl\/index.php?rest_route=\/wp\/v2\/pages\/193","targetHints":{"allow":["GET"]}}],"collection":[{"href":"https:\/\/www.dursmlodzi.org.pl\/index.php?rest_route=\/wp\/v2\/pages"}],"about":[{"href":"https:\/\/www.dursmlodzi.org.pl\/index.php?rest_route=\/wp\/v2\/types\/page"}],"author":[{"embeddable":true,"href":"https:\/\/www.dursmlodzi.org.pl\/index.php?rest_route=\/wp\/v2\/users\/1"}],"replies":[{"embeddable":true,"href":"https:\/\/www.dursmlodzi.org.pl\/index.php?rest_route=%2Fwp%2Fv2%2Fcomments&post=193"}],"version-history":[{"count":12,"href":"https:\/\/www.dursmlodzi.org.pl\/index.php?rest_route=\/wp\/v2\/pages\/193\/revisions"}],"predecessor-version":[{"id":442,"href":"https:\/\/www.dursmlodzi.org.pl\/index.php?rest_route=\/wp\/v2\/pages\/193\/revisions\/442"}],"up":[{"embeddable":true,"href":"https:\/\/www.dursmlodzi.org.pl\/index.php?rest_route=\/wp\/v2\/pages\/144"}],"wp:featuredmedia":[{"embeddable":true,"href":"https:\/\/www.dursmlodzi.org.pl\/index.php?rest_route=\/wp\/v2\/media\/341"}],"wp:attachment":[{"href":"https:\/\/www.dursmlodzi.org.pl\/index.php?rest_route=%2Fwp%2Fv2%2Fmedia&parent=193"}],"curies":[{"name":"wp","href":"https:\/\/api.w.org\/{rel}","templated":true}]}}