{"id":217,"date":"2018-10-14T19:27:19","date_gmt":"2018-10-14T19:27:19","guid":{"rendered":"http:\/\/www.dursmlodzi.org.pl\/?page_id=217"},"modified":"2018-11-30T16:11:09","modified_gmt":"2018-11-30T16:11:09","slug":"dolacz-do-nas","status":"publish","type":"page","link":"https:\/\/www.dursmlodzi.org.pl\/?page_id=217","title":{"rendered":"Do\u0142\u0105cz do nas!"},"content":{"rendered":"<h1 style=\"text-align: center;\"><span style=\"color: #000000;\">Do\u0142\u0105cz do nas!<\/span><\/h1>\n<p>&nbsp;<\/p>\n<div class=\"shortcode_iconbox type1\">\n<div class=\"iconbox_wrapper\">\n<div class=\"iconbox_h\">\n<h4 class=\"iconbox_title\" style=\"text-align: center;\"><span style=\"color: #000000;\">Pobierz deklaracj\u0119<\/span><\/h4>\n<h4 class=\"iconbox_title\" style=\"text-align: center;\"><span style=\"color: #000000;\"><a style=\"color: #000000;\" href=\"http:\/\/www.dursmlodzi.org.pl\/wp-content\/uploads\/2018\/11\/deklaracja_www_A4.pdf\">deklaracja do pobrania<\/a><\/span><\/h4>\n<\/div>\n<div class=\"iconbox_desc\" style=\"text-align: center;\">\n<p><span style=\"color: #000000;\">Deklaracja do pobrania w formacie PDF. Kliknij prawym klawiszem i zapisz deklaracj\u0119 na dysku.<\/span><\/p>\n<\/div>\n<\/div>\n<\/div>\n<div class=\"shortcode_iconbox type1\" style=\"text-align: center;\">\n<div class=\"iconbox_wrapper\">\n<div class=\"iconbox_ico\"><span style=\"color: #000000; font-size: 1.1rem; font-weight: 600; letter-spacing: 0.0625rem;\">Wydrukuj<\/span><\/div>\n<div class=\"iconbox_desc\">\n<p><span style=\"color: #000000;\">Deklaracja w formacie A4<\/span><\/p>\n<\/div>\n<\/div>\n<\/div>\n<div class=\"shortcode_iconbox type1\" style=\"text-align: center;\">\n<div class=\"iconbox_wrapper\">\n<div class=\"iconbox_h\">\n<h4 class=\"iconbox_title\"><span style=\"color: #000000;\">Wype\u0142nij<\/span><\/h4>\n<\/div>\n<div class=\"iconbox_desc\">\n<p><span style=\"color: #000000;\">Wype\u0142nij czytelnie deklaracj\u0119 i podpisz.<\/span><\/p>\n<\/div>\n<\/div>\n<\/div>\n<div class=\"shortcode_iconbox type1\">\n<div class=\"iconbox_wrapper\">\n<div class=\"iconbox_ico\" style=\"text-align: center;\"><span style=\"color: #000000; font-size: 1.1rem; font-weight: 600; letter-spacing: 0.0625rem;\">Ode\u015blij do nas<\/span><\/div>\n<div class=\"iconbox_desc\">\n<p style=\"text-align: center;\"><span style=\"color: #000000;\">Po zeskanowaniu ode\u015blij\u00a0deklaracj\u0119 korzystaj\u0105c z formularza poni\u017cej, lub wy\u015blij tradycyjnie poczt\u0105 na nasz adres kt\u00f3ry znajdziesz w\u00a0<a style=\"color: #000000;\" href=\"http:\/\/www.durs.org.pl\/kontakt\/\">kontakcie<\/a>.<\/span><\/p>\n<hr \/>\n<\/div>\n<\/div>\n<\/div>\n<div class=\"iconbox_desc\">\n<div class=\"iconbox_h\">\n<h4><\/h4>\n<h4 class=\"iconbox_title\"><span style=\"color: #000000;\">Wype\u0142nij<\/span><\/h4>\n<\/div>\n<div class=\"iconbox_desc\">\n<p><span style=\"color: #000000;\">Wype\u0142nij czytelnie deklaracj\u0119 i podpisz.<\/span><\/p>\n<\/div>\n<p>&nbsp;<\/p>\n<\/div>\n<p><span style=\"color: #000000;\">\n<div class=\"wpcf7 no-js\" id=\"wpcf7-f224-o1\" lang=\"pl-PL\" dir=\"ltr\" data-wpcf7-id=\"224\">\n<div class=\"screen-reader-response\"><p role=\"status\" aria-live=\"polite\" aria-atomic=\"true\"><\/p> <ul><\/ul><\/div>\n<form action=\"\/index.php?rest_route=%2Fwp%2Fv2%2Fpages%2F217#wpcf7-f224-o1\" method=\"post\" class=\"wpcf7-form init\" aria-label=\"Formularz kontaktowy\" enctype=\"multipart\/form-data\" novalidate=\"novalidate\" data-status=\"init\">\n<div style=\"display: none;\">\n<input type=\"hidden\" name=\"_wpcf7\" value=\"224\" \/>\n<input type=\"hidden\" name=\"_wpcf7_version\" value=\"6.0.5\" \/>\n<input type=\"hidden\" name=\"_wpcf7_locale\" value=\"pl_PL\" \/>\n<input type=\"hidden\" name=\"_wpcf7_unit_tag\" value=\"wpcf7-f224-o1\" \/>\n<input type=\"hidden\" name=\"_wpcf7_container_post\" value=\"0\" \/>\n<input type=\"hidden\" name=\"_wpcf7_posted_data_hash\" value=\"\" \/>\n<\/div>\n<p><label> Imi\u0119 i nazwisko (wymagane)<br \/>\n<span class=\"wpcf7-form-control-wrap\" data-name=\"your-name\"><input size=\"40\" maxlength=\"400\" class=\"wpcf7-form-control wpcf7-text wpcf7-validates-as-required\" aria-required=\"true\" aria-invalid=\"false\" value=\"\" type=\"text\" name=\"your-name\" \/><\/span> <\/label>\n<\/p>\n<p><label> Adres email (wymagane)<br \/>\n<span class=\"wpcf7-form-control-wrap\" data-name=\"your-email\"><input size=\"40\" maxlength=\"400\" class=\"wpcf7-form-control wpcf7-email wpcf7-validates-as-required wpcf7-text wpcf7-validates-as-email\" aria-required=\"true\" aria-invalid=\"false\" value=\"\" type=\"email\" name=\"your-email\" \/><\/span> <\/label>\n<\/p>\n<p><label> Temat<br \/>\n<span class=\"wpcf7-form-control-wrap\" data-name=\"your-subject\"><input size=\"40\" maxlength=\"400\" class=\"wpcf7-form-control wpcf7-text\" aria-invalid=\"false\" value=\"\" type=\"text\" name=\"your-subject\" \/><\/span> <\/label>\n<\/p>\n<p><label> Tre\u015b\u0107 wiadomo\u015bci<br \/>\n<span class=\"wpcf7-form-control-wrap\" data-name=\"your-message\"><textarea cols=\"40\" rows=\"10\" maxlength=\"2000\" class=\"wpcf7-form-control wpcf7-textarea\" aria-invalid=\"false\" name=\"your-message\"><\/textarea><\/span> <\/label>\n<\/p>\n<p><label> Do\u0142\u0105cz zeskanowan\u0105 deklaracj\u0119:<br \/>\n<span class=\"wpcf7-form-control-wrap\" data-name=\"file-312\"><input size=\"40\" class=\"wpcf7-form-control wpcf7-file wpcf7-validates-as-required\" accept=\"audio\/*,video\/*,image\/*\" aria-required=\"true\" aria-invalid=\"false\" type=\"file\" name=\"file-312\" \/><\/span> <\/label>\n<\/p>\n<p><input class=\"wpcf7-form-control wpcf7-submit has-spinner\" type=\"submit\" value=\"Wy\u015blij\" \/>\n<\/p><div class=\"wpcf7-response-output\" aria-hidden=\"true\"><\/div>\n<\/form>\n<\/div>\n<\/span><\/p>\n<p><span style=\"color: #000000;\">Miesi\u0119czna sk\u0142adka cz\u0142onkowska wynosi 5 PLN, sk\u0142adki mo\u017cna op\u0142aca\u0107 z g\u00f3ry na ca\u0142y rok (60 PLN).<\/span><\/p>\n<p><span style=\"color: #000000;\">Sk\u0142adki nale\u017cy wp\u0142aca\u0107 na konto bankowe: DUR\u015a ul. Ustronna 26, 44-273 Rybnik, Nr Konta : 17124043571111001064923698<\/span><\/p>\n","protected":false},"excerpt":{"rendered":"<p>Do\u0142\u0105cz do nas! &nbsp; Pobierz deklaracj\u0119 deklaracja do pobrania Deklaracja do pobrania w formacie PDF. Kliknij prawym klawiszem i zapisz deklaracj\u0119 na dysku. Wydrukuj Deklaracja w formacie A4 Wype\u0142nij Wype\u0142nij czytelnie deklaracj\u0119 i podpisz. Ode\u015blij do nas Po zeskanowaniu ode\u015blij\u00a0deklaracj\u0119 korzystaj\u0105c z formularza poni\u017cej, lub wy\u015blij tradycyjnie poczt\u0105 na nasz adres kt\u00f3ry znajdziesz w\u00a0kontakcie. Wype\u0142nij&hellip; <br \/> <a class=\"read-more\" href=\"https:\/\/www.dursmlodzi.org.pl\/?page_id=217\">Dowiedz si\u0119 wi\u0119cej<\/a><\/p>\n","protected":false},"author":1,"featured_media":0,"parent":0,"menu_order":0,"comment_status":"closed","ping_status":"closed","template":"page-templates\/homepage.php","meta":{"footnotes":""},"class_list":["post-217","page","type-page","status-publish","hentry"],"_links":{"self":[{"href":"https:\/\/www.dursmlodzi.org.pl\/index.php?rest_route=\/wp\/v2\/pages\/217","targetHints":{"allow":["GET"]}}],"collection":[{"href":"https:\/\/www.dursmlodzi.org.pl\/index.php?rest_route=\/wp\/v2\/pages"}],"about":[{"href":"https:\/\/www.dursmlodzi.org.pl\/index.php?rest_route=\/wp\/v2\/types\/page"}],"author":[{"embeddable":true,"href":"https:\/\/www.dursmlodzi.org.pl\/index.php?rest_route=\/wp\/v2\/users\/1"}],"replies":[{"embeddable":true,"href":"https:\/\/www.dursmlodzi.org.pl\/index.php?rest_route=%2Fwp%2Fv2%2Fcomments&post=217"}],"version-history":[{"count":14,"href":"https:\/\/www.dursmlodzi.org.pl\/index.php?rest_route=\/wp\/v2\/pages\/217\/revisions"}],"predecessor-version":[{"id":651,"href":"https:\/\/www.dursmlodzi.org.pl\/index.php?rest_route=\/wp\/v2\/pages\/217\/revisions\/651"}],"wp:attachment":[{"href":"https:\/\/www.dursmlodzi.org.pl\/index.php?rest_route=%2Fwp%2Fv2%2Fmedia&parent=217"}],"curies":[{"name":"wp","href":"https:\/\/api.w.org\/{rel}","templated":true}]}}