{"id":25,"date":"2018-10-13T20:11:17","date_gmt":"2018-10-13T20:11:17","guid":{"rendered":"http:\/\/www.dursmlodzi.org.pl\/?page_id=25"},"modified":"2018-11-16T10:18:32","modified_gmt":"2018-11-16T10:18:32","slug":"o-nas-nasze-glowne-cele-projekty-i-zadania","status":"publish","type":"page","link":"https:\/\/www.dursmlodzi.org.pl\/?page_id=25","title":{"rendered":"O Nas"},"content":{"rendered":"<h1>O Nas<\/h1>\n<p>&nbsp;<\/p>\n<p><span style=\"color: #000000;\"><strong>Nasze g\u0142\u00f3wne cele, projekty i zadania\u2026<\/strong><\/span><\/p>\n<p><span style=\"color: #000000;\">DUR\u015a zrzesza ludzi wszystkich dziedzin. S\u0105 u nas spo\u0142ecznicy, naukowcy, ludzie w\u0142adzy, oraz studenci.\u00a0 Jak ju\u017c wielokrotnie wspominali\u015bmy jednym z naszych postulat\u00f3w jest wprowadzanie edukacji regionalnej, w tym celu do wsp\u00f3\u0142pracy zostali zaproszeni naczelnicy do spraw edukacji, prezydenci miast, burmistrzowie, dyrektorzy szk\u00f3\u0142, nauczyciele, a tak\u017ce j\u0119zykoznawcy i historycy. Na pierwszym spotkaniu, ktore odbylo sie w zwi\u0105zku z edukacj\u0105 regionaln\u0105 w \u015brode 7 pa\u017adziernika zaprosili\u015bmy prof. Zbigniewa Kad\u0142ubka, dr Bogdana Klocha, dr Niestolika i wielu innych, niestety nie ka\u017cdy by\u0142 w stanie przyby\u0107 na spotkanie, liczymy na to, \u017ce kolejne spotkanie b\u0105dzie w jeszcze wi\u0119kszym gronie.<\/span><\/p>\n<p><span style=\"color: #000000;\">Edukacja regionalna i niska emisja spalin to na razie jedne z cel\u00f3w w kt\u00f3rych ju\u017c zaczeli\u015bmy dzia\u0142a\u0107 i osi\u0105gamy pierwsze sukcesy.\u00a0K\u0142adziemy nacisk na edukacj\u0119 regionaln\u0105 bo nikt ze wsp\u00f3\u0142pracuj\u0105cych z DUR\u015a specjalistami, nie chce by j\u0119zyk \u015bl\u0105ski, sta\u0142 si\u0119 j\u0119zykiem martwym. \u017beby do tego nie dosz\u0142o, musimy uczy\u0107 \u00a0w \u015bl\u0105skich szko\u0142ach historii regionalnej i j\u0119zyka \u015bl\u0105skiego. Wa\u017cne by ka\u017cde dziecko wiedzia\u0142o jaka jest przesz\u0142o\u015b\u0107 ziemi, na kt\u00f3rej mieszkaj\u0105. Wa\u017cne jest by dzieci na \u015al\u0105sku uto\u017csamia\u0142y si\u0119 ze swoj\u0105 ma\u0142\u0105 ojczyzn\u0105, ze \u015al\u0105skiem.<\/span><\/p>\n<p><span style=\"color: #000000;\">Nasze dzia\u0142ania skupiaj\u0105 si\u0119 na tym by zgromadzi\u0107 wok\u00f3\u0142 siebie grup\u0119 nauczycieli i pedagog\u00f3w do nauki tych\u017ce przedmiot\u00f3w. Chcemy powo\u0142a\u0107\u00a0Zesp\u00f3\u0142 do Nauki J\u0119zyka \u015al\u0105skiego w Szko\u0142ach. W ten spos\u00f3b podnosi\u0107 kompetencje nauczycieli oraz umo\u017cliwic powstanie w przysz\u0142o\u015bci podr\u0119cznik\u00f3w dla r\u00f3\u017cnych kategorii wiekowych, o r\u00f3\u017cnych stopniach trudno\u015bci.<\/span><\/p>\n<p><span style=\"color: #000000;\">Czeka nas du\u017co\u00a0pracy, bo jeste\u015bmy zespo\u0142em w kt\u00f3rym prym bierze pragnienie dobra ziemi i ludzi mieszkaj\u0105cych na \u015al\u0105sku, nie my\u015blimy na razie o celach politycznych. Wiemy jednak, \u017ce nie wszystkie cele da si\u0119 osi\u0105gnac poprzez prac\u0119 u podstaw st\u0105d zdajemy sobie spraw\u0119, i\u017c aby w przysz\u0142o\u015bci osi\u0105gna\u0107 niekt\u00f3re cele, b\u0119dziemy musieli bra\u0107 czynny udzia\u0142 we w\u0142adzach miast i region\u00f3w.<\/span><\/p>\n<p><span style=\"color: #000000;\">Najbli\u017cszy rok to przede wszystkim konsolidacja naszego stowarzyszenia, przyjmowanie cz\u0142onk\u00f3w szczeg\u00f3lnie ludzi m\u0142odych, ch\u0119tnych do wsp\u00f3\u0142pracy. W nadchodz\u0105cym roku nacisk b\u0119dziemy k\u0142a\u015b\u0107 na edukacj\u0119 regionaln\u0105, walk\u0119 ze skutkami bezrobocia, walk\u0119 z nisk\u0105 emisj\u0105 spalin oraz aktywnym reprezentowaniem interes\u00f3w m\u0142odzie\u017cy na \u015al\u0105sku. B\u0119dziemy te\u017c dzia\u0142a\u0107 na wielu polach w kwestii to\u017csamo\u015bci \u015bl\u0105skiej.\u00a0Jest wiele spraw o kt\u00f3rych trzeba m\u00f3wi\u0107 a przede wszystkim dzia\u0142a\u0107.<\/span><\/p>\n<p><span style=\"color: #000000;\">Plany i cele dzia\u0142a\u0144 ci\u0105gle si\u0119 poszerzaj\u0105, a to za spraw\u0105 wci\u0105\u017c przychodz\u0105cych do nas nowych ludzi. Dlatego te\u017c wszystkich gotowych i chc\u0105cych dzia\u0142a\u0107 serdecznie zapraszam do naszego stowarzyszenia.<\/span><\/p>\n<p><span style=\"color: #000000;\"><strong><em>J\u00f3zef Porwo\u0142<\/em><\/strong><\/span><br \/>\n<span style=\"color: #000000;\">prezes stowarzyszenia<\/span><\/p>\n","protected":false},"excerpt":{"rendered":"<p>O Nas &nbsp; Nasze g\u0142\u00f3wne cele, projekty i zadania\u2026 DUR\u015a zrzesza ludzi wszystkich dziedzin. S\u0105 u nas spo\u0142ecznicy, naukowcy, ludzie w\u0142adzy, oraz studenci.\u00a0 Jak ju\u017c wielokrotnie wspominali\u015bmy jednym z naszych postulat\u00f3w jest wprowadzanie edukacji regionalnej, w tym celu do wsp\u00f3\u0142pracy zostali zaproszeni naczelnicy do spraw edukacji, prezydenci miast, burmistrzowie, dyrektorzy szk\u00f3\u0142, nauczyciele, a tak\u017ce j\u0119zykoznawcy&hellip; <br \/> <a class=\"read-more\" href=\"https:\/\/www.dursmlodzi.org.pl\/?page_id=25\">Dowiedz si\u0119 wi\u0119cej<\/a><\/p>\n","protected":false},"author":1,"featured_media":0,"parent":0,"menu_order":0,"comment_status":"closed","ping_status":"closed","template":"page-templates\/homepage.php","meta":{"footnotes":""},"class_list":["post-25","page","type-page","status-publish","hentry"],"_links":{"self":[{"href":"https:\/\/www.dursmlodzi.org.pl\/index.php?rest_route=\/wp\/v2\/pages\/25","targetHints":{"allow":["GET"]}}],"collection":[{"href":"https:\/\/www.dursmlodzi.org.pl\/index.php?rest_route=\/wp\/v2\/pages"}],"about":[{"href":"https:\/\/www.dursmlodzi.org.pl\/index.php?rest_route=\/wp\/v2\/types\/page"}],"author":[{"embeddable":true,"href":"https:\/\/www.dursmlodzi.org.pl\/index.php?rest_route=\/wp\/v2\/users\/1"}],"replies":[{"embeddable":true,"href":"https:\/\/www.dursmlodzi.org.pl\/index.php?rest_route=%2Fwp%2Fv2%2Fcomments&post=25"}],"version-history":[{"count":4,"href":"https:\/\/www.dursmlodzi.org.pl\/index.php?rest_route=\/wp\/v2\/pages\/25\/revisions"}],"predecessor-version":[{"id":403,"href":"https:\/\/www.dursmlodzi.org.pl\/index.php?rest_route=\/wp\/v2\/pages\/25\/revisions\/403"}],"wp:attachment":[{"href":"https:\/\/www.dursmlodzi.org.pl\/index.php?rest_route=%2Fwp%2Fv2%2Fmedia&parent=25"}],"curies":[{"name":"wp","href":"https:\/\/api.w.org\/{rel}","templated":true}]}}