{"id":4,"date":"2018-10-13T19:05:45","date_gmt":"2018-10-13T19:05:45","guid":{"rendered":"http:\/\/www.dursmlodzi.org.pl\/?page_id=4"},"modified":"2026-04-22T20:06:51","modified_gmt":"2026-04-22T20:06:51","slug":"mesmerize","status":"publish","type":"page","link":"https:\/\/www.dursmlodzi.org.pl\/","title":{"rendered":"Front Page"},"content":{"rendered":"<div  id=\"overlappable-4\" style=\"background-color: #ffffff;\" data-label=\"Overlappable\" data-id=\"overlappable-4\" data-export-id=\"overlappable-4\" data-category=\"overlappable\" class=\"overlappable-4 content-section content-section-spacing\" data-overlap=\"true\"><div  class=\"gridContainer\"> <div  data-type=\"row\" class=\"row spaced-cols text-center\"><div  class=\"col-xs-12 col-sm-4 col-padding\"> <a  data-cp-link=\"1\" href=\"https:\/\/www.dursmlodzi.org.pl?page_id=45\" target=\"_self\" rel=\"noopener\"><i  class=\"fa icon shadow-large-black aligncenter color1 fa-lightbulb-o reverse round large\"><\/i><\/a> <div  data-type=\"column\" class=\"\"> <h5  class=\"\">Masz pomys\u0142? Napisz!<\/h5> <p  class=\"\">Podoba Ci si\u0119 nasza wizja i chcesz pom\u00f3c? \n<br >A mo\u017ce masz ju\u017c jaki\u015b pomys\u0142, ale brakuje Ci ludzi do jego realizacji? Napisz do nas!<\/p><\/div> <\/div>  <div  class=\"col-xs-12 col-sm-4 col-padding\"> <i  class=\"fa icon shadow-large-black aligncenter color1 fa-eye reverse round large\"><\/i> <div  data-type=\"column\" class=\"\"><h5  class=\"\">Poznaj nasz\u0105 wizj\u0119!<\/h5> <p  class=\"\">Po co powstali\u015bmy? Jaki jest cel naszej dzia\u0142alno\u015bci? Co chcemy osi\u0105gn\u0105\u0107? \n<br >Wszystkie odpowiedzi na tego typu pytania, znajdziesz tutaj.<\/p><\/div> <\/div><div  class=\"col-xs-12 col-sm-4 col-padding\"> <i  class=\"fa icon shadow-large-black aligncenter color1 fa-file-text-o reverse round large\"><\/i> <div  data-type=\"column\" class=\"\"> <h5  class=\"\">Do\u0142\u0105cz do Nas!<\/h5> <p  class=\"\">\u015aci\u0105gnij deklaracj\u0119 cz\u0142onkowsk\u0105, wydrukuj, wype\u0142nij i ode\u015blij do nas.<\/p><\/div> <\/div><\/div> <\/div><\/div><div  data-label=\"About\" data-id=\"about--1\" data-export-id=\"about-10\" data-category=\"about\" class=\"about-10 content-section content-section-spacing\" id=\"about-1\" style=\"background-color: rgb(255, 255, 255); background-image: none;\"><div  class=\"gridContainer\"> <div  class=\"row middle-sm text-center\"><div  class=\"col-sm-5 space-bottom-xs content-column content-left-sm\" data-type=\"column\">  <h2  class=\"\">Kr\u00f3tko o nas\u2026<\/h2> <p  class=\"\">Za\u0142o\u017cona w sierpniu 2015 roku Demokratyczna Unia Regionalist\u00f3w \u015al\u0105skich to nowa organizacja spo\u0142eczno-kulturalna, maj\u0105ca na celu dbanie o rozw\u00f3j m\u0142odego \n<br >pokolenia, ochron\u0119 kulturalnego dziedzictwa \u015al\u0105zak\u00f3w, \n<br >a tak\u017ce reprezentowanie interes\u00f3w mieszka\u0144c\u00f3w ziemi \n<br >\u015bl\u0105skiej w jej historycznych granicach. Powstali\u015bmy jako zrzeszenie dzia\u0142aczy i aktywist\u00f3w, kt\u00f3rzy chc\u0105 d\u0105\u017cy\u0107 do \n<br >dialogu w cz\u0119sto nie\u0142atwych relacjach polsko-\u015bl\u0105skich. \n<br >Nasz\u0105 misj\u0105 jest wspieranie w edukacji i rozwoju m\u0142odego pokolenia \u015al\u0105zak\u00f3w, by mo\u017cliwe by\u0142o w przysz\u0142o\u015bci wykreowanie jak najlepszej jako\u015bci \u017cycia dla nas i dla przysz\u0142ych pokole\u0144.<\/p> <h5  class=\"\"><div  class=\"blockquote_wrapper\" style=\"outline-style: none; outline-width: initial; font-style: italic; padding-right: 20px; color: rgb(0, 0, 0); font-family: Andada; font-size: 14px; font-weight: 300; letter-spacing: normal;\"><p  style=\"outline-style: none; outline-width: initial; line-height: 21px; font-size: 16px; text-indent: 50px;\">Wielce interesuj\u0105ca to kraina, ten \u015al\u0105sk<\/p><\/div><span  style=\"color: rgb(119, 119, 119); font-family: Andada; font-size: 12px; font-weight: 300; letter-spacing: normal;\">&nbsp; &nbsp; &nbsp; &nbsp; &nbsp; &nbsp; &nbsp; &nbsp; &nbsp; &nbsp; &nbsp; &nbsp; &nbsp; &nbsp; &nbsp; &nbsp; &nbsp; &nbsp; &nbsp; &nbsp; &nbsp; &nbsp; &nbsp; &nbsp; &nbsp; &nbsp; &nbsp; &nbsp; &nbsp; &nbsp; &nbsp; &nbsp; &nbsp; &nbsp; &nbsp; &nbsp; &nbsp; &nbsp;Johann Wolfgang von Goethe<\/span><\/h5><\/div> <div  class=\"col-sm-7 flexbox middle-xs center-xs space-bottom-xs\"><div  class=\"overlay-box middle-xs center-xs flexbox\"> <div  class=\"overlay-box-offset offset-border shadow-medium border-color1 hide-xs\"><\/div> <a  data-cp-link=\"1\" href=\"#\" target=\"_self\" rel=\"noopener\"><img  decoding=\"async\" class=\"shadow-large\" data-size=\"485x705\" src=\"https:\/\/www.dursmlodzi.org.pl\/wp-content\/uploads\/2018\/10\/cropped-11223302_101561490190664_2842356871975488688_n-2.jpg\" alt=\"\" title=\"cropped-11403157_10206014466654403_381013400267881626_n.jpg\"><\/a><\/div> <\/div><\/div> <\/div><\/div><div  id=\"latest-news-1\" style=\"background-color: rgb(255, 255, 255); background-image: none;\" data-label=\"Latest-news\" data-id=\"blog-section\" data-export-id=\"blog-section\" data-category=\"latest_news\" class=\"blog-section blog-section-standard content-section content-section-spacing\"><div  class=\"gridContainer\"> <div  class=\"row\"><div  data-type=\"column\" class=\"section-title-col\"> <h2  class=\"\">Aktualno\u015bci<\/h2> <\/div> <\/div> <div  class=\"row\"> <div  data-type=\"row\" data-dynamic-columns=\"handled\" data-content-shortcode=\"mesmerize_latest_news columns=&quot;4&quot; \">\t\t<div class=\"row center-sm content-left-sm\">\n\t\t\t\t\t<div id=\"post-2199\" class=\"col-sm-6 col-md-4 space-bottom space-bottom-xs\">\n\t\t\t\t<div class=\"post-content card y-move bordered\">\n\t\t\t\t\t<div class=\"post-thumbnail\">\n   <a href=\"https:\/\/www.dursmlodzi.org.pl\/?p=2199\" class=\"post-list-item-thumb \">\n      <img loading=\"lazy\" decoding=\"async\" width=\"1024\" height=\"1449\" src=\"https:\/\/www.dursmlodzi.org.pl\/wp-content\/uploads\/2026\/04\/12_diktand-1024x1449-1.png\" class=\"attachment-post-thumbnail size-post-thumbnail wp-post-image\" alt=\"\" srcset=\"https:\/\/www.dursmlodzi.org.pl\/wp-content\/uploads\/2026\/04\/12_diktand-1024x1449-1.png 1024w, https:\/\/www.dursmlodzi.org.pl\/wp-content\/uploads\/2026\/04\/12_diktand-1024x1449-1-212x300.png 212w, https:\/\/www.dursmlodzi.org.pl\/wp-content\/uploads\/2026\/04\/12_diktand-1024x1449-1-724x1024.png 724w, https:\/\/www.dursmlodzi.org.pl\/wp-content\/uploads\/2026\/04\/12_diktand-1024x1449-1-768x1087.png 768w, https:\/\/www.dursmlodzi.org.pl\/wp-content\/uploads\/2026\/04\/12_diktand-1024x1449-1-763x1080.png 763w\" sizes=\"auto, (max-width: 1024px) 100vw, 1024px\" \/>   <\/a>\n<\/div>\n\t\t\t\t\t<div class=\"col-padding col-padding-xs\">\n\t\t\t\t\t\t<h3 class=\"post-title space-bottom-small\">\n\t\t\t\t\t\t\t<a href=\"https:\/\/www.dursmlodzi.org.pl\/?p=2199\" rel=\"bookmark\">\n\t\t\t\t\t\t\t\tXII Diktand \u015al\u014dnskij Godki &#8211; zaproszenie\t\t\t\t\t\t\t<\/a>\n\t\t\t\t\t\t<\/h3>\n\t\t\t\t\t\t<p>Ju\u017c 30 maja zapraszamy na XII Diktand \u015al\u014dnskij Godki w Zabytkowej Kopalni Ignacy (Hoymgruba) w Rybniku! Na uczestnik\u00f3w czeka moc nagr\u00f3d i atrakcji, tekst dyktanda przeczyta Izolda Czmok &#8211; prezenterka[&hellip;]<\/p>\n\t\t\t\t\t\t<a class=\"read-more link\" href=\"https:\/\/www.dursmlodzi.org.pl\/?p=2199\">\n\t\t\t\t\t\t\tRead more\t\t\t\t\t\t<\/a>\n\t\t\t\t\t<\/div>\n\t\t\t\t<\/div>\n\t\t\t<\/div>\n\t\t\t\t\t\t<div id=\"post-2173\" class=\"col-sm-6 col-md-4 space-bottom space-bottom-xs\">\n\t\t\t\t<div class=\"post-content card y-move bordered\">\n\t\t\t\t\t<div class=\"post-thumbnail\">\n   <a href=\"https:\/\/www.dursmlodzi.org.pl\/?p=2173\" class=\"post-list-item-thumb \">\n      <img loading=\"lazy\" decoding=\"async\" width=\"1024\" height=\"1449\" src=\"https:\/\/www.dursmlodzi.org.pl\/wp-content\/uploads\/2025\/04\/Class-Rules-Be-a-Hero-Poster-in-White-and-Blue-Comic-Corner-with-Super-Heroes-Illustrative-Background-Style-1024x1449.png\" class=\"attachment-post-thumbnail size-post-thumbnail wp-post-image\" alt=\"\" srcset=\"https:\/\/www.dursmlodzi.org.pl\/wp-content\/uploads\/2025\/04\/Class-Rules-Be-a-Hero-Poster-in-White-and-Blue-Comic-Corner-with-Super-Heroes-Illustrative-Background-Style-1024x1449.png 1024w, https:\/\/www.dursmlodzi.org.pl\/wp-content\/uploads\/2025\/04\/Class-Rules-Be-a-Hero-Poster-in-White-and-Blue-Comic-Corner-with-Super-Heroes-Illustrative-Background-Style-212x300.png 212w, https:\/\/www.dursmlodzi.org.pl\/wp-content\/uploads\/2025\/04\/Class-Rules-Be-a-Hero-Poster-in-White-and-Blue-Comic-Corner-with-Super-Heroes-Illustrative-Background-Style-724x1024.png 724w, https:\/\/www.dursmlodzi.org.pl\/wp-content\/uploads\/2025\/04\/Class-Rules-Be-a-Hero-Poster-in-White-and-Blue-Comic-Corner-with-Super-Heroes-Illustrative-Background-Style-768x1086.png 768w, https:\/\/www.dursmlodzi.org.pl\/wp-content\/uploads\/2025\/04\/Class-Rules-Be-a-Hero-Poster-in-White-and-Blue-Comic-Corner-with-Super-Heroes-Illustrative-Background-Style-1086x1536.png 1086w, https:\/\/www.dursmlodzi.org.pl\/wp-content\/uploads\/2025\/04\/Class-Rules-Be-a-Hero-Poster-in-White-and-Blue-Comic-Corner-with-Super-Heroes-Illustrative-Background-Style-1448x2048.png 1448w, https:\/\/www.dursmlodzi.org.pl\/wp-content\/uploads\/2025\/04\/Class-Rules-Be-a-Hero-Poster-in-White-and-Blue-Comic-Corner-with-Super-Heroes-Illustrative-Background-Style-763x1080.png 763w, https:\/\/www.dursmlodzi.org.pl\/wp-content\/uploads\/2025\/04\/Class-Rules-Be-a-Hero-Poster-in-White-and-Blue-Comic-Corner-with-Super-Heroes-Illustrative-Background-Style.png 1587w\" sizes=\"auto, (max-width: 1024px) 100vw, 1024px\" \/>   <\/a>\n<\/div>\n\t\t\t\t\t<div class=\"col-padding col-padding-xs\">\n\t\t\t\t\t\t<h3 class=\"post-title space-bottom-small\">\n\t\t\t\t\t\t\t<a href=\"https:\/\/www.dursmlodzi.org.pl\/?p=2173\" rel=\"bookmark\">\n\t\t\t\t\t\t\t\tRegulamin konkursu \u201eDURSIK-owy k\u014dmiks po \u015bl\u014dnsku i o \u015al\u014dnsku&#8221;\t\t\t\t\t\t\t<\/a>\n\t\t\t\t\t\t<\/h3>\n\t\t\t\t\t\t<p>&nbsp; Pobierz plakat konkursowy &nbsp; Pobierz regulamin konkursu i formularz zg\u0142oszeniowy<\/p>\n\t\t\t\t\t\t<a class=\"read-more link\" href=\"https:\/\/www.dursmlodzi.org.pl\/?p=2173\">\n\t\t\t\t\t\t\tRead more\t\t\t\t\t\t<\/a>\n\t\t\t\t\t<\/div>\n\t\t\t\t<\/div>\n\t\t\t<\/div>\n\t\t\t\t\t\t<div id=\"post-2184\" class=\"col-sm-6 col-md-4 space-bottom space-bottom-xs\">\n\t\t\t\t<div class=\"post-content card y-move bordered\">\n\t\t\t\t\t<div class=\"post-thumbnail\">\n   <a href=\"https:\/\/www.dursmlodzi.org.pl\/?p=2184\" class=\"post-list-item-thumb \">\n      <img loading=\"lazy\" decoding=\"async\" width=\"1024\" height=\"1449\" src=\"https:\/\/www.dursmlodzi.org.pl\/wp-content\/uploads\/2025\/05\/11diktand-plakat-1024x1449.png\" class=\"attachment-post-thumbnail size-post-thumbnail wp-post-image\" alt=\"\" srcset=\"https:\/\/www.dursmlodzi.org.pl\/wp-content\/uploads\/2025\/05\/11diktand-plakat-1024x1449.png 1024w, https:\/\/www.dursmlodzi.org.pl\/wp-content\/uploads\/2025\/05\/11diktand-plakat-212x300.png 212w, https:\/\/www.dursmlodzi.org.pl\/wp-content\/uploads\/2025\/05\/11diktand-plakat-724x1024.png 724w, https:\/\/www.dursmlodzi.org.pl\/wp-content\/uploads\/2025\/05\/11diktand-plakat-768x1086.png 768w, https:\/\/www.dursmlodzi.org.pl\/wp-content\/uploads\/2025\/05\/11diktand-plakat-1086x1536.png 1086w, https:\/\/www.dursmlodzi.org.pl\/wp-content\/uploads\/2025\/05\/11diktand-plakat-1448x2048.png 1448w, https:\/\/www.dursmlodzi.org.pl\/wp-content\/uploads\/2025\/05\/11diktand-plakat-763x1080.png 763w, https:\/\/www.dursmlodzi.org.pl\/wp-content\/uploads\/2025\/05\/11diktand-plakat.png 1587w\" sizes=\"auto, (max-width: 1024px) 100vw, 1024px\" \/>   <\/a>\n<\/div>\n\t\t\t\t\t<div class=\"col-padding col-padding-xs\">\n\t\t\t\t\t\t<h3 class=\"post-title space-bottom-small\">\n\t\t\t\t\t\t\t<a href=\"https:\/\/www.dursmlodzi.org.pl\/?p=2184\" rel=\"bookmark\">\n\t\t\t\t\t\t\t\tZaproszyni na XI Diktand \u015al\u014dnskij Godki\t\t\t\t\t\t\t<\/a>\n\t\t\t\t\t\t<\/h3>\n\t\t\t\t\t\t<p>&nbsp; \u015al\u014dnsko godka to je to! \ud83d\udc9b\ud83d\udc99 Ju\u017c 24 maja zapraszamy na XI Diktand \u015al\u014dnskij Godki w Powiatowej i Miejskiej Bibliotece Publicznej w Rybniku! \ud83d\ude0e Na uczestnik\u00f3w czeka moc nagr\u00f3d[&hellip;]<\/p>\n\t\t\t\t\t\t<a class=\"read-more link\" href=\"https:\/\/www.dursmlodzi.org.pl\/?p=2184\">\n\t\t\t\t\t\t\tRead more\t\t\t\t\t\t<\/a>\n\t\t\t\t\t<\/div>\n\t\t\t\t<\/div>\n\t\t\t<\/div>\n\t\t\t\t<\/div>\n\t<\/div><\/div> <div  class=\"row\"><div  class=\"text-center\"> <a  class=\"button color1\" data-attr-shortcode=\"href:mesmerize_blog_link\" href=\"https:\/\/www.dursmlodzi.org.pl\/?page_id=5\" target=\"_self\" rel=\"noopener\">ZOBACZ WSZYSTKIE<\/a><\/div> <\/div><\/div><\/div><div  data-label=\"Cz\u0142onkowie Zarz\u0105du\" data-id=\"team--2\" data-export-id=\"team-5\" data-category=\"team\" class=\"team-5 content-section content-section-spacing\" id=\"czlonkowie-zarzadu\" style=\"background-color: rgb(255, 255, 255); background-image: none;\"><div  class=\"gridContainer\"> <div  class=\"row text-center\"><div  class=\"section-title-col\" data-type=\"column\"> <h2  class=\"\">Cz\u0142onkowie&nbsp;Zarz\u0105du<\/h2> <\/div> <\/div> <div  class=\"row spaced-cols content-center-sm\" data-type=\"row\"> <div  class=\"col-xs-12 col-sm-6 col-padding col-md-4 \"> <div  class=\"row \"> <div  data-type=\"column\" class=\"col-xs-12 col-sm-12\"> <h4  class=\"font-500\">J\u00f3zef Porwo\u0142<\/h4><img  decoding=\"async\" class=\"round face\" src=\"https:\/\/www.dursmlodzi.org.pl\/wp-content\/uploads\/2018\/10\/cropped-jozef_porwol-1.png\" alt=\"\" title=\"cropped-jozef_porwol-1.png\">  <p  class=\"italic\">Prezes<\/p>  <div  class=\"social-icons-group\" data-type=\"group\"> <a  href=\"https:\/\/www.facebook.com\/jozef.porwol\" target=\"_blank\" class=\"\" rel=\"noopener\"><i  class=\"gray fa icon fa-facebook-square\"><\/i><\/a> <a  href=\"#\" target=\"_self\" data-reiki-hidden=\"true\" rel=\"noopener\"><i  class=\"gray fa icon fa-twitter-square\"><\/i><\/a> <a  href=\"#\" target=\"_self\" data-reiki-hidden=\"true\" rel=\"noopener\"><i  class=\"gray fa icon fa-linkedin-square\"><\/i><\/a> <a  href=\"#\" target=\"_self\" data-reiki-hidden=\"true\" rel=\"noopener\"><i  class=\"gray fa icon fa-google-plus-square\"><\/i><\/a><\/div> <\/div><\/div> <\/div>    <div  class=\"col-xs-12 col-sm-6 col-padding col-md-4\"> <div  class=\"row \"> <div  data-type=\"column\" class=\"col-xs-12 col-sm-12\"> <h4  class=\"font-500\">Sebastian Rosiak<\/h4><img  decoding=\"async\" class=\"round face\" src=\"https:\/\/www.dursmlodzi.org.pl\/wp-content\/uploads\/2026\/04\/cropped-cropped-495442127_9863656457026770_6102933795183754097_n.jpg\" alt=\"\" title=\"cropped-cropped-495442127_9863656457026770_6102933795183754097_n.jpg\">  <p  class=\"italic\">Wiceprezes<\/p>  <div  class=\"social-icons-group\" data-type=\"group\"> <a  href=\"https:\/\/www.facebook.com\/sebastian.rosiak.7\" target=\"_blank\" class=\"\" rel=\"noopener\"><i  class=\"gray fa icon fa-facebook-square\"><\/i><\/a> <a  href=\"#\" target=\"_self\" data-reiki-hidden=\"true\" rel=\"noopener\"><i  class=\"gray fa icon fa-twitter-square\"><\/i><\/a> <a  href=\"#\" target=\"_self\" data-reiki-hidden=\"true\" rel=\"noopener\"><i  class=\"gray fa icon fa-linkedin-square\"><\/i><\/a> <a  href=\"#\" target=\"_self\" data-reiki-hidden=\"true\" rel=\"noopener\"><i  class=\"gray fa icon fa-google-plus-square\"><\/i><\/a><\/div> <\/div><\/div> <\/div><div  class=\"col-xs-12 col-sm-6 col-padding col-md-4\"> <div  class=\"row \"> <div  data-type=\"column\" class=\"col-xs-12 col-sm-12\"> <h4  class=\"font-500\">Marcin Petters<\/h4><img  decoding=\"async\" class=\"round face\" src=\"https:\/\/www.dursmlodzi.org.pl\/wp-content\/uploads\/2023\/04\/cropped-cropped-Marcin-Petters.jpeg\" alt=\"\" title=\"cropped-cropped-Marcin-Petters.jpeg\">  <p  class=\"italic\">Wiceprezes<\/p>  <div  class=\"social-icons-group\" data-type=\"group\"> <a  href=\"https:\/\/www.facebook.com\/jozef.porwol\" target=\"_blank\" class=\"\" rel=\"noopener\" data-reiki-hidden=\"true\"><i  class=\"gray fa icon fa-facebook-square\"><\/i><\/a> <a  href=\"#\" target=\"_self\" data-reiki-hidden=\"true\" rel=\"noopener\"><i  class=\"gray fa icon fa-twitter-square\"><\/i><\/a> <a  href=\"#\" target=\"_self\" data-reiki-hidden=\"true\" rel=\"noopener\"><i  class=\"gray fa icon fa-linkedin-square\"><\/i><\/a> <a  href=\"#\" target=\"_self\" data-reiki-hidden=\"true\" rel=\"noopener\"><i  class=\"gray fa icon fa-google-plus-square\"><\/i><\/a><\/div> <\/div><\/div> <\/div><div  class=\"col-xs-12 col-sm-6 col-padding col-md-4\"> <div  class=\"row \"> <div  data-type=\"column\" class=\"col-xs-12 col-sm-12\"> <h4  class=\"font-500\">Gra\u017cyna Jarz\u0105bek<\/h4><img  decoding=\"async\" class=\"round face\" src=\"https:\/\/www.dursmlodzi.org.pl\/wp-content\/uploads\/2018\/10\/cropped-cropped-Jarzabek-Grazyna-1-Powazne-scaled.jpg\" alt=\"\" title=\"cropped-Jarz\u0105bek-Gra\u017cyna-1-Powa\u017cne.jpg\">  <p  class=\"italic\">Sekretarz<\/p>  <div  class=\"social-icons-group\" data-type=\"group\"> <a  href=\"https:\/\/www.facebook.com\/jozef.porwol\" target=\"_blank\" class=\"\" rel=\"noopener\" data-reiki-hidden=\"true\"><i  class=\"gray fa icon fa-facebook-square\"><\/i><\/a> <a  href=\"#\" target=\"_self\" data-reiki-hidden=\"true\" rel=\"noopener\"><i  class=\"gray fa icon fa-twitter-square\"><\/i><\/a> <a  href=\"#\" target=\"_self\" data-reiki-hidden=\"true\" rel=\"noopener\"><i  class=\"gray fa icon fa-linkedin-square\"><\/i><\/a> <a  href=\"#\" target=\"_self\" data-reiki-hidden=\"true\" rel=\"noopener\"><i  class=\"gray fa icon fa-google-plus-square\"><\/i><\/a><\/div> <\/div><\/div> <\/div><div  class=\"col-xs-12 col-sm-6 col-padding col-md-4\"> <div  class=\"row \"> <div  data-type=\"column\" class=\"col-xs-12 col-sm-12\"> <h4  class=\"font-500\">Sebastian Musio\u0142<\/h4><img  decoding=\"async\" class=\"round face\" src=\"https:\/\/www.dursmlodzi.org.pl\/wp-content\/uploads\/2023\/04\/cropped-cropped-cropped-cropped-SebMusiol.jpg\" alt=\"\" title=\"cropped-cropped-cropped-cropped-SebMusiol.jpg\">  <p  class=\"italic\">Skarbnik<\/p>  <div  class=\"social-icons-group\" data-type=\"group\"> <a  href=\"https:\/\/www.facebook.com\/100001439733039\" target=\"_blank\" class=\"\" rel=\"noopener\"><i  class=\"gray fa icon fa-facebook-square\"><\/i><\/a> <a  href=\"#\" target=\"_self\" data-reiki-hidden=\"true\" rel=\"noopener\"><i  class=\"gray fa icon fa-twitter-square\"><\/i><\/a> <a  href=\"#\" target=\"_self\" data-reiki-hidden=\"true\" rel=\"noopener\"><i  class=\"gray fa icon fa-linkedin-square\"><\/i><\/a> <a  href=\"#\" target=\"_self\" data-reiki-hidden=\"true\" rel=\"noopener\"><i  class=\"gray fa icon fa-google-plus-square\"><\/i><\/a><\/div> <\/div><\/div> <\/div>   <div  class=\"col-xs-12 col-sm-6 col-padding col-md-4\"> <div  class=\"row \"> <div  data-type=\"column\" class=\"col-xs-12 col-sm-12\"> <h4  class=\"font-500\">Krzysztof Szweda<\/h4><img  decoding=\"async\" class=\"round face\" src=\"https:\/\/www.dursmlodzi.org.pl\/wp-content\/uploads\/2023\/04\/cropped-cropped-cropped-cropped-KSzweda.jpg\" alt=\"\" title=\"cropped-cropped-cropped-cropped-KSzweda.jpg\">  <p  class=\"italic\">Przewodnicz\u0105cy Komisji Rewizyjnej DUR\u015a <\/p>  <div  class=\"social-icons-group\" data-type=\"group\"> <a  href=\"https:\/\/www.facebook.com\/kristof.szweda?locale=pl_PL\" target=\"_blank\" class=\"\" rel=\"noopener\"><i  class=\"gray fa icon fa-facebook-square\"><\/i><\/a> <a  href=\"#\" target=\"_self\" data-reiki-hidden=\"true\" rel=\"noopener\"><i  class=\"gray fa icon fa-twitter-square\"><\/i><\/a> <a  href=\"#\" target=\"_self\" data-reiki-hidden=\"true\" rel=\"noopener\"><i  class=\"gray fa icon fa-linkedin-square\"><\/i><\/a> <a  href=\"#\" target=\"_self\" data-reiki-hidden=\"true\" rel=\"noopener\"><i  class=\"gray fa icon fa-google-plus-square\"><\/i><\/a><\/div> <\/div><\/div> <\/div><div  class=\"col-xs-12 col-sm-6 col-padding col-md-4\"> <div  class=\"row \"> <div  data-type=\"column\" class=\"col-xs-12 col-sm-12\"> <h4  class=\"font-500\">Adrian S\u0142odowicz<\/h4>  <p  class=\"italic\">Cz\u0142onek Komisji Rewizyjnej<\/p>  <div  class=\"social-icons-group\" data-type=\"group\"> <a  href=\"https:\/\/www.facebook.com\/Adrian1887\" target=\"_blank\" class=\"\" rel=\"noopener\"><i  class=\"gray fa icon fa-facebook-square\"><\/i><\/a> <a  href=\"#\" target=\"_self\" data-reiki-hidden=\"true\" rel=\"noopener\"><i  class=\"gray fa icon fa-twitter-square\"><\/i><\/a> <a  href=\"#\" target=\"_self\" data-reiki-hidden=\"true\" rel=\"noopener\"><i  class=\"gray fa icon fa-linkedin-square\"><\/i><\/a> <a  href=\"#\" target=\"_self\" data-reiki-hidden=\"true\" rel=\"noopener\"><i  class=\"gray fa icon fa-google-plus-square\"><\/i><\/a><\/div> <\/div><\/div> <\/div><div  class=\"col-xs-12 col-sm-6 col-padding col-md-4\"> <div  class=\"row \"> <div  data-type=\"column\" class=\"col-xs-12 col-sm-12\"> <h4  class=\"font-500\">Anna Bartoszek<\/h4>  <p  class=\"italic\">Cz\u0142onek Komisji Rewizyjnej<\/p>  <div  class=\"social-icons-group\" data-type=\"group\"> <a  href=\"https:\/\/www.facebook.com\/jozef.porwol\" target=\"_blank\" class=\"\" rel=\"noopener\" data-reiki-hidden=\"true\"><i  class=\"gray fa icon fa-facebook-square\"><\/i><\/a> <a  href=\"#\" target=\"_self\" data-reiki-hidden=\"true\" rel=\"noopener\"><i  class=\"gray fa icon fa-twitter-square\"><\/i><\/a> <a  href=\"#\" target=\"_self\" data-reiki-hidden=\"true\" rel=\"noopener\"><i  class=\"gray fa icon fa-linkedin-square\"><\/i><\/a> <a  href=\"#\" target=\"_self\" data-reiki-hidden=\"true\" rel=\"noopener\"><i  class=\"gray fa icon fa-google-plus-square\"><\/i><\/a><\/div> <\/div><\/div> <\/div><\/div> <\/div><\/div><div  data-label=\"About\" data-id=\"about--2\" data-export-id=\"about-1\" data-category=\"about\" class=\"about-1 content-section\" id=\"about-2\" style=\"background-color: rgb(255, 255, 255); background-image: none;\"><div  class=\"gridContainer\"> <div  class=\"row text-center\"><div  class=\"section-title-col\" data-type=\"column\">  <h2  class=\"\">Stowarzyszenie Demokratyczna Unia Regionalist\u00f3w \u015al\u0105skich \u201eDUR\u015a\u201d<\/h2> <p  class=\"lead\"><b >Zarejestrowane w S\u0105dzie Rejonowym w Gliwicach, X Wydzia\u0142 Gospodarczy Krajowego Rejestru S\u0105dowego<br >Adres: 44-273 Rybnik, ul. Ustronna 26, www.dursmlodzi.org.pl\n<br >Numer konta : 17 1240 4357 1111 0010 6492 3698<br >KRS: 0000573047 | REGON: 36238997700000 | NIP: 6423191447<\/b><\/p><\/div> <\/div> <div  class=\"row\"> <div  class=\"button-holder space-bottom space-bottom-small\" data-type=\"column\"> <\/div> <div  class=\"col-xs bottom-xs flexbox image-group-bottom-3-img space-bottom-xs center-xs\"> <img  decoding=\"async\" class=\"left-img shadow-large-black\" data-size=\"500x300\" src=\"https:\/\/www.dursmlodzi.org.pl\/wp-content\/uploads\/2018\/10\/cropped-Diktandl.jpg\" alt=\"\" title=\"cropped-Diktandl.jpg\"> <img  decoding=\"async\" class=\"center-img shadow-large-black\" data-size=\"500x300\" src=\"https:\/\/www.dursmlodzi.org.pl\/wp-content\/uploads\/2018\/10\/cropped-DSCN1470-1.jpg\" alt=\"\" title=\"cropped-DSCN1470-1.jpg\"> <img  decoding=\"async\" class=\"right-img shadow-large-black\" data-size=\"500x300\" src=\"https:\/\/www.dursmlodzi.org.pl\/wp-content\/uploads\/2018\/10\/cropped-Silna.jpg\" alt=\"\" title=\"cropped-Silna.jpg\"><\/div> <\/div><\/div> <\/div>","protected":false},"excerpt":{"rendered":"<p>Masz pomys\u0142? Napisz! Podoba Ci si\u0119 nasza wizja i chcesz pom\u00f3c? A mo\u017ce masz ju\u017c jaki\u015b pomys\u0142, ale brakuje Ci ludzi do jego realizacji? Napisz do nas! Poznaj nasz\u0105 wizj\u0119! Po co powstali\u015bmy? Jaki jest cel naszej dzia\u0142alno\u015bci? Co chcemy osi\u0105gn\u0105\u0107? Wszystkie odpowiedzi na tego typu pytania, znajdziesz tutaj. Do\u0142\u0105cz do Nas! \u015aci\u0105gnij deklaracj\u0119 cz\u0142onkowsk\u0105,&hellip; <br \/> <a class=\"read-more\" href=\"https:\/\/www.dursmlodzi.org.pl\/?p=2184\">Dowiedz si\u0119 wi\u0119cej<\/a><\/p>\n","protected":false},"author":1,"featured_media":0,"parent":0,"menu_order":0,"comment_status":"closed","ping_status":"closed","template":"page-templates\/homepage.php","meta":{"footnotes":""},"class_list":["post-4","page","type-page","status-publish","hentry"],"_links":{"self":[{"href":"https:\/\/www.dursmlodzi.org.pl\/index.php?rest_route=\/wp\/v2\/pages\/4","targetHints":{"allow":["GET"]}}],"collection":[{"href":"https:\/\/www.dursmlodzi.org.pl\/index.php?rest_route=\/wp\/v2\/pages"}],"about":[{"href":"https:\/\/www.dursmlodzi.org.pl\/index.php?rest_route=\/wp\/v2\/types\/page"}],"author":[{"embeddable":true,"href":"https:\/\/www.dursmlodzi.org.pl\/index.php?rest_route=\/wp\/v2\/users\/1"}],"replies":[{"embeddable":true,"href":"https:\/\/www.dursmlodzi.org.pl\/index.php?rest_route=%2Fwp%2Fv2%2Fcomments&post=4"}],"version-history":[{"count":53,"href":"https:\/\/www.dursmlodzi.org.pl\/index.php?rest_route=\/wp\/v2\/pages\/4\/revisions"}],"predecessor-version":[{"id":2233,"href":"https:\/\/www.dursmlodzi.org.pl\/index.php?rest_route=\/wp\/v2\/pages\/4\/revisions\/2233"}],"wp:attachment":[{"href":"https:\/\/www.dursmlodzi.org.pl\/index.php?rest_route=%2Fwp%2Fv2%2Fmedia&parent=4"}],"curies":[{"name":"wp","href":"https:\/\/api.w.org\/{rel}","templated":true}]}}