{"id":405,"date":"2018-11-16T10:22:37","date_gmt":"2018-11-16T10:22:37","guid":{"rendered":"http:\/\/www.dursmlodzi.org.pl\/?page_id=405"},"modified":"2018-11-18T09:47:52","modified_gmt":"2018-11-18T09:47:52","slug":"4-diktand-godki-slonskij","status":"publish","type":"page","link":"https:\/\/www.dursmlodzi.org.pl\/?page_id=405","title":{"rendered":"4 Diktand Godki \u015al\u014dnskij"},"content":{"rendered":"<div class=\"row\">\n<div class=\"span12 first-module module_number_1 module_cont center_title module_text_area\">\n<div class=\"bg_title\">\n<h3><a href=\"http:\/\/www.dursmlodzi.org.pl\/wp-content\/uploads\/2018\/11\/site-top.jpg\" data-rel=\"lightbox-image-0\" data-rl_title=\"\" data-rl_caption=\"\" title=\"\"><img loading=\"lazy\" decoding=\"async\" class=\"alignnone size-full wp-image-406\" src=\"http:\/\/www.dursmlodzi.org.pl\/wp-content\/uploads\/2018\/11\/site-top.jpg\" alt=\"\" width=\"1170\" height=\"400\" srcset=\"https:\/\/www.dursmlodzi.org.pl\/wp-content\/uploads\/2018\/11\/site-top.jpg 1170w, https:\/\/www.dursmlodzi.org.pl\/wp-content\/uploads\/2018\/11\/site-top-300x103.jpg 300w, https:\/\/www.dursmlodzi.org.pl\/wp-content\/uploads\/2018\/11\/site-top-768x263.jpg 768w, https:\/\/www.dursmlodzi.org.pl\/wp-content\/uploads\/2018\/11\/site-top-1024x350.jpg 1024w\" sizes=\"auto, (max-width: 1170px) 100vw, 1170px\" \/><\/a><\/h3>\n<\/div>\n<div class=\"bg_subtitle\">\n<p class=\"subheadInModule\">\n<\/div>\n<div class=\"module_content\">\n<p><span style=\"color: #000000;\">\u201e4. Diktand Godki \u015al\u014dnskij P.M. \u0141ysohorskygo Ondry\u201d ju\u017c za nami, niew\u0105tpliwie jest to kolejny sukces naszego stowarzyszenia! W czwartej edycji ze \u201e\u015bl\u014dnskom godkom\u201d zmierzy\u0142o si\u0119 blisko 50 os\u00f3b w r\u00f3\u017cnym przedziale wiekowym, najm\u0142odsza uczestniczka mia\u0142a 11 lat, za\u015b najstarszy uczestnik 76 lat.<\/span><\/p>\n<p><span style=\"color: #000000;\">Diktando rozpocz\u0119\u0142o si\u0119 o godzinie 16.00 na terenach Zabytkowej Kopalnii Ignacy. Imprez\u0119 otworzy\u0142 przedstawiciel organizatora, prezes Demokratycznej Unii Regionalist\u00f3w \u015al\u0105skich &#8211; J\u00f3zef Porwo\u0142, kt\u00f3ry zapowiedzia\u0142 wyst\u0119p znanego bluesmana Adama Kulisza oraz przedstawi\u0142 plan imprezy. Po tym wyst\u0119pie, oko\u0142o godziny 16.30 wyst\u0105pi\u0142 ze swoimi najlepszymi skeczami Eugeniusz Kosma\u0142a czyli Ojgyn z Pniok\u00f3w. Samo dyktando rozpocz\u0119\u0142o si\u0119 o godzinie 17.00, kr\u00f3tkim wst\u0119pem J\u00f3zefa Porwo\u0142a oraz przedstawieniem Europos\u0142a Marka Plury. Europose\u0142 swoj\u0105 wypowied\u017a skupi\u0142 g\u0142ownie na temacie roli takich imprez jak diktand w kulturze \u015bl\u0105skiej. Po tym wst\u0119pie mikrofon przej\u0105\u0142 Eugeniusz Kosmala, kt\u00f3ry czyta\u0142 tekst dyktanda.<\/span><br \/>\n<span style=\"color: #000000;\">Sprawdzanie prac rozpocz\u0119\u0142o si\u0119 oko\u0142o godziny 17.35, prace ocenia\u0142a komisja w sk\u0142adzie: Porwo\u0142 J\u00f3zef, Alojzy Zimo\u0144czyk, Stanis\u0142aw Neblik, Andrzej Roczniok i Andrzej Szczeponek.<\/span><\/p>\n<p><span style=\"color: #000000;\">W trakcie oceny prac uczestnicy skorzystali z pocz\u0119stunku, czas w oczekiwaniu na wyniki umila\u0142y wyst\u0119py \u015bl\u0105skich zespo\u0142\u00f3w ludowych z KGW Popiel\u00f4w \u2013Radziej\u00f4w oraz KGW z Gotartowic \u2013 kt\u00f3rym serdecznie dzi\u0119kujemy.<\/span><\/p>\n<p><span style=\"color: #000000;\">Po wr\u0119czeniu nagr\u00f3d, diktand podsumowa\u0142 wiceprezydent Rybnika Piotr Mas\u0142owski a zako\u0144czy\u0142 i po\u017cegna\u0142 wszystkich prezes Demokratycznej Unii Regionalist\u00f3w \u015al\u0105skich J\u00f3zef Porwo\u0142.<\/span><\/p>\n<p><span style=\"color: #000000;\">Poni\u017cej prezentujemy list\u0119 zwyci\u0119zc\u00f3w.<\/span><\/p>\n<p><span style=\"color: #000000;\">1. miejsce:\u00a0<strong>Mariusz Pomyko\u0142<\/strong>\u00a0z Rybnika &#8211; puchar prez. Miasta Rybnik, Wycieczka dla dw\u00f3ch os\u00f3b do Strasburga oraz nagroda pieni\u0119\u017cna ufundowan\u0105 przez Europos\u0142a Marka Plur\u0119.<\/span><br \/>\n<span style=\"color: #000000;\">2. miejsce:\u00a0<strong>Aleksandra Gruszka<\/strong>\u00a0z Rudy \u015al\u0105skiej &#8211; puchar prez. Miasta Rybnik, wycieczka dla dw\u00f3ch os\u00f3b do Strasburga, oraz nagroda pieni\u0119\u017cna ufundowan\u0105 przez firm\u0119 LUBAR w Rybniku.<\/span><br \/>\n<span style=\"color: #000000;\">3. miejsce:\u00a0<strong>Ewa Szczodra<\/strong>\u00a0z Mys\u0142owic &#8211; puchar prez. Miasta Rybnik, wycieczka dla dw\u00f3ch os\u00f3b do Strasburga, oraz nagroda pieni\u0119\u017cna ufundowan\u0105 przez firm\u0119 MERSPLAST w Rybniku.<\/span><br \/>\n<span style=\"color: #000000;\">4. miejsce:\u00a0<strong>Dariusz Jerczy\u0144ski<\/strong>\u00a0z Katowic &#8211; nagroda rzeczowa ufundowana przez Prezydenta Miasta Rybnik, oraz bon ufundowany przez firm\u0119 Tygiel Rozmaito\u015bci z Wodzis\u0142awia \u015al\u0105skiego.<\/span><br \/>\n<span style=\"color: #000000;\">5. miejsce:\u00a0<strong>Gra\u017cyna Jarz\u0105bek<\/strong>\u00a0z Rybnika &#8211; nagroda rzeczowa ufundowana przez Prezydenta Miasta Rybnik.<\/span><br \/>\n<span style=\"color: #000000;\">6. miejsce:\u00a0<strong>Karina Walura<\/strong>\u00a0z Radlina &#8211; nagroda rzeczowa ufundowana przez Prezydenta Miasta Rybnik.<\/span><br \/>\n<span style=\"color: #000000;\">7. miejsce:\u00a0<strong>J\u00f3zef Cyran<\/strong>\u00a0z Lysek &#8211; nagroda rzeczowa ufundowana przez Prezydenta Miasta Rybnik.<\/span><br \/>\n<span style=\"color: #000000;\">8. miejsce:\u00a0<strong>Wioleta Batura<\/strong>\u00a0z Mys\u0142owic &#8211; nagroda rzeczowa ufundowana przez Prezydenta Miasta Rybnik.<\/span><br \/>\n<span style=\"color: #000000;\">9. miejsce:\u00a0<strong>Janina Rojczyk<\/strong>\u00a0z Rybnika &#8211; nagroda rzeczowa ufundowana przez Prezydenta Miasta Rybnik.<\/span><br \/>\n<span style=\"color: #000000;\">10. miejsce:\u00a0<strong>Jan Lubos<\/strong>\u00a0z Rybnika &#8211; nagroda rzeczowa ufundowana przez Prezydenta Miasta Rybnik,<\/span><\/p>\n<p><span style=\"color: #000000;\">Dla najstarszego uczestnika wyr\u00f3\u017cnienia otrzyma\u0142\u00a0<strong>J\u00f3zef Cyran<\/strong>\u00a0z Lysek, za\u015b dla najm\u0142odszego\u00a0<strong>Antonina Korbel<\/strong>\u00a0z Rybnika, nagrody ufundowa\u0142 wsp\u00f3\u0142organizator: Zabytkowa Kopalnia Ignacy.<\/span><\/p>\n<p><span style=\"color: #000000;\">Nagrody rzeczowe oraz pieni\u0119\u017cne ufundowane zosta\u0142y przez Europos\u0142a Marka Plur\u0119, Prezydenta Miasta Rybnika, firmy Lubar, Mersplast, Tygiel Rozmaito\u015bci. Pocz\u0119stunek zapewnili: Cukiernia &#8222;Iwona&#8221; Micha\u0142 Kominek w Rybniku, Cukiernia &#8211; Izabela Ko\u0142odziej w Rybniku, Piekarnia Boguszowice &#8211; Emilia Kristof Firma Rodzina Sp. z o.o.<\/span><\/p>\n<p>&nbsp;<\/p>\n<\/div>\n<\/div>\n<\/div>\n<div class=\"row\">\n<div class=\"span12 module_number_2 module_cont center_title module_text_area\">\n<div class=\"bg_title\">\n<h3 class=\"headInModule\"><span style=\"color: #000000;\">IV Diktand 2017 &#8211; tre\u015b\u0107<\/span><\/h3>\n<\/div>\n<div class=\"bg_subtitle\">\n<p class=\"subheadInModule\"><span style=\"color: #000000;\">O cipce karolince &#8211; fragment tekstu ze \u201eHankowych bojk\u014dw do ciacianych a m\u014dndrych bajtl\u014dw\u201d Aleksandra Lubiny<\/span><\/p>\n<\/div>\n<div class=\"module_content\">\n<p><span style=\"color: #000000;\">We morusowym gojiczku cipka Karolinka ko\u017cdy dziy\u0144 sk\u0142odo po jednym bio\u0142ym, kej \u015bniyg, jajcu. Filip, bezicer Karolinki, ko\u017cdy dziy\u0144 podbiyro jyj te jedne bio\u0142e, kej \u015bniyg jajuszko, warzy dwie minuty i jy na \u015bniodanie. Filip je rod, Karolinka rada niy je.\u2028Smiynio cipka plac, kaj sie gnio\u017adzi, coby skry\u0107 jajco przed Filipym, ino gdokanie j\u014dm wyzdradzo. Sk\u0142odo jajco, zagdoko, pokazuje sie Filip i po jajcu. Cipka musi gdoka\u0107, kej jajco zniesie \u2013 tako dy\u0107 ju\u017c je.\u2028We jedyn fajny dzionek Filip dosto\u0142 smaka na dwa jajca na miynko. Dwuch jajc\u014dw na dziy\u0144 Karolinka niy sk\u0142odo. Trza mie\u0107 dwie cipki, kere sk\u0142odaj\u014dm bio\u0142e kej \u015bniyg jajuszka. A to sie do zrobi\u0107.\u2028Na drugi dzionek Karolinka sk\u0142odo jajco, gdoko, Filip przi\u0142azi, cipka kwoli i ku jeji \u017adziwiyniu jajca niy biere. Tak je we ko\u017cdy dziy\u0144 bez co\u0142ki tydziy\u0144.\u2028Zic\u0142a sie Karolinka w gnio\u017adzie na jajcach, jajc\u014dw ju\u017c niy sk\u0142odo. Siedym jajc\u014dw, kej mlyko bio\u0142ych, cipka bez trzi tydnie wysiaduje.\u2028Po tym czasie przi\u0142a\u017c\u014dm na \u015bwiat cipeczki, co \u00f4g\u0142osi\u014d\u0142y fest zdrowym piskym.\u2028Piskloki piyrz\u014dm sie. Wyrostaj\u014dm z pisklok\u014dw gryfne cipeczki. Szej\u015b klajne cipek a jedyn kokocik. Bio\u0142y kokocik, a farbiste cipki.<\/span><\/p>\n<p>&nbsp;<\/p>\n<\/div>\n<\/div>\n<\/div>\n<div class=\"row\">\n<div class=\"span12 module_number_3 module_cont center_title module_gallery\">\n<div class=\"bg_title\">\n<h3 class=\"headInModule\"><span style=\"color: #000000;\">4 Diktand \u015al\u014dnskij Godki<\/span><\/h3>\n<\/div>\n<div class=\"bg_subtitle\">\n<p class=\"subheadInModule\"><span style=\"color: #000000;\">galeria autorstwa \u0141ukasza Kohuta<\/span><\/p>\n<div class=\"rl-gallery-container rl-loading\" id=\"rl-gallery-container-1\" data-gallery_id=\"317\"> <div class=\"rl-gallery rl-basicgrid-gallery \" id=\"rl-gallery-1\" data-gallery_no=\"1\"> <div class=\"rl-gallery-item\"><a href=\"https:\/\/www.dursmlodzi.org.pl\/wp-content\/uploads\/2018\/11\/dyktando01-1496058032.jpg\" title=\"\" data-rl_title=\"\" class=\"rl-gallery-link\" data-rl_caption=\"\" data-rel=\"lightbox-gallery-1\"><img loading=\"lazy\" decoding=\"async\" src=\"https:\/\/www.dursmlodzi.org.pl\/wp-content\/uploads\/2018\/11\/dyktando01-1496058032-150x150.jpg\" width=\"150\" height=\"150\" alt=\"\"\/><\/a><\/div><div class=\"rl-gallery-item\"><a href=\"https:\/\/www.dursmlodzi.org.pl\/wp-content\/uploads\/2018\/11\/dyktando02-1496058032.jpg\" title=\"\" data-rl_title=\"\" class=\"rl-gallery-link\" data-rl_caption=\"\" data-rel=\"lightbox-gallery-1\"><img loading=\"lazy\" decoding=\"async\" src=\"https:\/\/www.dursmlodzi.org.pl\/wp-content\/uploads\/2018\/11\/dyktando02-1496058032-150x150.jpg\" width=\"150\" height=\"150\" alt=\"\"\/><\/a><\/div><div class=\"rl-gallery-item\"><a href=\"https:\/\/www.dursmlodzi.org.pl\/wp-content\/uploads\/2018\/11\/dyktando03-1496058032.jpg\" title=\"\" data-rl_title=\"\" class=\"rl-gallery-link\" data-rl_caption=\"\" data-rel=\"lightbox-gallery-1\"><img loading=\"lazy\" decoding=\"async\" src=\"https:\/\/www.dursmlodzi.org.pl\/wp-content\/uploads\/2018\/11\/dyktando03-1496058032-150x150.jpg\" width=\"150\" height=\"150\" alt=\"\"\/><\/a><\/div><div class=\"rl-gallery-item\"><a href=\"https:\/\/www.dursmlodzi.org.pl\/wp-content\/uploads\/2018\/11\/dyktando05-1496058032.jpg\" title=\"\" data-rl_title=\"\" class=\"rl-gallery-link\" data-rl_caption=\"\" data-rel=\"lightbox-gallery-1\"><img loading=\"lazy\" decoding=\"async\" src=\"https:\/\/www.dursmlodzi.org.pl\/wp-content\/uploads\/2018\/11\/dyktando05-1496058032-150x150.jpg\" width=\"150\" height=\"150\" alt=\"\"\/><\/a><\/div><div class=\"rl-gallery-item\"><a href=\"https:\/\/www.dursmlodzi.org.pl\/wp-content\/uploads\/2018\/11\/dyktando06-1496058032.jpg\" title=\"\" data-rl_title=\"\" class=\"rl-gallery-link\" data-rl_caption=\"\" data-rel=\"lightbox-gallery-1\"><img loading=\"lazy\" decoding=\"async\" src=\"https:\/\/www.dursmlodzi.org.pl\/wp-content\/uploads\/2018\/11\/dyktando06-1496058032-150x150.jpg\" width=\"150\" height=\"150\" alt=\"\"\/><\/a><\/div><div class=\"rl-gallery-item\"><a href=\"https:\/\/www.dursmlodzi.org.pl\/wp-content\/uploads\/2018\/11\/dyktando07-1496058032.jpg\" title=\"\" data-rl_title=\"\" class=\"rl-gallery-link\" data-rl_caption=\"\" data-rel=\"lightbox-gallery-1\"><img loading=\"lazy\" decoding=\"async\" src=\"https:\/\/www.dursmlodzi.org.pl\/wp-content\/uploads\/2018\/11\/dyktando07-1496058032-150x150.jpg\" width=\"150\" height=\"150\" alt=\"\"\/><\/a><\/div><div class=\"rl-gallery-item\"><a href=\"https:\/\/www.dursmlodzi.org.pl\/wp-content\/uploads\/2018\/11\/dyktando12-1496058032.jpg\" title=\"\" data-rl_title=\"\" class=\"rl-gallery-link\" data-rl_caption=\"\" data-rel=\"lightbox-gallery-1\"><img loading=\"lazy\" decoding=\"async\" src=\"https:\/\/www.dursmlodzi.org.pl\/wp-content\/uploads\/2018\/11\/dyktando12-1496058032-150x150.jpg\" width=\"150\" height=\"150\" alt=\"\"\/><\/a><\/div><div class=\"rl-gallery-item\"><a href=\"https:\/\/www.dursmlodzi.org.pl\/wp-content\/uploads\/2018\/11\/dyktando14-1496058032.jpg\" title=\"\" data-rl_title=\"\" class=\"rl-gallery-link\" data-rl_caption=\"\" data-rel=\"lightbox-gallery-1\"><img loading=\"lazy\" decoding=\"async\" src=\"https:\/\/www.dursmlodzi.org.pl\/wp-content\/uploads\/2018\/11\/dyktando14-1496058032-150x150.jpg\" width=\"150\" height=\"150\" alt=\"\"\/><\/a><\/div><div class=\"rl-gallery-item\"><a href=\"https:\/\/www.dursmlodzi.org.pl\/wp-content\/uploads\/2018\/11\/dyktando16-1496058032.jpg\" title=\"\" data-rl_title=\"\" class=\"rl-gallery-link\" data-rl_caption=\"\" data-rel=\"lightbox-gallery-1\"><img loading=\"lazy\" decoding=\"async\" src=\"https:\/\/www.dursmlodzi.org.pl\/wp-content\/uploads\/2018\/11\/dyktando16-1496058032-150x150.jpg\" width=\"150\" height=\"150\" alt=\"\"\/><\/a><\/div><div class=\"rl-gallery-item\"><a href=\"https:\/\/www.dursmlodzi.org.pl\/wp-content\/uploads\/2018\/11\/dyktando17-1496058032.jpg\" title=\"\" data-rl_title=\"\" class=\"rl-gallery-link\" data-rl_caption=\"\" data-rel=\"lightbox-gallery-1\"><img loading=\"lazy\" decoding=\"async\" src=\"https:\/\/www.dursmlodzi.org.pl\/wp-content\/uploads\/2018\/11\/dyktando17-1496058032-150x150.jpg\" width=\"150\" height=\"150\" alt=\"\"\/><\/a><\/div><div class=\"rl-gallery-item\"><a href=\"https:\/\/www.dursmlodzi.org.pl\/wp-content\/uploads\/2018\/11\/dyktando18-1496058032.jpg\" title=\"\" data-rl_title=\"\" class=\"rl-gallery-link\" data-rl_caption=\"\" data-rel=\"lightbox-gallery-1\"><img loading=\"lazy\" decoding=\"async\" src=\"https:\/\/www.dursmlodzi.org.pl\/wp-content\/uploads\/2018\/11\/dyktando18-1496058032-150x150.jpg\" width=\"150\" height=\"150\" alt=\"\"\/><\/a><\/div><div class=\"rl-gallery-item\"><a href=\"https:\/\/www.dursmlodzi.org.pl\/wp-content\/uploads\/2018\/11\/dyktando19-1496058032.jpg\" title=\"\" data-rl_title=\"\" class=\"rl-gallery-link\" data-rl_caption=\"\" data-rel=\"lightbox-gallery-1\"><img loading=\"lazy\" decoding=\"async\" src=\"https:\/\/www.dursmlodzi.org.pl\/wp-content\/uploads\/2018\/11\/dyktando19-1496058032-150x150.jpg\" width=\"150\" height=\"150\" alt=\"\"\/><\/a><\/div><div class=\"rl-gallery-item\"><a href=\"https:\/\/www.dursmlodzi.org.pl\/wp-content\/uploads\/2018\/11\/dyktando20-1496058032.jpg\" title=\"\" data-rl_title=\"\" class=\"rl-gallery-link\" data-rl_caption=\"\" data-rel=\"lightbox-gallery-1\"><img loading=\"lazy\" decoding=\"async\" src=\"https:\/\/www.dursmlodzi.org.pl\/wp-content\/uploads\/2018\/11\/dyktando20-1496058032-150x150.jpg\" width=\"150\" height=\"150\" alt=\"\"\/><\/a><\/div><div class=\"rl-gallery-item\"><a href=\"https:\/\/www.dursmlodzi.org.pl\/wp-content\/uploads\/2018\/11\/dyktando27-1496058032.jpg\" title=\"\" data-rl_title=\"\" class=\"rl-gallery-link\" data-rl_caption=\"\" data-rel=\"lightbox-gallery-1\"><img loading=\"lazy\" decoding=\"async\" src=\"https:\/\/www.dursmlodzi.org.pl\/wp-content\/uploads\/2018\/11\/dyktando27-1496058032-150x150.jpg\" width=\"150\" height=\"150\" alt=\"\"\/><\/a><\/div><div class=\"rl-gallery-item\"><a href=\"https:\/\/www.dursmlodzi.org.pl\/wp-content\/uploads\/2018\/11\/dyktando28-1496058032.jpg\" title=\"\" data-rl_title=\"\" class=\"rl-gallery-link\" data-rl_caption=\"\" data-rel=\"lightbox-gallery-1\"><img loading=\"lazy\" decoding=\"async\" src=\"https:\/\/www.dursmlodzi.org.pl\/wp-content\/uploads\/2018\/11\/dyktando28-1496058032-150x150.jpg\" width=\"150\" height=\"150\" alt=\"\"\/><\/a><\/div><div class=\"rl-gallery-item\"><a href=\"https:\/\/www.dursmlodzi.org.pl\/wp-content\/uploads\/2018\/11\/dyktando38-1496058032.jpg\" title=\"\" data-rl_title=\"\" class=\"rl-gallery-link\" data-rl_caption=\"\" data-rel=\"lightbox-gallery-1\"><img loading=\"lazy\" decoding=\"async\" src=\"https:\/\/www.dursmlodzi.org.pl\/wp-content\/uploads\/2018\/11\/dyktando38-1496058032-150x150.jpg\" width=\"150\" height=\"150\" alt=\"\"\/><\/a><\/div><div class=\"rl-gallery-item\"><a href=\"https:\/\/www.dursmlodzi.org.pl\/wp-content\/uploads\/2018\/11\/dyktando39-1496058032.jpg\" title=\"\" data-rl_title=\"\" class=\"rl-gallery-link\" data-rl_caption=\"\" data-rel=\"lightbox-gallery-1\"><img loading=\"lazy\" decoding=\"async\" src=\"https:\/\/www.dursmlodzi.org.pl\/wp-content\/uploads\/2018\/11\/dyktando39-1496058032-150x150.jpg\" width=\"150\" height=\"150\" alt=\"\"\/><\/a><\/div><div class=\"rl-gallery-item\"><a href=\"https:\/\/www.dursmlodzi.org.pl\/wp-content\/uploads\/2018\/11\/dyktando40-1496058032.jpg\" title=\"\" data-rl_title=\"\" class=\"rl-gallery-link\" data-rl_caption=\"\" data-rel=\"lightbox-gallery-1\"><img loading=\"lazy\" decoding=\"async\" src=\"https:\/\/www.dursmlodzi.org.pl\/wp-content\/uploads\/2018\/11\/dyktando40-1496058032-150x150.jpg\" width=\"150\" height=\"150\" alt=\"\"\/><\/a><\/div><div class=\"rl-gallery-item\"><a href=\"https:\/\/www.dursmlodzi.org.pl\/wp-content\/uploads\/2018\/11\/dyktando41-1496058032.jpg\" title=\"\" data-rl_title=\"\" class=\"rl-gallery-link\" data-rl_caption=\"\" data-rel=\"lightbox-gallery-1\"><img loading=\"lazy\" decoding=\"async\" src=\"https:\/\/www.dursmlodzi.org.pl\/wp-content\/uploads\/2018\/11\/dyktando41-1496058032-150x150.jpg\" width=\"150\" height=\"150\" alt=\"\"\/><\/a><\/div><div class=\"rl-gallery-item\"><a href=\"https:\/\/www.dursmlodzi.org.pl\/wp-content\/uploads\/2018\/11\/dyktando42-1496058032.jpg\" title=\"\" data-rl_title=\"\" class=\"rl-gallery-link\" data-rl_caption=\"\" data-rel=\"lightbox-gallery-1\"><img loading=\"lazy\" decoding=\"async\" src=\"https:\/\/www.dursmlodzi.org.pl\/wp-content\/uploads\/2018\/11\/dyktando42-1496058032-150x150.jpg\" width=\"150\" height=\"150\" alt=\"\"\/><\/a><\/div><div class=\"rl-gallery-item\"><a href=\"https:\/\/www.dursmlodzi.org.pl\/wp-content\/uploads\/2018\/11\/dyktando60-1496058033.jpg\" title=\"\" data-rl_title=\"\" class=\"rl-gallery-link\" data-rl_caption=\"\" data-rel=\"lightbox-gallery-1\"><img loading=\"lazy\" decoding=\"async\" src=\"https:\/\/www.dursmlodzi.org.pl\/wp-content\/uploads\/2018\/11\/dyktando60-1496058033-150x150.jpg\" width=\"150\" height=\"150\" alt=\"\"\/><\/a><\/div><div class=\"rl-gallery-item\"><a href=\"https:\/\/www.dursmlodzi.org.pl\/wp-content\/uploads\/2018\/11\/dyktando61-1496058033.jpg\" title=\"\" data-rl_title=\"\" class=\"rl-gallery-link\" data-rl_caption=\"\" data-rel=\"lightbox-gallery-1\"><img loading=\"lazy\" decoding=\"async\" src=\"https:\/\/www.dursmlodzi.org.pl\/wp-content\/uploads\/2018\/11\/dyktando61-1496058033-150x150.jpg\" width=\"150\" height=\"150\" alt=\"\"\/><\/a><\/div><div class=\"rl-gallery-item\"><a href=\"https:\/\/www.dursmlodzi.org.pl\/wp-content\/uploads\/2018\/11\/galbig3.jpg\" title=\"\" data-rl_title=\"\" class=\"rl-gallery-link\" data-rl_caption=\"\" data-rel=\"lightbox-gallery-1\"><img loading=\"lazy\" decoding=\"async\" src=\"https:\/\/www.dursmlodzi.org.pl\/wp-content\/uploads\/2018\/11\/galbig3-150x150.jpg\" width=\"150\" height=\"150\" alt=\"\"\/><\/a><\/div> <\/div> <\/div>\n<\/div>\n<\/div>\n<div class=\"row\">\n<div class=\"span12 module_number_3 module_cont center_title module_gallery\">\n<div class=\"list-of-images images_in_a_row_4\">\n<div class=\"gallery_item\">\n<div class=\"gallery_item_padding\">\n<div class=\"gallery_item_wrapper\"><\/div>\n<\/div>\n<\/div>\n<\/div>\n<\/div>\n<\/div>\n<\/div>\n<div class=\"row\">\n<div class=\"row\">\n<div class=\"span12 module_number_5 module_cont center_title module_text_area\">\n<div class=\"module_content\">\n<p>&nbsp;<\/p>\n<p>Partnerzy, patroni medialni i sponsorzy:<\/p>\n<\/div>\n<\/div>\n<p><a href=\"http:\/\/www.dursmlodzi.org.pl\/wp-content\/uploads\/2018\/11\/pasek_partenrzy.jpg\" data-rel=\"lightbox-image-24\" data-rl_title=\"\" data-rl_caption=\"\" title=\"\"><img loading=\"lazy\" decoding=\"async\" class=\"alignnone size-full wp-image-355\" src=\"http:\/\/www.dursmlodzi.org.pl\/wp-content\/uploads\/2018\/11\/pasek_partenrzy.jpg\" alt=\"\" width=\"1170\" height=\"149\" srcset=\"https:\/\/www.dursmlodzi.org.pl\/wp-content\/uploads\/2018\/11\/pasek_partenrzy.jpg 1170w, https:\/\/www.dursmlodzi.org.pl\/wp-content\/uploads\/2018\/11\/pasek_partenrzy-300x38.jpg 300w, https:\/\/www.dursmlodzi.org.pl\/wp-content\/uploads\/2018\/11\/pasek_partenrzy-768x98.jpg 768w, https:\/\/www.dursmlodzi.org.pl\/wp-content\/uploads\/2018\/11\/pasek_partenrzy-1024x130.jpg 1024w\" sizes=\"auto, (max-width: 1170px) 100vw, 1170px\" \/><\/a><\/p>\n<\/div>\n<\/div>\n","protected":false},"excerpt":{"rendered":"<p>\u201e4. Diktand Godki \u015al\u014dnskij P.M. \u0141ysohorskygo Ondry\u201d ju\u017c za nami, niew\u0105tpliwie jest to kolejny sukces naszego stowarzyszenia! W czwartej edycji ze \u201e\u015bl\u014dnskom godkom\u201d zmierzy\u0142o si\u0119 blisko 50 os\u00f3b w r\u00f3\u017cnym przedziale wiekowym, najm\u0142odsza uczestniczka mia\u0142a 11 lat, za\u015b najstarszy uczestnik 76 lat. Diktando rozpocz\u0119\u0142o si\u0119 o godzinie 16.00 na terenach Zabytkowej Kopalnii Ignacy. Imprez\u0119 otworzy\u0142&hellip; <br \/> <a class=\"read-more\" href=\"https:\/\/www.dursmlodzi.org.pl\/?page_id=405\">Dowiedz si\u0119 wi\u0119cej<\/a><\/p>\n","protected":false},"author":1,"featured_media":0,"parent":0,"menu_order":0,"comment_status":"closed","ping_status":"closed","template":"page-templates\/homepage.php","meta":{"footnotes":""},"class_list":["post-405","page","type-page","status-publish","hentry"],"_links":{"self":[{"href":"https:\/\/www.dursmlodzi.org.pl\/index.php?rest_route=\/wp\/v2\/pages\/405","targetHints":{"allow":["GET"]}}],"collection":[{"href":"https:\/\/www.dursmlodzi.org.pl\/index.php?rest_route=\/wp\/v2\/pages"}],"about":[{"href":"https:\/\/www.dursmlodzi.org.pl\/index.php?rest_route=\/wp\/v2\/types\/page"}],"author":[{"embeddable":true,"href":"https:\/\/www.dursmlodzi.org.pl\/index.php?rest_route=\/wp\/v2\/users\/1"}],"replies":[{"embeddable":true,"href":"https:\/\/www.dursmlodzi.org.pl\/index.php?rest_route=%2Fwp%2Fv2%2Fcomments&post=405"}],"version-history":[{"count":5,"href":"https:\/\/www.dursmlodzi.org.pl\/index.php?rest_route=\/wp\/v2\/pages\/405\/revisions"}],"predecessor-version":[{"id":441,"href":"https:\/\/www.dursmlodzi.org.pl\/index.php?rest_route=\/wp\/v2\/pages\/405\/revisions\/441"}],"wp:attachment":[{"href":"https:\/\/www.dursmlodzi.org.pl\/index.php?rest_route=%2Fwp%2Fv2%2Fmedia&parent=405"}],"curies":[{"name":"wp","href":"https:\/\/api.w.org\/{rel}","templated":true}]}}