{"id":412,"date":"2018-11-16T10:27:47","date_gmt":"2018-11-16T10:27:47","guid":{"rendered":"http:\/\/www.dursmlodzi.org.pl\/?page_id=412"},"modified":"2018-11-19T22:12:25","modified_gmt":"2018-11-19T22:12:25","slug":"5-diktand-godki-slonskij","status":"publish","type":"page","link":"https:\/\/www.dursmlodzi.org.pl\/?page_id=412","title":{"rendered":"5 Diktand Godki \u015al\u014dnskij"},"content":{"rendered":"<div class=\"bg_title\">\n<h3><a href=\"http:\/\/www.dursmlodzi.org.pl\/wp-content\/uploads\/2018\/11\/Wydarzenie-top-strona.jpg\" data-rel=\"lightbox-image-0\" data-rl_title=\"\" data-rl_caption=\"\" title=\"\"><img loading=\"lazy\" decoding=\"async\" class=\"alignnone size-full wp-image-413\" src=\"http:\/\/www.dursmlodzi.org.pl\/wp-content\/uploads\/2018\/11\/Wydarzenie-top-strona.jpg\" alt=\"\" width=\"1170\" height=\"400\" srcset=\"https:\/\/www.dursmlodzi.org.pl\/wp-content\/uploads\/2018\/11\/Wydarzenie-top-strona.jpg 1170w, https:\/\/www.dursmlodzi.org.pl\/wp-content\/uploads\/2018\/11\/Wydarzenie-top-strona-300x103.jpg 300w, https:\/\/www.dursmlodzi.org.pl\/wp-content\/uploads\/2018\/11\/Wydarzenie-top-strona-768x263.jpg 768w, https:\/\/www.dursmlodzi.org.pl\/wp-content\/uploads\/2018\/11\/Wydarzenie-top-strona-1024x350.jpg 1024w\" sizes=\"auto, (max-width: 1170px) 100vw, 1170px\" \/><\/a><\/h3>\n<h3 class=\"headInModule\"><a style=\"font-family: 'Open Sans', sans-serif; font-size: 16px;\" href=\"https:\/\/www.facebook.com\/demokratyczna.unia.regionalistow.slaskich\/\" rel=\"noopener\">Demokratyczna Unia Regionalist\u00f3w \u015al\u0105skich<\/a><span style=\"color: #333333; font-family: 'Open Sans', sans-serif; font-size: 16px;\">\u00a0oraz Zesp\u00f3\u0142 Kodyfikacji Godki \u015al\u0105skiej zapraszaj\u0105 na V Diktand Godki \u015al\u014dnskij kt\u00f3ry honorowym patronatem obj\u0105\u0142 po raz kolejny prezydenta miasta Rybnika\u00a0<\/span><a style=\"font-family: 'Open Sans', sans-serif; font-size: 16px;\" href=\"https:\/\/www.facebook.com\/KuczeraPiotr\/\" rel=\"noopener\">Piotr Kuczera<\/a><span style=\"color: #333333; font-family: 'Open Sans', sans-serif; font-size: 16px;\">.<\/span><\/h3>\n<p>&nbsp;<\/p>\n<\/div>\n<div class=\"module_content\">\n<p><span style=\"color: #000000;\">Tre\u015b\u0107 Diktanda czyta\u0107 b\u0119dzie Marsza\u0142ek Sejmiku \u015al\u0105skiego\u00a0<a style=\"color: #000000;\" href=\"https:\/\/www.facebook.com\/henryk.mercik.oficjalny\/\" rel=\"noopener\">Henryk Mercik<\/a>.<\/span><\/p>\n<p><span style=\"color: #000000;\">Przewodnicz\u0105cym Jury b\u0119dzie dr\u00a0<a style=\"color: #000000;\" href=\"https:\/\/www.facebook.com\/artur.czesak\" rel=\"noopener\">Artur Czesak<\/a>.<\/span><\/p>\n<p><span style=\"color: #000000;\">Tekst diktanda przygotuje\u00a0<a style=\"color: #000000;\" href=\"https:\/\/www.facebook.com\/andrzej.szczeponek\" rel=\"noopener\">Andrzej Szczeponek<\/a>.<\/span><\/p>\n<p><span style=\"color: #000000;\">W trakcie sprawdzania diktanda odb\u0119dzie si\u0119 cz\u0119\u015b\u0107 artystyczna: \u201eZespo\u0142y \u015bpiewacze rybnickich K\u00f3\u0142 Gospody\u0144 Wiejskich&#8221; oraz uczniowie ZSP nr2 z Rudy \u015al\u0105skiej.<\/span><\/p>\n<p><span style=\"color: #000000;\">Do wygrania cenne nagrody ufundowane przez: Europose\u0142\u00a0<a style=\"color: #000000;\" href=\"https:\/\/www.facebook.com\/plura.marek\/\" rel=\"noopener\">Marek Plura<\/a>\u00a0\u2013 wycieczki do Brukseli, firmy:\u00a0<a style=\"color: #000000;\" href=\"https:\/\/www.facebook.com\/lubarrybnik\/\" rel=\"noopener\">LUBAR S.A.<\/a>, MERSPLAST,\u00a0<a style=\"color: #000000;\" href=\"https:\/\/www.facebook.com\/TygielRozmaitosci\/\" rel=\"noopener\">Tygiel Rozmaito\u015bci<\/a>.<\/span><\/p>\n<p><span style=\"color: #000000;\">Patronat medialny:\u00a0<a style=\"color: #000000;\" href=\"https:\/\/www.facebook.com\/NowinyTR\/\" rel=\"noopener\">Nowiny Tygodnik Regionalny<\/a><\/span><\/p>\n<p><span style=\"color: #000000;\">Pisanie V diktanda rozpoczynamy punktualnie o godz. 17.00. Zapisy na miejscu mo\u017cliwe b\u0119d\u0105 od godz. 16.00 do 16:40.<\/span><\/p>\n<\/div>\n<p>&nbsp;<\/p>\n<p><span style=\"color: #000000;\"><strong>Latowe feryje to je fajno rzecz<\/strong>.<\/span><\/p>\n<p><span style=\"color: #000000;\">Hneda <strong>\u00f4<\/strong>ne byd<strong>\u014dm<\/strong>. Jeszcze wiosna na dobre si<strong>e<\/strong> ni<strong>y<\/strong> zaczyno, a my ju\u017c <strong>\u00f4<\/strong> nich my\u015bl<strong>y<\/strong>my. We moju pogoda biere <strong>se<\/strong> to po leku\u015bku wiaterek troszka cieplyjszy, s\u0142<strong>\u014d<\/strong>neczka trocha wiync<strong>yj<\/strong>, a p<strong>rzi<\/strong> takim <strong>hi<\/strong>cu zaczyn<strong>\u014d<\/strong>my sp<strong>\u014d<\/strong>mina\u0107 przesz\u0142e wywczasy. Szta<strong>u<\/strong>nujymy, kaj ty\u017c to lato\u015b pojadymy: eli ku morzu, eli ku g<strong>\u014d<\/strong>r<strong>\u014d<\/strong>m?<\/span><br \/>\n<span style=\"color: #000000;\">A i <strong>\u00f4<\/strong> to, wiela n<strong>\u014d<\/strong>m s\u0142<strong>\u014d<\/strong>nko p<strong>rzi<\/strong>\u015bwiyci, ty\u017c m<strong>\u014d<\/strong>my staro<strong>\u015b<\/strong>. Gr<strong>\u014d<\/strong>nt, co ni<strong>y<\/strong> bydzie pado\u0142 dyszcz. N<strong>\u014d<\/strong> i my\u015b<strong>ly<\/strong>my, wiela wzi<strong>\u014d<\/strong>n<strong>\u015b<\/strong> piniyndzy ze sob<strong>\u014d<\/strong>m? Wszy<strong>jsk<\/strong>i te karty, winiety, krymy na <strong>\u00f4<\/strong>polani, t<strong>\u014d<\/strong>\u017c musz<strong>\u014d<\/strong>m by\u0107. Jeszcze daleko do tego m<strong>\u014d<\/strong>my, a ju\u017c nas biere rajzyfiber. Zamowi<strong>\u014d<\/strong>my t<strong>\u014d<\/strong>ni apartam<strong>y<\/strong>nt, a trocha jedzynio bierymy ze sob<strong>\u014dm<\/strong>, coby te kustowani by\u0142o t<strong>\u014d<\/strong>\u0144sze. Jedni byd<strong>\u014d<\/strong>m po wielkich wiyrchach le\u017ali, a drudzy ku wodzie byd<strong>\u014d<\/strong>m ci\u015bli, coby si<strong>e<\/strong> mocka dych<strong>ny<\/strong>\u0107. We rozwodze m<strong>\u014d<\/strong>my, czym pojadymy: fligrym abo autym? Ko\u017cdy <strong>ink<\/strong>szymu je rod. Autym je d\u0142<strong>\u014d<\/strong>\u017cyj, ale ni<strong>y<\/strong> trzeja sioda\u0107 do tej biksy, co furgo. Ni<strong>y<\/strong>ke<strong>rzi<\/strong> sie tego boj<strong>\u014dm<\/strong>. N<strong>ej<\/strong>wa\u017cniejsze, coby nic w kofrach ni<strong>y<\/strong> brak\u0142o. Prze<strong>cy\u017c<\/strong> wszy<strong>jsk<\/strong>o ze sob<strong>\u014dm<\/strong> muszymy mie\u0107. Jak ju\u017c na plac p<strong>rzi<\/strong>jadymy, t<strong>\u014d<\/strong>\u017c je fajnie. Ni<strong>y<\/strong> star<strong>\u014d<\/strong>my sie ju\u017c <strong>\u00f4<\/strong> rajza, a zarozki idymy na kwartyra. Wyladowujymy te nasze kofry i wszy<strong>jsk<\/strong>i graczki, co ze sob<strong>\u014dm<\/strong> m<strong>\u014d<\/strong>my. N<strong>\u014d<\/strong> i zaroz sie zdo wly\u017a do wody, a potym niy za moc sie <strong>\u00f4<\/strong>poli\u0107, jak s<strong>\u014dm<\/strong> my nad morzym. S<strong>\u014d<\/strong>mech widzio\u0142, jak <strong>cho<\/strong>p szo\u0142 dr<strong>\u014d<\/strong>g<strong>\u014d<\/strong>m, a <strong>\u00f4<\/strong>roz go he<strong>rcsz<\/strong>lag chyc<strong>iy<\/strong>\u0142, dobrze, co choci<strong>o<\/strong>\u017c ta sanitarka ze do<strong>ch<\/strong>torym by\u0142a na czas, bo ju\u017c by p<strong>\u014d<\/strong> nim by\u0142o. A jak s<strong>\u014dm<\/strong> my we g<strong>\u014d<\/strong>rach, to idymy na szpacyr, a potym do restaurac<strong>yj<\/strong>e, a mo\u017cnej ty\u017c na muzyka pofajrowa\u0107. Tak by tak, <strong>trz<\/strong>a <strong>przi<\/strong>p<strong>\u014d<\/strong>mnie\u0107 staro prowda: trza se <strong>go<\/strong>wa <strong>przi<\/strong>kry\u0107 czopk<strong>\u014dm<\/strong>, chustk<strong>\u014dm<\/strong> abo eleganckim <strong>h<\/strong>utym, jak go <strong>ke<\/strong>ry abo <strong>ke<\/strong>ro mo! Na <strong>\u00f4<\/strong>czy <strong>z\u014d<\/strong>nynbryle wsadzi\u0107, a potym si<strong>e<\/strong> dziepiyro po s\u0142<strong>\u014d<\/strong>neczku paradzi\u0107! Tak <strong>trz<\/strong>eja by\u0107 rod tym feryj<strong>\u014dm<\/strong>, a coby by\u0142y jak <strong>ne<\/strong>j<strong>du<\/strong>gsze. <strong>Je<\/strong> potym co sp<strong>\u014d<\/strong>mina\u0107, co robiy\u0142o si<strong>e<\/strong> na wakac<strong>yj<\/strong>ach eli we Egipcie, eli we chorwackim Splicie. To tam <strong>je<\/strong> do zwi<strong>y<\/strong>dzynio pa\u0142ac Dyjokle<strong>cyj\u014d<\/strong>na, n<strong>\u014d<\/strong><\/span><br \/>\n<span style=\"color: #000000;\">i Dubrownik, kaj s<strong>\u014d<\/strong>m jego mury <strong>\u00f4<\/strong>br<strong>\u014d<\/strong>nne i mocka inkszych zabytk\u014dw. A i na naszym \u015al<strong>\u014dn<\/strong>sku <strong>je<\/strong> tela z<strong>\u014d<\/strong>mk<strong>\u014d<\/strong>w i pa\u0142ac<strong>\u014d<\/strong>w do <strong>\u00f4<\/strong>be<strong>zdrz<\/strong>ynio: <strong>\u00f4<\/strong>d Zgorzelca, bez <strong>Strz<\/strong>ybno G<strong>\u014d<\/strong>ra, a\u017ce po Pszczyna.<\/span><\/p>\n<p><span style=\"color: #000000;\">Nale eli dych<strong>\u014d<\/strong>my we Wi\u015ble, eli na Kanarach <strong>trz<\/strong>a dowa\u0107 poz<strong>\u014d<\/strong>r, coby te feryje <strong>niy<\/strong>sko<strong>rzij<\/strong> dobrze sp<strong>\u014d<\/strong>mina\u0107.<\/span><\/p>\n<p>&nbsp;<\/p>\n<div class=\"rl-gallery-container rl-loading\" id=\"rl-gallery-container-1\" data-gallery_id=\"628\"> <div class=\"rl-gallery rl-basicgrid-gallery \" id=\"rl-gallery-1\" data-gallery_no=\"1\"> <div class=\"rl-gallery-item\"><a href=\"https:\/\/www.dursmlodzi.org.pl\/wp-content\/uploads\/2018\/11\/IMG_20180524_154307.jpg\" title=\"\" data-rl_title=\"\" class=\"rl-gallery-link\" data-rl_caption=\"\" data-rel=\"lightbox-gallery-1\"><img loading=\"lazy\" decoding=\"async\" src=\"https:\/\/www.dursmlodzi.org.pl\/wp-content\/uploads\/2018\/11\/IMG_20180524_154307-150x150.jpg\" width=\"150\" height=\"150\" alt=\"\"\/><\/a><\/div><div class=\"rl-gallery-item\"><a href=\"https:\/\/www.dursmlodzi.org.pl\/wp-content\/uploads\/2018\/11\/IMG_20180525_162410.jpg\" title=\"\" data-rl_title=\"\" class=\"rl-gallery-link\" data-rl_caption=\"\" data-rel=\"lightbox-gallery-1\"><img loading=\"lazy\" decoding=\"async\" src=\"https:\/\/www.dursmlodzi.org.pl\/wp-content\/uploads\/2018\/11\/IMG_20180525_162410-150x150.jpg\" width=\"150\" height=\"150\" alt=\"\"\/><\/a><\/div><div class=\"rl-gallery-item\"><a href=\"https:\/\/www.dursmlodzi.org.pl\/wp-content\/uploads\/2018\/11\/IMG_20180525_175859.jpg\" title=\"\" data-rl_title=\"\" class=\"rl-gallery-link\" data-rl_caption=\"\" data-rel=\"lightbox-gallery-1\"><img loading=\"lazy\" decoding=\"async\" src=\"https:\/\/www.dursmlodzi.org.pl\/wp-content\/uploads\/2018\/11\/IMG_20180525_175859-150x150.jpg\" width=\"150\" height=\"150\" alt=\"\"\/><\/a><\/div> <\/div> <\/div>\n","protected":false},"excerpt":{"rendered":"<p>Demokratyczna Unia Regionalist\u00f3w \u015al\u0105skich\u00a0oraz Zesp\u00f3\u0142 Kodyfikacji Godki \u015al\u0105skiej zapraszaj\u0105 na V Diktand Godki \u015al\u014dnskij kt\u00f3ry honorowym patronatem obj\u0105\u0142 po raz kolejny prezydenta miasta Rybnika\u00a0Piotr Kuczera. &nbsp; Tre\u015b\u0107 Diktanda czyta\u0107 b\u0119dzie Marsza\u0142ek Sejmiku \u015al\u0105skiego\u00a0Henryk Mercik. Przewodnicz\u0105cym Jury b\u0119dzie dr\u00a0Artur Czesak. Tekst diktanda przygotuje\u00a0Andrzej Szczeponek. W trakcie sprawdzania diktanda odb\u0119dzie si\u0119 cz\u0119\u015b\u0107 artystyczna: \u201eZespo\u0142y \u015bpiewacze rybnickich K\u00f3\u0142&hellip; <br \/> <a class=\"read-more\" href=\"https:\/\/www.dursmlodzi.org.pl\/?page_id=412\">Dowiedz si\u0119 wi\u0119cej<\/a><\/p>\n","protected":false},"author":1,"featured_media":0,"parent":0,"menu_order":0,"comment_status":"closed","ping_status":"closed","template":"page-templates\/homepage.php","meta":{"footnotes":""},"class_list":["post-412","page","type-page","status-publish","hentry"],"_links":{"self":[{"href":"https:\/\/www.dursmlodzi.org.pl\/index.php?rest_route=\/wp\/v2\/pages\/412","targetHints":{"allow":["GET"]}}],"collection":[{"href":"https:\/\/www.dursmlodzi.org.pl\/index.php?rest_route=\/wp\/v2\/pages"}],"about":[{"href":"https:\/\/www.dursmlodzi.org.pl\/index.php?rest_route=\/wp\/v2\/types\/page"}],"author":[{"embeddable":true,"href":"https:\/\/www.dursmlodzi.org.pl\/index.php?rest_route=\/wp\/v2\/users\/1"}],"replies":[{"embeddable":true,"href":"https:\/\/www.dursmlodzi.org.pl\/index.php?rest_route=%2Fwp%2Fv2%2Fcomments&post=412"}],"version-history":[{"count":6,"href":"https:\/\/www.dursmlodzi.org.pl\/index.php?rest_route=\/wp\/v2\/pages\/412\/revisions"}],"predecessor-version":[{"id":635,"href":"https:\/\/www.dursmlodzi.org.pl\/index.php?rest_route=\/wp\/v2\/pages\/412\/revisions\/635"}],"wp:attachment":[{"href":"https:\/\/www.dursmlodzi.org.pl\/index.php?rest_route=%2Fwp%2Fv2%2Fmedia&parent=412"}],"curies":[{"name":"wp","href":"https:\/\/api.w.org\/{rel}","templated":true}]}}