{"id":445,"date":"2018-11-18T10:18:07","date_gmt":"2018-11-18T10:18:07","guid":{"rendered":"http:\/\/www.dursmlodzi.org.pl\/?page_id=445"},"modified":"2018-11-18T13:02:02","modified_gmt":"2018-11-18T13:02:02","slug":"1-rudzki-diktand-godki-slonskij","status":"publish","type":"page","link":"https:\/\/www.dursmlodzi.org.pl\/?page_id=445","title":{"rendered":"I Diktand Godki \u015al\u014dnskij dla szk\u00f3\u0142 ponadgimnazjalnych  w Rudzie \u015al\u0105skiej"},"content":{"rendered":"<h2 class=\"hero-title\">Piyrszy Rudzki Diktand Godki \u015al\u014dnskij<\/h2>\n<p><span style=\"color: #000000;\">W dniu 6 czerwca 2018 r w Zespole Szk\u00f3\u0142 Og\u00f3lnokszta\u0142c\u0105cych nr 3 im. Jana Paw\u0142a II w Rudzie \u015al\u0105skiej odby\u0142o si\u0119 I Rudzkie Dyktando Godki \u015al\u0105skiej przeznaczone dla uczni\u00f3w rudzkich szk\u00f3\u0142 ponadgimnazjalnych. Dyktando jest fina\u0142em projektu informacyjno-edukacyjnego &#8222;Opowiem Ci o moim \u015al\u0105sku&#8221; realizowanego w roku szkolnym 2017\/2018 przez pi\u0119\u0107 rudzkich szk\u00f3\u0142 ponadgimnazjalnych oraz Demokratyczn\u0105 Uni\u0119 Regionalist\u00f3w \u015al\u0105skich (DUR\u015a).<\/span><\/p>\n<p><span style=\"color: #000000;\">Organizatorami dyktanda by\u0142o stowarzyszenie DUR\u015a, Zesp\u00f3\u0142 Szk\u00f3\u0142 Og\u00f3lnokszta\u0142c\u0105cych nr 3 im. Jana Paw\u0142a II w Rudzie \u015al\u0105skiej oraz Prezydent Miasta Ruda \u015al\u0105ska, kt\u00f3ra obj\u0119\u0142a ca\u0142y projekt patronatem honorowym. Nagrody g\u0142\u00f3wne w postaci wycieczek do Brukseli ufundowa\u0142 europose\u0142 Marek Plura.<\/span><\/p>\n<p><span style=\"color: #000000;\">Na pocz\u0105tku g\u0142os zabra\u0142 dyrektor ZSO nr 3\u00a0 dr Rafa\u0142 Otr\u0119ba, kt\u00f3ry witaj\u0105c go\u015bci powiedzia\u0142\u00a0 \u201dNasz projekt zrodzi\u0142 si\u0119 z wielkiej mi\u0142o\u015bci do \u015al\u0105ska i \u015bl\u0105skiej ziemi&#8230; To mi\u0142o\u015b\u0107 do \u015al\u0105ska przyprowadzi\u0142a do nas przedstawicieli Demokratycznej Unii Regionalist\u00f3w \u015al\u0105skich, kt\u00f3rzy skutecznie zarazili nas i nasz\u0105 m\u0142odzie\u017c \u015bl\u0105sk\u0105 godk\u0105\u00a0 i \u015bl\u0105skim pisaniem. To samo zami\u0142owanie do \u015al\u0105ska sprawi\u0142o, \u017ce pani Prezydent Miasta Ruda \u015al\u0105ska obj\u0119\u0142a projekt patronatem honorowym a europose\u0142 Marek Plura ufundowa\u0142 dla naszych zwyci\u0119zc\u00f3w dyktanda nagrody w postaci wyjazd\u00f3w zagranicznych&#8230;\u201d<\/span><\/p>\n<p><span style=\"color: #000000;\">Przedstawicielem europos\u0142a by\u0142a asystent biura poselskiego pani Ilona Raczy\u0144ska-Ciszak.<\/span><\/p>\n<p><span style=\"color: #000000;\">Po cz\u0119\u015bci artystycznej w wykonaniu uczni\u00f3w ZSO nr 3 pod kierunkiem pani Anny Rzepki, zosta\u0142o odczytane dyktando, napisane przez Alojzego Zimo\u0144czyka\u00a0 przy wsp\u00f3\u0142pracy dr Artura Czesaka, Stanis\u0142awa Neblika i J\u00f3zefa Porwo\u0142a.<\/span><\/p>\n<p><span style=\"color: #000000;\">Dyktando odczyta\u0142 Alojzy Zimo\u0144czyk.<\/span><\/p>\n<p>&nbsp;<\/p>\n<p><span style=\"color: #000000;\">W dyktandzie wzi\u0119\u0142o udzia\u0142 50 uczni\u00f3w z nast\u0119puj\u0105cych szk\u00f3\u0142: ZSO nr 3, ZSP nr 2, ZSO nr 1, ZSP nr 1, ZSP nr 5.<\/span><\/p>\n<p><span style=\"color: #000000;\">W trakcie sprawdzania prac ZSP nr 2 wyst\u0105pi\u0142o z jednoakt\u00f3wk\u0105 pt. &#8222;Wojna z Turkami\u201d autorstwa Lidii Michalskiej.<\/span><\/p>\n<p>&nbsp;<\/p>\n<p><span style=\"color: #000000;\">Prace uczni\u00f3w ocenia\u0142o jury w sk\u0142adzie:<\/span><\/p>\n<p><span style=\"color: #000000;\">\u00a0\u00a0\u00a0\u00a0\u00a0\u00a0\u00a0\u00a0\u00a0\u00a0\u00a0 Przewodnicz\u0105cy Alojzy Zimo\u0144czyk<\/span><\/p>\n<ul>\n<li><strong><span style=\"color: #000000;\">Anna Rzepka<\/span><\/strong><\/li>\n<li><strong><span style=\"color: #000000;\">Hanna Chodun<\/span><\/strong><\/li>\n<li><strong><span style=\"color: #000000;\">Irena Rydzek<\/span><\/strong><\/li>\n<li><strong><span style=\"color: #000000;\">Danuta Orenowicz<\/span><\/strong><\/li>\n<li><strong><span style=\"color: #000000;\">Micha\u0142 Hanus<\/span><\/strong><\/li>\n<\/ul>\n<p><span style=\"color: #000000;\">Poszczeg\u00f3lne miejsca zaj\u0119li:<\/span><\/p>\n<ol>\n<li><strong><span style=\"color: #000000;\">Damian Ciecierski<\/span><\/strong><\/li>\n<li><strong><span style=\"color: #000000;\">Paulina Klyszcz<\/span><\/strong><\/li>\n<li><strong><span style=\"color: #000000;\">Marta Lisowska<\/span><\/strong><\/li>\n<li><strong><span style=\"color: #000000;\">Magdalena Jarczyk<\/span><\/strong><\/li>\n<li><strong><span style=\"color: #000000;\">Justyna Walenciak<\/span><\/strong><\/li>\n<li><strong><span style=\"color: #000000;\">Natalia Darda<\/span><\/strong><\/li>\n<li><strong><span style=\"color: #000000;\">Kamil Jaworek<\/span><\/strong><\/li>\n<li><strong><span style=\"color: #000000;\">Kamila Brzezina<\/span><\/strong><\/li>\n<li><strong><span style=\"color: #000000;\">Wiktoria \u015aliwa<\/span><\/strong><\/li>\n<li><strong><span style=\"color: #000000;\">Dominika Grychnik<\/span><\/strong><\/li>\n<\/ol>\n<p><span style=\"color: #000000;\">Pierwsza dziesi\u0105tka otrzyma\u0142a nagrody rzeczowe od Prezydenta Miasta Ruda \u015al\u0105ska wraz z dyplomami, za\u015b zwyci\u0119zcy 3 pierwszych miejsc otrzymali statuetki ufundowane przez Prezydenta Miasta, dyplomy kt\u00f3re wr\u0119czali dyrektor ZSO nr 3 dr Rafa\u0142 Otr\u0119ba, prezes DUR\u015a J\u00f3zef Porwo\u0142 oraz Anna Rzepka prowadz\u0105ca projekt z ZSO nr 3 w Koch\u0142owicach. Nagrody g\u0142\u00f3wne od\u00a0 europos\u0142a Marka Pluty w postaci wycieczek do Brukseli, wr\u0119czy\u0142a Ilona Raczy\u0144ska-Ciszak asystent europos\u0142a.<\/span><\/p>\n<p><span style=\"color: #000000;\">Z inicjatywy Demokratycznej Unii Regionalist\u00f3w \u015al\u0105skich dniu 6 czerwca 2018 roku w Zespole Szk\u00f3\u0142 Og\u00f3lnokszta\u0142c\u0105cych nr 3 im. Jana Paw\u0142a II w Rudzie \u015al\u0105skiej o godzinie 10.00, odb\u0119dzie si\u0119 I Rudzkie Dyktando Godki \u015al\u0105skiej przeznaczone dla uczni\u00f3w rudzkich szk\u00f3\u0142 ponadgimnazjalnych .<\/span><\/p>\n<p><span style=\"color: #000000;\">Jest to pierwsze takie dyktando nie tylko w Rudzie \u015al\u0105skiej ale w og\u00f3le na G\u00f3rnym \u015al\u0105sku.<\/span><\/p>\n<p><span style=\"color: #000000;\">Dyktando jest fina\u0142em projektu informacyjno-edukacyjnego &#8222;Opowiem Ci o moim \u015al\u0105sku&#8221; realizowanego w roku szkolnym 2017\/2018 przez pi\u0119\u0107 rudzkich szk\u00f3\u0142 ponadgimnazjalnych . Celem projektu by\u0142o promowanie kultury, tradycji i historii \u015al\u0105ska, budowanie mody na \u015al\u0105sk,\u00a0 jak r\u00f3wnie\u017c zapoznanie m\u0142odzie\u017cy z zasadami \u015bl\u0105skiej pisowni. W ramach projektu uczniowie mieli okazj\u0119 spotka\u0107 si\u0119 z \u015bwiatowej s\u0142awy tenorem Sylwestrem Targosz- Szalonkiem, fotografem m\u0142odego pokolenia \u0141ukaszem Kohutem oraz ekspertem DUR\u015a ds. edukacji Alojzym Zimo\u0144czykiem .<\/span><\/p>\n<p><span style=\"color: #000000;\">Organizatorami dyktanda jest DUR\u015a, Zesp\u00f3\u0142 Szk\u00f3\u0142 Og\u00f3lnokszta\u0142c\u0105cych nr 3 im. Jana Paw\u0142a II w Rudzie \u015al\u0105skiej oraz Prezydent Miasta Ruda \u015al\u0105ska, kt\u00f3ra obj\u0119\u0142a ca\u0142y projekt patronatem honorowym. <\/span><\/p>\n<p><span style=\"color: #000000;\">Uczniowie bior\u0105cy udzia\u0142 w dyktandzie b\u0119d\u0105 rywalizowa\u0107 o puchar Prezydenta Miasta Ruda \u015al\u0105ska oraz o cenne nagrody (zdobywcy pierwszego, drugiego i trzeciego miejsca wywalcz\u0105 wyjazd wraz z opiekunem do Brukseli ufundowany\u00a0 przez europos\u0142a Marka Plur\u0119)<\/span><\/p>\n<p><span style=\"color: #000000;\">Projekt nie jest jednorazow\u0105 akcj\u0105, w kolejnych latach planujemy kontynuacj\u0119 dzia\u0142a\u0144 . Wierzymy, \u017ce ta forma edukacji regionalnej zach\u0119ci nasz\u0105 m\u0142odzie\u017c do wsp\u00f3\u0142pracy na r\u00f3\u017cnych p\u0142aszczyznach, a szko\u0142y kt\u00f3re dot\u0105d nie odwa\u017cy\u0142y si\u0119 wzi\u0105\u0107 udzia\u0142u w projekcie do\u0142\u0105cz\u0105 do nas w kolejnych latach.<\/span><\/p>\n<p>&nbsp;<\/p>\n<h3 class=\"headInModule\"><span style=\"color: #000000;\">I Rudzkie Diktand 2018 \u2013 tre\u015b\u0107<\/span><\/h3>\n<p><span style=\"color: #000000;\"><strong>Modym pod rozwoga.<\/strong><\/span><\/p>\n<p><span style=\"color: #000000;\">Ju\u017c m\u014dmy pocz\u014dntek czyrwnia. Jak rz\u014dndz\u014dm take jak jo pynzyj\u014dnisty, je to nojpiykniejszy miesi\u014dnc. Zimie t\u014d\u017c starzi niy s\u014dm radzi, bo dy\u0107 to je sztyjc zima, ko\u015bci bol\u014dm i trza sie fest rubo \u00f4blyka\u0107. Wiosna ju\u017c przesz\u0142a, da\u0142o sie jako\u015b z cha\u0142py wyly\u017a. Yntlich prziszo\u0142 moj i zacz\u014dn sie czyrwiy\u0144. Ciep\u0142o, dziy\u0144 ju\u017c je dugszy, ptoszki przilecia\u0142y a maj\u014dm sie fest ku sia i snosz\u014dm patyki a trowa do gniozd\u014dw.<\/span><\/p>\n<p><span style=\"color: #000000;\">N\u014d t\u014d\u017c my starziki ty\u017c wyle\u017ali na dw\u014dr. Zesz\u0142o sobota po \u00f4biedzie siodech sie w laubie i czek\u014dm na kamrat\u014dw. Bez sztwier\u0107 godziny siedzieli my ju\u017c we sztyrech, n\u014d t\u014d\u017c bydzie szpil. Ju\u017cech<\/span><br \/>\n<span style=\"color: #000000;\">w duchu s\u0142yszo\u0142 \u201e<em>Jo mio\u0142 grana bez dw\u014dch,\u00a0 a potym za\u015b grina ajnfach i \u017cech sznajder wygro\u0142, chocio\u017c dali mi k\u014dntra.<\/em>\u201d Nale kata\u0107 tam, niy miny\u0142o pora minut, a ju\u017c wszyjscy \u00f4 polityce rz\u014dndziyli, same wyzgerne politykery. Sztyrech nos by\u0142o, ale we niczym niy poradziyli my sie dogoda\u0107. Jak Richu\u015b pi\u014dnty roz porzad spyto\u0142 sie, jak bydymy welowa\u0107, \u00f4twarech d\u017awiyrze dokorz\u014dnt i pedzio\u0142, \u017ce jak chc\u014dm, to mog\u014dm jeszcze kogo z dr\u014dgi zawo\u0142a\u0107 i dyszkutyrowa\u0107 choby do rana, ale jo m\u014dm ju\u017c do\u015b i ida na zegr\u014ddka.<\/span><\/p>\n<p><span style=\"color: #000000;\">\u00d4roz na placu s\u014dmsiadka przisz\u0142a sie spyta\u0107, co m\u014dm we laubie, bo je tam take larmo, i\u017ce ludzie na dr\u014ddze stowaj\u014dm. Sp\u014dmnio\u0142ech sie \u00f4 kamratach, kerzi dalij bawiyli sie w polityker\u014dw. Pryndzyj chyba bydymy mie\u0107 nowego prezidynta, jak \u00f4ni sie dogodaj\u014dm. Jedzine, w czym sie zgodzali, co do wel\u014dnku i\u015b trza. Na szczyn\u015bci Hilda z naprociwka zawo\u0142a\u0142a swojigo na waczyna i poma\u0142u przihaltowali.<\/span><\/p>\n<p><span style=\"color: #000000;\">My\u015blo\u0142ech, co styknie tego politykerowanio, ale kaj tam!<\/span><br \/>\n<span style=\"color: #000000;\">We wiecz\u014dr za\u015b przilecio\u0142 Richu\u015b i klupo\u0142, a\u017cech mu \u00f4twar. Ju\u017c we d\u017awiyrzach spyto\u0142ech sie go yno \u00f4 jedna sprawa. Czy te kandidaty wiedz\u014dm, co we kraju, kerym chc\u014dm reskyrowa\u0107, s\u014dm ty\u017c \u015al\u014dnzoki? Halt\u0142o go i w k\u014d\u0144cu pedzio\u0142: n\u014d, m\u014dgliby, \u00f4bejrzimy co z nami bydzie dalij. A mie sie zdo, co ju\u017c m\u014dm te lata, i\u017ce barzi rod m\u014dm zegr\u014ddka \u00f4d polityki a szkata.<\/span><\/p>\n<p>&nbsp;<\/p>\n<div class=\"rl-gallery-container rl-loading\" id=\"rl-gallery-container-1\" data-gallery_id=\"449\"> <div class=\"rl-gallery rl-basicgrid-gallery \" id=\"rl-gallery-1\" data-gallery_no=\"1\"> <div class=\"rl-gallery-item\"><a href=\"https:\/\/www.dursmlodzi.org.pl\/wp-content\/uploads\/2018\/11\/Dik1.jpg\" title=\"\" data-rl_title=\"\" class=\"rl-gallery-link\" data-rl_caption=\"\" data-rel=\"lightbox-gallery-1\"><img loading=\"lazy\" decoding=\"async\" src=\"https:\/\/www.dursmlodzi.org.pl\/wp-content\/uploads\/2018\/11\/Dik1-150x150.jpg\" width=\"150\" height=\"150\" alt=\"\"\/><\/a><\/div><div class=\"rl-gallery-item\"><a href=\"https:\/\/www.dursmlodzi.org.pl\/wp-content\/uploads\/2018\/11\/Dik3.jpg\" title=\"\" data-rl_title=\"\" class=\"rl-gallery-link\" data-rl_caption=\"\" data-rel=\"lightbox-gallery-1\"><img loading=\"lazy\" decoding=\"async\" src=\"https:\/\/www.dursmlodzi.org.pl\/wp-content\/uploads\/2018\/11\/Dik3-150x150.jpg\" width=\"150\" height=\"150\" alt=\"\"\/><\/a><\/div><div class=\"rl-gallery-item\"><a href=\"https:\/\/www.dursmlodzi.org.pl\/wp-content\/uploads\/2018\/11\/DIK5-1.jpg\" title=\"\" data-rl_title=\"\" class=\"rl-gallery-link\" data-rl_caption=\"\" data-rel=\"lightbox-gallery-1\"><img loading=\"lazy\" decoding=\"async\" src=\"https:\/\/www.dursmlodzi.org.pl\/wp-content\/uploads\/2018\/11\/DIK5-1-150x150.jpg\" width=\"150\" height=\"150\" alt=\"\"\/><\/a><\/div><div class=\"rl-gallery-item\"><a href=\"https:\/\/www.dursmlodzi.org.pl\/wp-content\/uploads\/2018\/11\/DIK7.jpg\" title=\"\" data-rl_title=\"\" class=\"rl-gallery-link\" data-rl_caption=\"\" data-rel=\"lightbox-gallery-1\"><img loading=\"lazy\" decoding=\"async\" src=\"https:\/\/www.dursmlodzi.org.pl\/wp-content\/uploads\/2018\/11\/DIK7-150x150.jpg\" width=\"150\" height=\"150\" alt=\"\"\/><\/a><\/div><div class=\"rl-gallery-item\"><a href=\"https:\/\/www.dursmlodzi.org.pl\/wp-content\/uploads\/2018\/11\/DIK12.jpg\" title=\"\" data-rl_title=\"\" class=\"rl-gallery-link\" data-rl_caption=\"\" data-rel=\"lightbox-gallery-1\"><img loading=\"lazy\" decoding=\"async\" src=\"https:\/\/www.dursmlodzi.org.pl\/wp-content\/uploads\/2018\/11\/DIK12-150x150.jpg\" width=\"150\" height=\"150\" alt=\"\"\/><\/a><\/div><div class=\"rl-gallery-item\"><a href=\"https:\/\/www.dursmlodzi.org.pl\/wp-content\/uploads\/2018\/11\/DIKTAND.jpg\" title=\"\" data-rl_title=\"\" class=\"rl-gallery-link\" data-rl_caption=\"\" data-rel=\"lightbox-gallery-1\"><img loading=\"lazy\" decoding=\"async\" src=\"https:\/\/www.dursmlodzi.org.pl\/wp-content\/uploads\/2018\/11\/DIKTAND-150x150.jpg\" width=\"150\" height=\"150\" alt=\"\"\/><\/a><\/div> <\/div> <\/div>\n","protected":false},"excerpt":{"rendered":"<p>Piyrszy Rudzki Diktand Godki \u015al\u014dnskij W dniu 6 czerwca 2018 r w Zespole Szk\u00f3\u0142 Og\u00f3lnokszta\u0142c\u0105cych nr 3 im. Jana Paw\u0142a II w Rudzie \u015al\u0105skiej odby\u0142o si\u0119 I Rudzkie Dyktando Godki \u015al\u0105skiej przeznaczone dla uczni\u00f3w rudzkich szk\u00f3\u0142 ponadgimnazjalnych. Dyktando jest fina\u0142em projektu informacyjno-edukacyjnego &#8222;Opowiem Ci o moim \u015al\u0105sku&#8221; realizowanego w roku szkolnym 2017\/2018 przez pi\u0119\u0107 rudzkich&hellip; <br \/> <a class=\"read-more\" href=\"https:\/\/www.dursmlodzi.org.pl\/?page_id=445\">Dowiedz si\u0119 wi\u0119cej<\/a><\/p>\n","protected":false},"author":1,"featured_media":446,"parent":0,"menu_order":0,"comment_status":"closed","ping_status":"closed","template":"page-templates\/homepage.php","meta":{"footnotes":""},"class_list":["post-445","page","type-page","status-publish","has-post-thumbnail","hentry"],"_links":{"self":[{"href":"https:\/\/www.dursmlodzi.org.pl\/index.php?rest_route=\/wp\/v2\/pages\/445","targetHints":{"allow":["GET"]}}],"collection":[{"href":"https:\/\/www.dursmlodzi.org.pl\/index.php?rest_route=\/wp\/v2\/pages"}],"about":[{"href":"https:\/\/www.dursmlodzi.org.pl\/index.php?rest_route=\/wp\/v2\/types\/page"}],"author":[{"embeddable":true,"href":"https:\/\/www.dursmlodzi.org.pl\/index.php?rest_route=\/wp\/v2\/users\/1"}],"replies":[{"embeddable":true,"href":"https:\/\/www.dursmlodzi.org.pl\/index.php?rest_route=%2Fwp%2Fv2%2Fcomments&post=445"}],"version-history":[{"count":7,"href":"https:\/\/www.dursmlodzi.org.pl\/index.php?rest_route=\/wp\/v2\/pages\/445\/revisions"}],"predecessor-version":[{"id":473,"href":"https:\/\/www.dursmlodzi.org.pl\/index.php?rest_route=\/wp\/v2\/pages\/445\/revisions\/473"}],"wp:featuredmedia":[{"embeddable":true,"href":"https:\/\/www.dursmlodzi.org.pl\/index.php?rest_route=\/wp\/v2\/media\/446"}],"wp:attachment":[{"href":"https:\/\/www.dursmlodzi.org.pl\/index.php?rest_route=%2Fwp%2Fv2%2Fmedia&parent=445"}],"curies":[{"name":"wp","href":"https:\/\/api.w.org\/{rel}","templated":true}]}}