{"id":45,"date":"2018-10-13T20:54:47","date_gmt":"2018-10-13T20:54:47","guid":{"rendered":"http:\/\/www.dursmlodzi.org.pl\/?page_id=45"},"modified":"2019-03-14T19:49:57","modified_gmt":"2019-03-14T19:49:57","slug":"kontakt","status":"publish","type":"page","link":"https:\/\/www.dursmlodzi.org.pl\/?page_id=45","title":{"rendered":"Kontakt"},"content":{"rendered":"<h1 class=\"bg_title\">Kontakt<\/h1>\n<div><\/div>\n<div class=\"bg_subtitle\">\n<header class=\"main_header\">\n<div><\/div>\n<div class=\"header_wrapper clear\">\n<div class=\"clear\"><span style=\"color: #3c424f; font-family: Muli, sans-serif; font-size: 1.5rem; font-weight: 600;\">Zawsze jeste\u015bmy gotowi do rozmowy<\/span><\/div>\n<\/div>\n<\/header>\n<div class=\"site_wrapper horizontal\">\n<div class=\"wrapper\">\n<div class=\"container\">\n<div class=\"row no-sidebar\">\n<div class=\"main_container\">\n<div class=\"fl-container span12\">\n<div class=\"row\">\n<div class=\"posts-block span12\">\n<div class=\"contentarea\">\n<div class=\"row\">\n<div class=\"span12 first-module module_number_1 module_cont center_title module_title\">\n<div class=\"bg_subtitle\">\n<p class=\"subheadInModule\">Zapraszamy do kontaktu i zadawania pyta\u0144. Masz pomys\u0142? Napisz do nas.<\/p>\n<\/div>\n<\/div>\n<\/div>\n<\/div>\n<div class=\"bg_title\"><\/div>\n<div class=\"contentarea\">\n<div class=\"row\">\n<div class=\"span9 module_number_2 module_cont center_title module_text_area\">\n<div class=\"module_content\">\n<div id=\"wpcf7-f729-p826-o5\" class=\"wpcf7\" dir=\"ltr\" lang=\"pl-PL\" role=\"form\">\n<form class=\"wpcf7-form\" action=\"http:\/\/web.archive.org\/web\/20161227072801\/http:\/\/www.dursmlodzi.org\/kontakt\/#wpcf7-f729-p826-o5\" method=\"post\" novalidate=\"novalidate\">&nbsp;<\/p>\n\n<div class=\"wpcf7 no-js\" id=\"wpcf7-f230-o1\" lang=\"pl-PL\" dir=\"ltr\" data-wpcf7-id=\"230\">\n<div class=\"screen-reader-response\"><p role=\"status\" aria-live=\"polite\" aria-atomic=\"true\"><\/p> <ul><\/ul><\/div>\n<form action=\"\/index.php?rest_route=%2Fwp%2Fv2%2Fpages%2F45#wpcf7-f230-o1\" method=\"post\" class=\"wpcf7-form init\" aria-label=\"Formularz kontaktowy\" novalidate=\"novalidate\" data-status=\"init\">\n<div style=\"display: none;\">\n<input type=\"hidden\" name=\"_wpcf7\" value=\"230\" \/>\n<input type=\"hidden\" name=\"_wpcf7_version\" value=\"6.0.5\" \/>\n<input type=\"hidden\" name=\"_wpcf7_locale\" value=\"pl_PL\" \/>\n<input type=\"hidden\" name=\"_wpcf7_unit_tag\" value=\"wpcf7-f230-o1\" \/>\n<input type=\"hidden\" name=\"_wpcf7_container_post\" value=\"0\" \/>\n<input type=\"hidden\" name=\"_wpcf7_posted_data_hash\" value=\"\" \/>\n<\/div>\n<p><label> Imi\u0119 i nazwisko (wymagane)<br \/>\n<span class=\"wpcf7-form-control-wrap\" data-name=\"your-name\"><input size=\"40\" maxlength=\"400\" class=\"wpcf7-form-control wpcf7-text wpcf7-validates-as-required\" aria-required=\"true\" aria-invalid=\"false\" value=\"\" type=\"text\" name=\"your-name\" \/><\/span> <\/label>\n<\/p>\n<p><label> Adres email (wymagane)<br \/>\n<span class=\"wpcf7-form-control-wrap\" data-name=\"your-email\"><input size=\"40\" maxlength=\"400\" class=\"wpcf7-form-control wpcf7-email wpcf7-validates-as-required wpcf7-text wpcf7-validates-as-email\" aria-required=\"true\" aria-invalid=\"false\" value=\"\" type=\"email\" name=\"your-email\" \/><\/span> <\/label>\n<\/p>\n<p><label> Temat<br \/>\n<span class=\"wpcf7-form-control-wrap\" data-name=\"your-subject\"><input size=\"40\" maxlength=\"400\" class=\"wpcf7-form-control wpcf7-text\" aria-invalid=\"false\" value=\"\" type=\"text\" name=\"your-subject\" \/><\/span> <\/label>\n<\/p>\n<p><label> Tre\u015b\u0107 wiadomo\u015bci<br \/>\n<span class=\"wpcf7-form-control-wrap\" data-name=\"your-message\"><textarea cols=\"40\" rows=\"10\" maxlength=\"2000\" class=\"wpcf7-form-control wpcf7-textarea\" aria-invalid=\"false\" name=\"your-message\"><\/textarea><\/span> <\/label>\n<\/p>\n<p><input class=\"wpcf7-form-control wpcf7-submit has-spinner\" type=\"submit\" value=\"Wy\u015blij\" \/>\n<\/p><div class=\"wpcf7-response-output\" aria-hidden=\"true\"><\/div>\n<\/form>\n<\/div>\n\n<h4><strong>PREZES STOWARZYSZENIA<\/strong><\/h4>\n<p>J\u00f3zef Porwo\u0142<\/p>\n<p>Telefon: +48 507 064 749<\/p>\n<p>Adres: 44-273 Rybnik, ul. Ustronna 26<\/p>\n<p>E-mail:\u00a0<a href=\"mailto:j.porwol@dursmlodzi.org.pl\">j.porwol@dursmlodzi.org.pl<\/a><\/p>\n<\/form>\n<\/div>\n<\/div>\n<\/div>\n<div class=\"span3 module_number_3 module_cont center_title module_text_area\">\n<div class=\"module_content\">\n<h3><\/h3>\n<h3>Sekretarz DUR\u015a<\/h3>\n<p>Gra\u017cyna Jarz\u0105bek<\/p>\n<p>Telefon: +48 784097606<\/p>\n<p>E-mail:\u00a0<a href=\"mailto:r.rzepka@dursmlodzi.org.pl\">grazka505@op.pl<\/a><\/p>\n<p><span style=\"color: #3c424f; font-size: 1.1rem; font-weight: 600; letter-spacing: 0.0625rem;\">Stowarzyszenie Demokratyczna Unia Regionalist\u00f3w \u015al\u0105skich \u201eDUR\u015a\u201d<\/span><\/p>\n<\/div>\n<\/div>\n<\/div>\n<\/div>\n<div class=\"contentarea\">\n<div class=\"row\">\n<div class=\"span3 module_number_3 module_cont center_title module_text_area\">\n<div class=\"module_content\">\n<div class=\"footer_widget_wrapper\">\n<div class=\"container\">\n<div class=\"row\">\n<div class=\"footer_sidebar_item_wrapper col_2\">\n<div class=\"sidepanel widget_text\">\n<div class=\"textwidget\">zarejestrowane w S\u0105dzie Rejonowym w Gliwicach, X Wydzia\u0142 Gospodarczy Krajowego Rejestru S\u0105dowego<br \/>\nadres: 44-273 Rybnik, ul. Ustronna 26, www.dursmlodzi.org.pl<br \/>\nKRS: 0000573047 | REGON: 36238997700000 | NIP: 6423191447<\/div>\n<\/div>\n<\/div>\n<\/div>\n<\/div>\n<\/div>\n<\/div>\n<\/div>\n<\/div>\n<\/div>\n<\/div>\n<\/div>\n<\/div>\n<\/div>\n<\/div>\n<\/div>\n<\/div>\n<\/div>\n<\/div>\n<p>&nbsp;<\/p>\n","protected":false},"excerpt":{"rendered":"<p>Kontakt Zawsze jeste\u015bmy gotowi do rozmowy Zapraszamy do kontaktu i zadawania pyta\u0144. Masz pomys\u0142? Napisz do nas. &nbsp; PREZES STOWARZYSZENIA J\u00f3zef Porwo\u0142 Telefon: +48 507 064 749 Adres: 44-273 Rybnik, ul. Ustronna 26 E-mail:\u00a0j.porwol@dursmlodzi.org.pl Sekretarz DUR\u015a Gra\u017cyna Jarz\u0105bek Telefon: +48 784097606 E-mail:\u00a0grazka505@op.pl Stowarzyszenie Demokratyczna Unia Regionalist\u00f3w \u015al\u0105skich \u201eDUR\u015a\u201d zarejestrowane w S\u0105dzie Rejonowym w Gliwicach, X&hellip; <br \/> <a class=\"read-more\" href=\"https:\/\/www.dursmlodzi.org.pl\/?page_id=45\">Dowiedz si\u0119 wi\u0119cej<\/a><\/p>\n","protected":false},"author":1,"featured_media":0,"parent":0,"menu_order":0,"comment_status":"closed","ping_status":"closed","template":"page-templates\/homepage.php","meta":{"footnotes":""},"class_list":["post-45","page","type-page","status-publish","hentry"],"_links":{"self":[{"href":"https:\/\/www.dursmlodzi.org.pl\/index.php?rest_route=\/wp\/v2\/pages\/45","targetHints":{"allow":["GET"]}}],"collection":[{"href":"https:\/\/www.dursmlodzi.org.pl\/index.php?rest_route=\/wp\/v2\/pages"}],"about":[{"href":"https:\/\/www.dursmlodzi.org.pl\/index.php?rest_route=\/wp\/v2\/types\/page"}],"author":[{"embeddable":true,"href":"https:\/\/www.dursmlodzi.org.pl\/index.php?rest_route=\/wp\/v2\/users\/1"}],"replies":[{"embeddable":true,"href":"https:\/\/www.dursmlodzi.org.pl\/index.php?rest_route=%2Fwp%2Fv2%2Fcomments&post=45"}],"version-history":[{"count":13,"href":"https:\/\/www.dursmlodzi.org.pl\/index.php?rest_route=\/wp\/v2\/pages\/45\/revisions"}],"predecessor-version":[{"id":801,"href":"https:\/\/www.dursmlodzi.org.pl\/index.php?rest_route=\/wp\/v2\/pages\/45\/revisions\/801"}],"wp:attachment":[{"href":"https:\/\/www.dursmlodzi.org.pl\/index.php?rest_route=%2Fwp%2Fv2%2Fmedia&parent=45"}],"curies":[{"name":"wp","href":"https:\/\/api.w.org\/{rel}","templated":true}]}}