{"id":464,"date":"2018-11-18T10:36:52","date_gmt":"2018-11-18T10:36:52","guid":{"rendered":"http:\/\/www.dursmlodzi.org.pl\/?page_id=464"},"modified":"2018-11-18T13:11:03","modified_gmt":"2018-11-18T13:11:03","slug":"i-rybnickie-diktand-godki-slonskijdla-uczniow-szkol-podstawowych","status":"publish","type":"page","link":"https:\/\/www.dursmlodzi.org.pl\/?page_id=464","title":{"rendered":"I Rybnicki Diktand Godki \u015al\u014dnskij dla uczni\u00f3w szk\u00f3\u0142 podstawowych"},"content":{"rendered":"<h1>I Rybnicki Diktand Godki \u015al\u014dnskij dla<br \/>\nuczni\u00f3w szk\u00f3\u0142 podstawowych<\/h1>\n<p>&nbsp;<\/p>\n<p><span style=\"color: #000000;\"><a style=\"color: #000000;\" href=\"http:\/\/www.dursmlodzi.org.pl\/wp-content\/uploads\/2018\/11\/1_dyktando_dla_dzieci-1170x500.jpg\" data-rel=\"lightbox-image-0\" data-rl_title=\"\" data-rl_caption=\"\" title=\"\"><img loading=\"lazy\" decoding=\"async\" class=\"alignnone size-full wp-image-463\" src=\"http:\/\/www.dursmlodzi.org.pl\/wp-content\/uploads\/2018\/11\/1_dyktando_dla_dzieci-1170x500.jpg\" alt=\"\" width=\"1170\" height=\"500\" srcset=\"https:\/\/www.dursmlodzi.org.pl\/wp-content\/uploads\/2018\/11\/1_dyktando_dla_dzieci-1170x500.jpg 1170w, https:\/\/www.dursmlodzi.org.pl\/wp-content\/uploads\/2018\/11\/1_dyktando_dla_dzieci-1170x500-300x128.jpg 300w, https:\/\/www.dursmlodzi.org.pl\/wp-content\/uploads\/2018\/11\/1_dyktando_dla_dzieci-1170x500-768x328.jpg 768w, https:\/\/www.dursmlodzi.org.pl\/wp-content\/uploads\/2018\/11\/1_dyktando_dla_dzieci-1170x500-1024x438.jpg 1024w\" sizes=\"auto, (max-width: 1170px) 100vw, 1170px\" \/><\/a><\/span><\/p>\n<p><span style=\"color: #000000;\">Wczoraj, 19 maja odby\u0142 si\u0119 fina\u0142 \u201eI Rybnickiego dyktanda po \u015bl\u0105sku dla uczni\u00f3w szk\u00f3\u0142 podstawowych\u201d w rybnickim Gimnazjum nr 7 w Rybniku-Boguszowicach.<\/span><\/p>\n<p><span style=\"color: #000000;\">Z my\u015bl\u0105 o dzieciach m\u00f3wi\u0105cych po \u015bl\u0105sku i poszerzaj\u0105cych wiedz\u0119 o swoim regionie na lekcjach edukacji regionalnej organizowane by\u0142o pod honorowym patronatem Prezydenta Miasta Rybnika \u201eI Rybnickie Dyktando po \u015bl\u0105sku\u201d. Udzia\u0142 uczni\u00f3w w tym dyktandzie by\u0142 dobrowolny, a opr\u00f3cz walor\u00f3w edukacyjnych jest te\u017c przyk\u0142adem dobrej \u201ezabawy z j\u0119zykiem \u015bl\u0105skim\u201d jako form\u0105 ochrony i przeciwdzia\u0142ania jego zanikowi. W dyktandzie mogli wzi\u0105\u0107 udzia\u0142 uczniowie szk\u00f3\u0142 z Rybnika, \u015awierklan, Jejkowic oraz go\u015bcinnie z Mys\u0142owic. Eliminacje szkolne przeprowadzili nauczyciele edukacji regionalnej, w formie dyktanda i kilku pyta\u0144 do tre\u015bci tego\u017c dyktanda.<\/span><\/p>\n<p><span style=\"color: #000000;\">Finali\u015bci tegorocznego fina\u0142u:<\/span><\/p>\n<p><span style=\"color: #000000;\"><strong>1. miejsce<\/strong><\/span><br \/>\n<span style=\"color: #000000;\"><strong>Wiktoria \u015awierczewska<\/strong>\u00a0ze Szko\u0142y Podstawowej nr 29 w Zespole Szkolno-Przedszkolnym nr 4 w Rybniku-Golejowie, opieka p.\u00a0<strong>Janina Rojczyk<\/strong>.<\/span><\/p>\n<p><span style=\"color: #000000;\"><strong>2. miejsce<br \/>\n<\/strong><\/span><span style=\"color: #000000;\"><strong>Matylda Florys<\/strong>\u00a0ze Szko\u0142y Podstawowej nr 28 w Rybniku-Kamieniu, opieka p.\u00a0<strong>Kornelia Maroszek<\/strong>.<\/span><\/p>\n<p><span style=\"color: #000000;\"><strong>3. miejsce<\/strong><\/span><br \/>\n<span style=\"color: #000000;\"><strong>Pawe\u0142 Skorupa<\/strong>\u00a0ze Szko\u0142y Podstawowej nr 2 w \u015awierklanach, opieka p.\u00a0<strong>Mariusz Pomyko\u0142<\/strong>.<\/span><\/p>\n","protected":false},"excerpt":{"rendered":"<p>I Rybnicki Diktand Godki \u015al\u014dnskij dla uczni\u00f3w szk\u00f3\u0142 podstawowych &nbsp; Wczoraj, 19 maja odby\u0142 si\u0119 fina\u0142 \u201eI Rybnickiego dyktanda po \u015bl\u0105sku dla uczni\u00f3w szk\u00f3\u0142 podstawowych\u201d w rybnickim Gimnazjum nr 7 w Rybniku-Boguszowicach. Z my\u015bl\u0105 o dzieciach m\u00f3wi\u0105cych po \u015bl\u0105sku i poszerzaj\u0105cych wiedz\u0119 o swoim regionie na lekcjach edukacji regionalnej organizowane by\u0142o pod honorowym patronatem Prezydenta&hellip; <br \/> <a class=\"read-more\" href=\"https:\/\/www.dursmlodzi.org.pl\/?page_id=464\">Dowiedz si\u0119 wi\u0119cej<\/a><\/p>\n","protected":false},"author":1,"featured_media":463,"parent":0,"menu_order":0,"comment_status":"closed","ping_status":"closed","template":"page-templates\/homepage.php","meta":{"footnotes":""},"class_list":["post-464","page","type-page","status-publish","has-post-thumbnail","hentry"],"_links":{"self":[{"href":"https:\/\/www.dursmlodzi.org.pl\/index.php?rest_route=\/wp\/v2\/pages\/464","targetHints":{"allow":["GET"]}}],"collection":[{"href":"https:\/\/www.dursmlodzi.org.pl\/index.php?rest_route=\/wp\/v2\/pages"}],"about":[{"href":"https:\/\/www.dursmlodzi.org.pl\/index.php?rest_route=\/wp\/v2\/types\/page"}],"author":[{"embeddable":true,"href":"https:\/\/www.dursmlodzi.org.pl\/index.php?rest_route=\/wp\/v2\/users\/1"}],"replies":[{"embeddable":true,"href":"https:\/\/www.dursmlodzi.org.pl\/index.php?rest_route=%2Fwp%2Fv2%2Fcomments&post=464"}],"version-history":[{"count":6,"href":"https:\/\/www.dursmlodzi.org.pl\/index.php?rest_route=\/wp\/v2\/pages\/464\/revisions"}],"predecessor-version":[{"id":475,"href":"https:\/\/www.dursmlodzi.org.pl\/index.php?rest_route=\/wp\/v2\/pages\/464\/revisions\/475"}],"wp:featuredmedia":[{"embeddable":true,"href":"https:\/\/www.dursmlodzi.org.pl\/index.php?rest_route=\/wp\/v2\/media\/463"}],"wp:attachment":[{"href":"https:\/\/www.dursmlodzi.org.pl\/index.php?rest_route=%2Fwp%2Fv2%2Fmedia&parent=464"}],"curies":[{"name":"wp","href":"https:\/\/api.w.org\/{rel}","templated":true}]}}