{"id":706,"date":"2019-01-05T11:27:28","date_gmt":"2019-01-05T11:27:28","guid":{"rendered":"http:\/\/www.dursmlodzi.org.pl\/?page_id=706"},"modified":"2019-01-05T11:32:26","modified_gmt":"2019-01-05T11:32:26","slug":"internecowy-online-dykcjonorz-godki-slonskij","status":"publish","type":"page","link":"https:\/\/www.dursmlodzi.org.pl\/?page_id=706","title":{"rendered":"Internecowy \u00f4nline Dykcj\u014dnorz Godki \u015al\u014dnskij"},"content":{"rendered":"<p><a href=\"http:\/\/dykcjonorz.eu\/\"><img loading=\"lazy\" decoding=\"async\" class=\"aligncenter wp-image-708 size-large\" src=\"http:\/\/www.dursmlodzi.org.pl\/wp-content\/uploads\/2019\/01\/dykcjonorz-1024x576.jpg\" alt=\"\" width=\"1024\" height=\"576\" srcset=\"https:\/\/www.dursmlodzi.org.pl\/wp-content\/uploads\/2019\/01\/dykcjonorz-1024x576.jpg 1024w, https:\/\/www.dursmlodzi.org.pl\/wp-content\/uploads\/2019\/01\/dykcjonorz-300x169.jpg 300w, https:\/\/www.dursmlodzi.org.pl\/wp-content\/uploads\/2019\/01\/dykcjonorz-768x432.jpg 768w, https:\/\/www.dursmlodzi.org.pl\/wp-content\/uploads\/2019\/01\/dykcjonorz.jpg 1153w\" sizes=\"auto, (max-width: 1024px) 100vw, 1024px\" \/><\/a><\/p>\n<h4><a title=\"Kliknij, aby otworzy\u0107 w nowym oknie lub zak\u0142adce http:\/\/dykcjonorz.eu\/\" href=\"http:\/\/dykcjonorz.eu\/\">dykcjonorz.eu<\/a> &#8211;<span style=\"color: #000000;\">\u00a0Internecowy \u00f4nline Dykcj\u014dnorz Godki \u015al\u014dnskij. S\u0142ownik, kaj idzie w ko\u017cdej chwili poszuka\u0107 \u015bl\u014dnskigo s\u0142owa,<br \/>\na podziwa\u0107 sie, jako sie te s\u0142owo \u00f4dmiynio po \u015bl\u014dnsku, a jako idzie go wrazi\u0107 do zdanio.<\/span><\/h4>\n","protected":false},"excerpt":{"rendered":"<p>dykcjonorz.eu &#8211;\u00a0Internecowy \u00f4nline Dykcj\u014dnorz Godki \u015al\u014dnskij. S\u0142ownik, kaj idzie w ko\u017cdej chwili poszuka\u0107 \u015bl\u014dnskigo s\u0142owa, a podziwa\u0107 sie, jako sie te s\u0142owo \u00f4dmiynio po \u015bl\u014dnsku, a jako idzie go wrazi\u0107 do zdanio.<\/p>\n","protected":false},"author":1,"featured_media":0,"parent":144,"menu_order":0,"comment_status":"closed","ping_status":"closed","template":"page-templates\/homepage.php","meta":{"footnotes":""},"class_list":["post-706","page","type-page","status-publish","hentry"],"_links":{"self":[{"href":"https:\/\/www.dursmlodzi.org.pl\/index.php?rest_route=\/wp\/v2\/pages\/706","targetHints":{"allow":["GET"]}}],"collection":[{"href":"https:\/\/www.dursmlodzi.org.pl\/index.php?rest_route=\/wp\/v2\/pages"}],"about":[{"href":"https:\/\/www.dursmlodzi.org.pl\/index.php?rest_route=\/wp\/v2\/types\/page"}],"author":[{"embeddable":true,"href":"https:\/\/www.dursmlodzi.org.pl\/index.php?rest_route=\/wp\/v2\/users\/1"}],"replies":[{"embeddable":true,"href":"https:\/\/www.dursmlodzi.org.pl\/index.php?rest_route=%2Fwp%2Fv2%2Fcomments&post=706"}],"version-history":[{"count":4,"href":"https:\/\/www.dursmlodzi.org.pl\/index.php?rest_route=\/wp\/v2\/pages\/706\/revisions"}],"predecessor-version":[{"id":713,"href":"https:\/\/www.dursmlodzi.org.pl\/index.php?rest_route=\/wp\/v2\/pages\/706\/revisions\/713"}],"up":[{"embeddable":true,"href":"https:\/\/www.dursmlodzi.org.pl\/index.php?rest_route=\/wp\/v2\/pages\/144"}],"wp:attachment":[{"href":"https:\/\/www.dursmlodzi.org.pl\/index.php?rest_route=%2Fwp%2Fv2%2Fmedia&parent=706"}],"curies":[{"name":"wp","href":"https:\/\/api.w.org\/{rel}","templated":true}]}}